{"id":64671,"date":"2022-09-27T16:05:46","date_gmt":"2022-09-27T15:05:46","guid":{"rendered":"https:\/\/theinvisiblecollection.com\/?post_type=product&#038;p=64671"},"modified":"2026-05-01T07:39:27","modified_gmt":"2026-05-01T07:39:27","slug":"pinto-paris-canape-ipanema","status":"publish","type":"product","link":"https:\/\/theinvisiblecollection.com\/fr\/produit\/pinto-paris-canape-ipanema\/","title":{"rendered":"Canap\u00e9 Ipanema"},"content":{"rendered":"<p style=\"text-align: justify;\">V\u00e9ritable plage de confort et de d\u00e9contraction le canap\u00e9 Ipanema joue de la d\u00e9mesure. La profondeur de son assise invite \u00e0 s\u2019alanguir dans la douceur du daim, dont la chaleureuse teinte camel, s\u2019associe au miel du ch\u00eane massif vernis naturel du pi\u00e8tement, anim\u00e9 par les lignes horizontales de cocoshell.<\/p>\n","protected":false},"excerpt":{"rendered":"<p>Structure en h\u00eatre et pi\u00e8tement en ch\u00eane massif, insert en cocoshell<br \/>\n1 coussin d&#8217;assise, 3 coussins de dossier et 3 coussins de jet\u00e9<br \/>\nMod\u00e8le pr\u00e9sent\u00e9 tapiss\u00e9 en velours sur-mesure<\/p>\n<p>L 225 x l 107 x H 80 cm<br \/>\nHauteur d&#8217;assise : 37 cm<\/p>\n<p>Fabriqu\u00e9 \u00e0 la main en France<br \/>\nD\u00e9lais de fabrication : 10 \u2013 12 semaines<\/p>\n<p class=\"p1\"><span style=\"text-decoration: underline;\"><span class=\"s1\"><a href=\"https:\/\/www.theinvisiblecollection.com\/fr\/demande-de-devis\/?product_id=64671\">Contactez-nous pour toute demande de devis ou de renseignements<\/a><\/span><\/span><\/p>\n","protected":false},"featured_media":5395389,"template":"","meta":{"_acf_changed":false,"content-type":"","_themeisle_gutenberg_block_has_review":false},"product_brand":[],"product_cat":[8976,12499],"product_tag":[14925,7435,8944,8993,10255,12072,12279],"product_designer":[12292],"comfabric":[28998],"manufacturer":[37047],"reporting_designer":[37188],"samplecomfabric":[30938],"designer_clubroom":[],"class_list":{"0":"post-64671","1":"product","2":"type-product","3":"status-publish","4":"has-post-thumbnail","6":"product_cat-canapes","7":"product_cat-assises","8":"product_tag-hpfav-fr","9":"product_tag-new-in-fr","10":"product_tag-canape","11":"product_tag-salon","12":"product_tag-salon-fr-4","13":"product_tag-pinto-paris-fr","14":"product_tag-fauteuil-fr-3","15":"pa_size-large-fr-2","16":"pa_size-moyen","17":"product_designer-pinto-fr","18":"comfabric-pinto-fr","19":"manufacturer-pinto-esi-louvres-fr","20":"reporting_designer-pinto","21":"samplecomfabric-pinto-fr","23":"first","24":"instock","25":"taxable","26":"shipping-taxable","27":"purchasable","28":"product-type-variable"},"acf":[],"_links":{"self":[{"href":"https:\/\/theinvisiblecollection.com\/fr\/wp-json\/wp\/v2\/product\/64671","targetHints":{"allow":["GET"]}}],"collection":[{"href":"https:\/\/theinvisiblecollection.com\/fr\/wp-json\/wp\/v2\/product"}],"about":[{"href":"https:\/\/theinvisiblecollection.com\/fr\/wp-json\/wp\/v2\/types\/product"}],"wp:featuredmedia":[{"embeddable":true,"href":"https:\/\/theinvisiblecollection.com\/fr\/wp-json\/wp\/v2\/media\/5395389"}],"wp:attachment":[{"href":"https:\/\/theinvisiblecollection.com\/fr\/wp-json\/wp\/v2\/media?parent=64671"}],"wp:term":[{"taxonomy":"product_brand","embeddable":true,"href":"https:\/\/theinvisiblecollection.com\/fr\/wp-json\/wp\/v2\/product_brand?post=64671"},{"taxonomy":"product_cat","embeddable":true,"href":"https:\/\/theinvisiblecollection.com\/fr\/wp-json\/wp\/v2\/product_cat?post=64671"},{"taxonomy":"product_tag","embeddable":true,"href":"https:\/\/theinvisiblecollection.com\/fr\/wp-json\/wp\/v2\/product_tag?post=64671"},{"taxonomy":"product_designer","embeddable":true,"href":"https:\/\/theinvisiblecollection.com\/fr\/wp-json\/wp\/v2\/product_designer?post=64671"},{"taxonomy":"comfabric","embeddable":true,"href":"https:\/\/theinvisiblecollection.com\/fr\/wp-json\/wp\/v2\/comfabric?post=64671"},{"taxonomy":"manufacturer","embeddable":true,"href":"https:\/\/theinvisiblecollection.com\/fr\/wp-json\/wp\/v2\/manufacturer?post=64671"},{"taxonomy":"reporting_designer","embeddable":true,"href":"https:\/\/theinvisiblecollection.com\/fr\/wp-json\/wp\/v2\/reporting_designer?post=64671"},{"taxonomy":"samplecomfabric","embeddable":true,"href":"https:\/\/theinvisiblecollection.com\/fr\/wp-json\/wp\/v2\/samplecomfabric?post=64671"},{"taxonomy":"clubroom_product_designer","embeddable":true,"href":"https:\/\/theinvisiblecollection.com\/fr\/wp-json\/wp\/v2\/designer_clubroom?post=64671"}],"curies":[{"name":"wp","href":"https:\/\/api.w.org\/{rel}","templated":true}]}}