{"id":65010,"date":"2020-12-10T13:01:55","date_gmt":"2020-12-10T12:01:55","guid":{"rendered":"https:\/\/theinvisiblecollection.com\/?post_type=product&#038;p=65010"},"modified":"2026-05-01T07:39:24","modified_gmt":"2026-05-01T07:39:24","slug":"korner-interiors-table-eclipse-duo-petite","status":"publish","type":"product","link":"https:\/\/theinvisiblecollection.com\/fr\/produit\/korner-interiors-table-eclipse-duo-petite\/","title":{"rendered":"Table Eclipse Duo Petite"},"content":{"rendered":"<p style=\"text-align: justify;\">Inspir\u00e9 par les diff\u00e9rentes phases d&#8217;une \u00e9clipse solaire, le plateau de la table, moul\u00e9 \u00e0 la main de forme elliptique avec des couleurs kaleidoscopiques est fabriqu\u00e9 \u00e0 partir de s\u00e9l\u00e9nite et un aspect proche du marbre. Le pied en forme quadrilobe sont en ch\u00eane europ\u00e9en s\u00e9ch\u00e9 dans un four, sabl\u00e9 puis cir\u00e9.<\/p>\n","protected":false},"excerpt":{"rendered":"<p style=\"text-align: justify;\">Le plateau constitu\u00e9 de deux formes sph\u00e9riques entrela\u00e7\u00e9es est moul\u00e9 \u00e0 la main dans une s\u00e9l\u00e9nite aux couleurs satur\u00e9es avec un aspect proche du marbre. Le pied quatrilobe est en ch\u00eane europ\u00e9en, sabl\u00e9 puis cir\u00e9.<\/p>\n<p>Couleurs disponibles : Spark, Rush, Surge, Blaze, Zoom, Whistle, Glint, Bolt<br \/>\n<span style=\"text-decoration: underline;\"><a href=\"https:\/\/theinvisiblecollection.com\/wp-content\/uploads\/2021\/04\/TheInvisibleCollection_EclipseLowTableDouble_Colourways.pdf\">D\u00e9couvrez la s\u00e9lection de coloris ici<\/a><\/span><\/p>\n<p><strong>\u00a0<\/strong>L 175 x W 85 x H 75 cm<\/p>\n<p>Fabriqu\u00e9e \u00e0 la main au Royaume-Uni<br \/>\nD\u00e9lais de fabrication : 16 semaines<\/p>\n<p class=\"p1\"><span style=\"text-decoration: underline;\"><span class=\"s1\"><a href=\"https:\/\/www.theinvisiblecollection.com\/fr\/demande-de-devis\/?product_id=65010\">Contactez-nous pour toute demande de devis ou de renseignements<\/a><\/span><\/span><\/p>\n","protected":false},"featured_media":65225,"template":"","meta":{"_acf_changed":false,"content-type":"","_themeisle_gutenberg_block_has_review":false},"product_brand":[],"product_cat":[8977,12503],"product_tag":[31476,31477],"product_designer":[12048],"comfabric":[],"manufacturer":[22718],"reporting_designer":[37236],"samplecomfabric":[],"designer_clubroom":[],"class_list":{"0":"post-65010","1":"product","2":"type-product","3":"status-publish","4":"has-post-thumbnail","6":"product_cat-tables-salle-a-manger","7":"product_cat-tables-fr","8":"product_tag-st-collectible-fr","9":"product_tag-st-curvy-fr","10":"product_designer-korner-interiors-fr","11":"manufacturer-krner-wimbledon-fr","12":"reporting_designer-korner-interiors","14":"first","15":"instock","16":"taxable","17":"shipping-taxable","18":"purchasable","19":"product-type-variable"},"acf":[],"_links":{"self":[{"href":"https:\/\/theinvisiblecollection.com\/fr\/wp-json\/wp\/v2\/product\/65010","targetHints":{"allow":["GET"]}}],"collection":[{"href":"https:\/\/theinvisiblecollection.com\/fr\/wp-json\/wp\/v2\/product"}],"about":[{"href":"https:\/\/theinvisiblecollection.com\/fr\/wp-json\/wp\/v2\/types\/product"}],"wp:featuredmedia":[{"embeddable":true,"href":"https:\/\/theinvisiblecollection.com\/fr\/wp-json\/wp\/v2\/media\/65225"}],"wp:attachment":[{"href":"https:\/\/theinvisiblecollection.com\/fr\/wp-json\/wp\/v2\/media?parent=65010"}],"wp:term":[{"taxonomy":"product_brand","embeddable":true,"href":"https:\/\/theinvisiblecollection.com\/fr\/wp-json\/wp\/v2\/product_brand?post=65010"},{"taxonomy":"product_cat","embeddable":true,"href":"https:\/\/theinvisiblecollection.com\/fr\/wp-json\/wp\/v2\/product_cat?post=65010"},{"taxonomy":"product_tag","embeddable":true,"href":"https:\/\/theinvisiblecollection.com\/fr\/wp-json\/wp\/v2\/product_tag?post=65010"},{"taxonomy":"product_designer","embeddable":true,"href":"https:\/\/theinvisiblecollection.com\/fr\/wp-json\/wp\/v2\/product_designer?post=65010"},{"taxonomy":"comfabric","embeddable":true,"href":"https:\/\/theinvisiblecollection.com\/fr\/wp-json\/wp\/v2\/comfabric?post=65010"},{"taxonomy":"manufacturer","embeddable":true,"href":"https:\/\/theinvisiblecollection.com\/fr\/wp-json\/wp\/v2\/manufacturer?post=65010"},{"taxonomy":"reporting_designer","embeddable":true,"href":"https:\/\/theinvisiblecollection.com\/fr\/wp-json\/wp\/v2\/reporting_designer?post=65010"},{"taxonomy":"samplecomfabric","embeddable":true,"href":"https:\/\/theinvisiblecollection.com\/fr\/wp-json\/wp\/v2\/samplecomfabric?post=65010"},{"taxonomy":"clubroom_product_designer","embeddable":true,"href":"https:\/\/theinvisiblecollection.com\/fr\/wp-json\/wp\/v2\/designer_clubroom?post=65010"}],"curies":[{"name":"wp","href":"https:\/\/api.w.org\/{rel}","templated":true}]}}