{"id":66034,"date":"2023-01-31T11:51:12","date_gmt":"2023-01-31T10:51:12","guid":{"rendered":"https:\/\/theinvisiblecollection.com\/?post_type=product&#038;p=66034"},"modified":"2026-05-01T07:39:24","modified_gmt":"2026-05-01T07:39:24","slug":"pinto-paris-gueridon-scottie-ecaille-de-tortue","status":"publish","type":"product","link":"https:\/\/theinvisiblecollection.com\/fr\/produit\/pinto-paris-gueridon-scottie-ecaille-de-tortue\/","title":{"rendered":"Gu\u00e9ridon Scottie \u00e9caille de Tortue"},"content":{"rendered":"<p style=\"text-align: justify;\">Originellement inspir\u00e9 du tumbler \u00e0 whisky et r\u00e9alis\u00e9 en r\u00e9sine \u00e9co-sourc\u00e9e, le gu\u00e9ridon Scottie se d\u00e9cline maintenant en trois nuances de bleu et deux nuances ambr\u00e9es.<\/p>\n","protected":false},"excerpt":{"rendered":"<p>Gu\u00e9ridon en r\u00e9sine<span class=\"Apple-converted-space\">\u00a0<\/span>\u00e9co-sourc\u00e9e couleur ambre ou fa\u00e7on \u00e9caille de tortue<\/p>\n<p>\u00d8 38 x H 46 cm<\/p>\n<p>Fabriqu\u00e9 \u00e0 la main en France<br \/>\nD\u00e9lais de fabrication : 10 \u2013 12 semaines<\/p>\n<p class=\"p1\"><span style=\"text-decoration: underline;\"><span class=\"s1\"><a href=\"https:\/\/www.theinvisiblecollection.com\/fr\/demande-de-devis\/?product_id=66034\" target=\"_blank\" rel=\"noopener\">Contactez-nous pour toute demande de devis ou de renseignements<\/a><\/span><\/span><\/p>\n","protected":false},"featured_media":67092,"template":"","meta":{"_acf_changed":false,"content-type":"","_themeisle_gutenberg_block_has_review":false},"product_brand":[],"product_cat":[8969,12332,12499,12503,12514],"product_tag":[8855,8993,9059,9275,10140,10255,12072,14925,31477],"product_designer":[12292],"comfabric":[],"manufacturer":[23025,37047],"reporting_designer":[37187],"samplecomfabric":[],"designer_clubroom":[],"class_list":{"0":"post-66034","1":"product","2":"type-product","3":"status-publish","4":"has-post-thumbnail","6":"product_cat-ottomans-tabourets","7":"product_cat-tables-dappoint","8":"product_cat-assises","9":"product_cat-tables-fr","10":"product_cat-tables-de-chevet","11":"product_tag-table-fr-3","12":"product_tag-salon","13":"product_tag-gueridon-fr-2","14":"product_tag-tabouret-fr-2","15":"product_tag-mobilier-exterieur-fr","16":"product_tag-salon-fr-4","17":"product_tag-pinto-paris-fr","18":"product_tag-hpfav-fr","19":"product_tag-st-curvy-fr","20":"product_designer-pinto-fr","21":"manufacturer-sg-ateliers-fr","22":"manufacturer-pinto-esi-louvres-fr","23":"reporting_designer-pinto","25":"first","26":"instock","27":"taxable","28":"shipping-taxable","29":"purchasable","30":"product-type-variable"},"acf":[],"_links":{"self":[{"href":"https:\/\/theinvisiblecollection.com\/fr\/wp-json\/wp\/v2\/product\/66034","targetHints":{"allow":["GET"]}}],"collection":[{"href":"https:\/\/theinvisiblecollection.com\/fr\/wp-json\/wp\/v2\/product"}],"about":[{"href":"https:\/\/theinvisiblecollection.com\/fr\/wp-json\/wp\/v2\/types\/product"}],"wp:featuredmedia":[{"embeddable":true,"href":"https:\/\/theinvisiblecollection.com\/fr\/wp-json\/wp\/v2\/media\/67092"}],"wp:attachment":[{"href":"https:\/\/theinvisiblecollection.com\/fr\/wp-json\/wp\/v2\/media?parent=66034"}],"wp:term":[{"taxonomy":"product_brand","embeddable":true,"href":"https:\/\/theinvisiblecollection.com\/fr\/wp-json\/wp\/v2\/product_brand?post=66034"},{"taxonomy":"product_cat","embeddable":true,"href":"https:\/\/theinvisiblecollection.com\/fr\/wp-json\/wp\/v2\/product_cat?post=66034"},{"taxonomy":"product_tag","embeddable":true,"href":"https:\/\/theinvisiblecollection.com\/fr\/wp-json\/wp\/v2\/product_tag?post=66034"},{"taxonomy":"product_designer","embeddable":true,"href":"https:\/\/theinvisiblecollection.com\/fr\/wp-json\/wp\/v2\/product_designer?post=66034"},{"taxonomy":"comfabric","embeddable":true,"href":"https:\/\/theinvisiblecollection.com\/fr\/wp-json\/wp\/v2\/comfabric?post=66034"},{"taxonomy":"manufacturer","embeddable":true,"href":"https:\/\/theinvisiblecollection.com\/fr\/wp-json\/wp\/v2\/manufacturer?post=66034"},{"taxonomy":"reporting_designer","embeddable":true,"href":"https:\/\/theinvisiblecollection.com\/fr\/wp-json\/wp\/v2\/reporting_designer?post=66034"},{"taxonomy":"samplecomfabric","embeddable":true,"href":"https:\/\/theinvisiblecollection.com\/fr\/wp-json\/wp\/v2\/samplecomfabric?post=66034"},{"taxonomy":"clubroom_product_designer","embeddable":true,"href":"https:\/\/theinvisiblecollection.com\/fr\/wp-json\/wp\/v2\/designer_clubroom?post=66034"}],"curies":[{"name":"wp","href":"https:\/\/api.w.org\/{rel}","templated":true}]}}