{"id":664018,"date":"2022-09-23T09:20:25","date_gmt":"2022-09-23T08:20:25","guid":{"rendered":"https:\/\/theinvisiblecollection.com\/?post_type=product&#038;p=664018"},"modified":"2026-05-01T07:38:39","modified_gmt":"2026-05-01T07:38:39","slug":"vandra-rugs-lars-nilsson-tapis-argile-herbe","status":"publish","type":"product","link":"https:\/\/theinvisiblecollection.com\/fr\/produit\/vandra-rugs-lars-nilsson-tapis-argile-herbe\/","title":{"rendered":"Tapis Clay &#038; Grass"},"content":{"rendered":"<p style=\"text-align: justify;\"><span class=\"TextRun SCXW97014170 BCX0\" lang=\"FR-FR\" xml:lang=\"FR-FR\" data-contrast=\"auto\"><span class=\"NormalTextRun SCXW97014170 BCX0\">Le tapis Clay &amp; Grass de <\/span><span class=\"NormalTextRun SpellingErrorV2Themed SCXW97014170 BCX0\">Vandra<\/span> <span class=\"NormalTextRun SpellingErrorV2Themed SCXW97014170 BCX0\">Rugs<\/span><span class=\"NormalTextRun SCXW97014170 BCX0\"> s&#8217;inspire du travail de Lars Nilsson dans le domaine de la c\u00e9ramique et des jeux d&#8217;oppositions entre les tonalit\u00e9s terreuses de l&#8217;argile et les images bucolique de d\u00e9but du printemps. Le tapis est r\u00e9alis\u00e9 en fil de laine avec des rayures fines de couleur mousse et argile sur une base \u00e9crue. Des <\/span><span class=\"NormalTextRun SpellingErrorV2Themed SCXW97014170 BCX0\">incurs<\/span><span class=\"NormalTextRun SpellingErrorV2Themed SCXW97014170 BCX0\">tat<\/span><span class=\"NormalTextRun SpellingErrorV2Themed SCXW97014170 BCX0\">ions<\/span><span class=\"NormalTextRun SCXW97014170 BCX0\"> de <\/span><span class=\"NormalTextRun SpellingErrorV2Themed SCXW97014170 BCX0\">shirling<\/span><span class=\"NormalTextRun SCXW97014170 BCX0\"> et un soup\u00e7on de lurex rappellent l&#8217;exp\u00e9rience de Lars dans le domaine de la mode.\u00a0 <\/span><\/span><span class=\"EOP SCXW97014170 BCX0\" data-ccp-props=\"{&quot;201341983&quot;:0,&quot;335559740&quot;:259}\">\u00a0<\/span><\/p>\n","protected":false},"excerpt":{"rendered":"<p>Vandra Rugs x Lars Nilsson<br \/>\nTapis tiss\u00e9 \u00e0 la main en fil de laine avec des d\u00e9tails en fourrure de mouton et en lurex sur une cha\u00eene en lin naturel<br \/>\nRev\u00eatement antid\u00e9rapant inclus<br \/>\nDimensions et couleurs sur-mesure sur demande<\/p>\n<p>190 x 240 cm<\/p>\n<p>Tiss\u00e9 \u00e0 la main en Europe<br \/>\nD\u00e9lais de fabrication : 14 semaines<\/p>\n<p><span style=\"text-decoration: underline;\"><a href=\"https:\/\/www.theinvisiblecollection.com\/fr\/demande-de-devis\/?product_id=664018\">Contactez-nous pour toute demande de devis ou d&#8217;\u00e9chantillons<\/a><\/span><\/p>\n","protected":false},"featured_media":664061,"template":"","meta":{"_acf_changed":false,"content-type":"","_themeisle_gutenberg_block_has_review":false},"product_brand":[],"product_cat":[12540,17999],"product_tag":[7435,35206,35326],"product_designer":[17811,19108],"comfabric":[],"manufacturer":[19110],"reporting_designer":[37624],"samplecomfabric":[],"designer_clubroom":[],"class_list":{"0":"post-664018","1":"product","2":"type-product","3":"status-publish","4":"has-post-thumbnail","6":"product_cat-tapis-fr","7":"product_cat-tisses-a-la-main","8":"product_tag-new-in-fr","9":"product_tag-exclusive-fr","10":"product_tag-st-scandinavian-fr","11":"pa_size-dimensions-standards","12":"pa_size-dimensions-sur-mesure-fr","13":"product_designer-lars-nilsson-fr","14":"product_designer-vandra-rugs-fr","15":"manufacturer-sinclair-till-warehouse-fr","16":"reporting_designer-lars-nilsson","17":"exhibitions-londres-fr","19":"first","20":"instock","21":"taxable","22":"shipping-taxable","23":"purchasable","24":"product-type-variable"},"acf":[],"_links":{"self":[{"href":"https:\/\/theinvisiblecollection.com\/fr\/wp-json\/wp\/v2\/product\/664018","targetHints":{"allow":["GET"]}}],"collection":[{"href":"https:\/\/theinvisiblecollection.com\/fr\/wp-json\/wp\/v2\/product"}],"about":[{"href":"https:\/\/theinvisiblecollection.com\/fr\/wp-json\/wp\/v2\/types\/product"}],"wp:featuredmedia":[{"embeddable":true,"href":"https:\/\/theinvisiblecollection.com\/fr\/wp-json\/wp\/v2\/media\/664061"}],"wp:attachment":[{"href":"https:\/\/theinvisiblecollection.com\/fr\/wp-json\/wp\/v2\/media?parent=664018"}],"wp:term":[{"taxonomy":"product_brand","embeddable":true,"href":"https:\/\/theinvisiblecollection.com\/fr\/wp-json\/wp\/v2\/product_brand?post=664018"},{"taxonomy":"product_cat","embeddable":true,"href":"https:\/\/theinvisiblecollection.com\/fr\/wp-json\/wp\/v2\/product_cat?post=664018"},{"taxonomy":"product_tag","embeddable":true,"href":"https:\/\/theinvisiblecollection.com\/fr\/wp-json\/wp\/v2\/product_tag?post=664018"},{"taxonomy":"product_designer","embeddable":true,"href":"https:\/\/theinvisiblecollection.com\/fr\/wp-json\/wp\/v2\/product_designer?post=664018"},{"taxonomy":"comfabric","embeddable":true,"href":"https:\/\/theinvisiblecollection.com\/fr\/wp-json\/wp\/v2\/comfabric?post=664018"},{"taxonomy":"manufacturer","embeddable":true,"href":"https:\/\/theinvisiblecollection.com\/fr\/wp-json\/wp\/v2\/manufacturer?post=664018"},{"taxonomy":"reporting_designer","embeddable":true,"href":"https:\/\/theinvisiblecollection.com\/fr\/wp-json\/wp\/v2\/reporting_designer?post=664018"},{"taxonomy":"samplecomfabric","embeddable":true,"href":"https:\/\/theinvisiblecollection.com\/fr\/wp-json\/wp\/v2\/samplecomfabric?post=664018"},{"taxonomy":"clubroom_product_designer","embeddable":true,"href":"https:\/\/theinvisiblecollection.com\/fr\/wp-json\/wp\/v2\/designer_clubroom?post=664018"}],"curies":[{"name":"wp","href":"https:\/\/api.w.org\/{rel}","templated":true}]}}