{"id":66422,"date":"2021-03-19T13:24:34","date_gmt":"2021-03-19T12:24:34","guid":{"rendered":"https:\/\/theinvisiblecollection.com\/?post_type=product&#038;p=66422"},"modified":"2026-05-08T04:40:37","modified_gmt":"2026-05-08T04:40:37","slug":"pinto-paris-cabinet-titan","status":"publish","type":"product","link":"https:\/\/theinvisiblecollection.com\/fr\/produit\/pinto-paris-cabinet-titan\/","title":{"rendered":"Cabinet Titan"},"content":{"rendered":"<p style=\"text-align: justify;\">Titan est un colosse d\u2019\u00e9b\u00e9nisterie.\u00a0 De forme imposante, il pr\u00e9sente deux superbes portes en marqueterie de paille. Un dessin de rubans entrelac\u00e9s joue subtilement dans la lumi\u00e8re. Des pieds et des prises de main en bronze sont les embl\u00e8mes sculpt\u00e9s de quelque entit\u00e9 royale oubli\u00e9e. Le cabinet \u00e0 corps de ch\u00eane cendr\u00e9 et \u00e0 portes de paille sombre s\u2019ouvre sur un bar lumineux et miroitant. Le cabinet \u00e0 corps de ch\u00eane \u00e9bonis\u00e9 et \u00e0 portes de paille blonde, con\u00e7u comme un meuble TV, est un secr\u00e9taire de laque ivoire \u00e0 mille possibilit\u00e9s, laissant libre court aux d\u00e9sirs les plus exigeants.<\/p>\n","protected":false},"excerpt":{"rendered":"<p>Corps ch\u00eane, marqueterie de paille, pied et prise de main en bronze, laque ivoire &amp; miroirs biseaut\u00e9s<br \/>\nFinition ch\u00eane cendr\u00e9 paille brune ou ch\u00eane \u00e9bonise, paille claire<br \/>\nExiste en version bar ou secr\u00e9taire \/ meuble TV<\/p>\n<p>L 34.5 x l 40 x H 49.5 cm<\/p>\n<p>Fabriqu\u00e9 \u00e0 la main en France<br \/>\nD\u00e9lais de fabrication : 10 \u2013 12 semaines<\/p>\n<p class=\"p1\"><span style=\"text-decoration: underline;\"><span class=\"s1\"><a href=\"https:\/\/www.theinvisiblecollection.com\/fr\/demande-de-devis\/?product_id=66049\">Contactez-nous pour toute demande de devis ou de renseignements<\/a><\/span><\/span><\/p>\n","protected":false},"featured_media":67167,"template":"","meta":{"_acf_changed":false,"content-type":"","_themeisle_gutenberg_block_has_review":false},"product_brand":[],"product_cat":[8957,12505,12526],"product_tag":[8993,9423,9456,10255,10904,12072],"product_designer":[12292],"comfabric":[],"manufacturer":[37047],"reporting_designer":[37187],"samplecomfabric":[],"designer_clubroom":[],"class_list":{"0":"post-66422","1":"product","2":"type-product","3":"status-publish","4":"has-post-thumbnail","6":"product_cat-commodes","7":"product_cat-rangements","8":"product_cat-bars-et-cabinets","9":"product_tag-salon","10":"product_tag-storage","11":"product_tag-cabinet","12":"product_tag-salon-fr-4","13":"product_tag-bar-fr","14":"product_tag-pinto-paris-fr","15":"product_designer-pinto-fr","16":"manufacturer-pinto-esi-louvres-fr","17":"reporting_designer-pinto","19":"first","20":"instock","21":"taxable","22":"shipping-taxable","23":"purchasable","24":"product-type-variable"},"acf":[],"_links":{"self":[{"href":"https:\/\/theinvisiblecollection.com\/fr\/wp-json\/wp\/v2\/product\/66422","targetHints":{"allow":["GET"]}}],"collection":[{"href":"https:\/\/theinvisiblecollection.com\/fr\/wp-json\/wp\/v2\/product"}],"about":[{"href":"https:\/\/theinvisiblecollection.com\/fr\/wp-json\/wp\/v2\/types\/product"}],"wp:featuredmedia":[{"embeddable":true,"href":"https:\/\/theinvisiblecollection.com\/fr\/wp-json\/wp\/v2\/media\/67167"}],"wp:attachment":[{"href":"https:\/\/theinvisiblecollection.com\/fr\/wp-json\/wp\/v2\/media?parent=66422"}],"wp:term":[{"taxonomy":"product_brand","embeddable":true,"href":"https:\/\/theinvisiblecollection.com\/fr\/wp-json\/wp\/v2\/product_brand?post=66422"},{"taxonomy":"product_cat","embeddable":true,"href":"https:\/\/theinvisiblecollection.com\/fr\/wp-json\/wp\/v2\/product_cat?post=66422"},{"taxonomy":"product_tag","embeddable":true,"href":"https:\/\/theinvisiblecollection.com\/fr\/wp-json\/wp\/v2\/product_tag?post=66422"},{"taxonomy":"product_designer","embeddable":true,"href":"https:\/\/theinvisiblecollection.com\/fr\/wp-json\/wp\/v2\/product_designer?post=66422"},{"taxonomy":"comfabric","embeddable":true,"href":"https:\/\/theinvisiblecollection.com\/fr\/wp-json\/wp\/v2\/comfabric?post=66422"},{"taxonomy":"manufacturer","embeddable":true,"href":"https:\/\/theinvisiblecollection.com\/fr\/wp-json\/wp\/v2\/manufacturer?post=66422"},{"taxonomy":"reporting_designer","embeddable":true,"href":"https:\/\/theinvisiblecollection.com\/fr\/wp-json\/wp\/v2\/reporting_designer?post=66422"},{"taxonomy":"samplecomfabric","embeddable":true,"href":"https:\/\/theinvisiblecollection.com\/fr\/wp-json\/wp\/v2\/samplecomfabric?post=66422"},{"taxonomy":"clubroom_product_designer","embeddable":true,"href":"https:\/\/theinvisiblecollection.com\/fr\/wp-json\/wp\/v2\/designer_clubroom?post=66422"}],"curies":[{"name":"wp","href":"https:\/\/api.w.org\/{rel}","templated":true}]}}