{"id":664408,"date":"2022-09-23T09:48:57","date_gmt":"2022-09-23T08:48:57","guid":{"rendered":"https:\/\/theinvisiblecollection.com\/?post_type=product&#038;p=664408"},"modified":"2026-05-08T04:39:52","modified_gmt":"2026-05-08T04:39:52","slug":"vandra-rugs-lars-nilsson-tapis-giotto","status":"publish","type":"product","link":"https:\/\/theinvisiblecollection.com\/fr\/produit\/vandra-rugs-lars-nilsson-tapis-giotto\/","title":{"rendered":"Tapis Giotto"},"content":{"rendered":"<p style=\"text-align: justify;\"><span class=\"TextRun SCXW67941745 BCX0\" lang=\"FR-FR\" xml:lang=\"FR-FR\" data-contrast=\"auto\"><span class=\"NormalTextRun SCXW67941745 BCX0\">Le tapis Giotto de <\/span><span class=\"NormalTextRun SpellingErrorV2Themed SCXW67941745 BCX0\">Vandra<\/span> <span class=\"NormalTextRun SpellingErrorV2Themed SCXW67941745 BCX0\">Rugs<\/span><span class=\"NormalTextRun SCXW67941745 BCX0\"> est le troisi\u00e8me d&#8217;une s\u00e9rie de tapis \u00e0 rayures graphiques et color\u00e9es qui s&#8217;inspirent des anciens ma\u00eetres peintres italiens. Avec une palette de couleurs raffin\u00e9e et subtile d&#8217;orange br\u00fbl\u00e9, de lavande, d&#8217;avoine et de mousse, il pr\u00e9sente des jeux de couleurs et des proportions audacieuses. Les rayures alternent en couleur, rehauss\u00e9es par des pointes de lurex et de <\/span><span class=\"NormalTextRun SpellingErrorV2Themed SCXW67941745 BCX0\">shirling<\/span><span class=\"NormalTextRun SCXW67941745 BCX0\"> non teint\u00e9e.<\/span><\/span><span class=\"EOP SCXW67941745 BCX0\" data-ccp-props=\"{&quot;201341983&quot;:0,&quot;335559740&quot;:259}\">\u00a0<\/span><\/p>\n","protected":false},"excerpt":{"rendered":"<p>Vandra Rugs x Lars Nilsson<br \/>\nTapis tiss\u00e9 \u00e0 la main en fil de laine avec des d\u00e9tails en fourrure de mouton et en lurex sur une cha\u00eene en lin naturel<br \/>\nRev\u00eatement antid\u00e9rapant inclus<br \/>\nDimensions et couleurs sur-mesure sur demande<\/p>\n<p>190 x 285 cm<\/p>\n<p>Tiss\u00e9 \u00e0 la main en Europe<br \/>\nD\u00e9lais de fabrication : 14 semaines<\/p>\n<p><span style=\"text-decoration: underline;\"><a href=\"https:\/\/www.theinvisiblecollection.com\/fr\/demande-de-devis\/?product_id=664408\">Contactez-nous pour toute demande de devis ou d&#8217;\u00e9chantillons<\/a><\/span><\/p>\n","protected":false},"featured_media":664509,"template":"","meta":{"_acf_changed":false,"content-type":"","_themeisle_gutenberg_block_has_review":false},"product_brand":[],"product_cat":[12540,17999],"product_tag":[7435,35206,35326],"product_designer":[17811,19108],"comfabric":[],"manufacturer":[19110],"reporting_designer":[37624],"samplecomfabric":[],"designer_clubroom":[],"class_list":{"0":"post-664408","1":"product","2":"type-product","3":"status-publish","4":"has-post-thumbnail","6":"product_cat-tapis-fr","7":"product_cat-tisses-a-la-main","8":"product_tag-new-in-fr","9":"product_tag-exclusive-fr","10":"product_tag-st-scandinavian-fr","11":"pa_size-dimensions-standards","12":"pa_size-dimensions-sur-mesure-fr","13":"product_designer-lars-nilsson-fr","14":"product_designer-vandra-rugs-fr","15":"manufacturer-sinclair-till-warehouse-fr","16":"reporting_designer-lars-nilsson","17":"exhibitions-londres-fr","19":"first","20":"instock","21":"taxable","22":"shipping-taxable","23":"purchasable","24":"product-type-variable"},"acf":[],"_links":{"self":[{"href":"https:\/\/theinvisiblecollection.com\/fr\/wp-json\/wp\/v2\/product\/664408","targetHints":{"allow":["GET"]}}],"collection":[{"href":"https:\/\/theinvisiblecollection.com\/fr\/wp-json\/wp\/v2\/product"}],"about":[{"href":"https:\/\/theinvisiblecollection.com\/fr\/wp-json\/wp\/v2\/types\/product"}],"wp:featuredmedia":[{"embeddable":true,"href":"https:\/\/theinvisiblecollection.com\/fr\/wp-json\/wp\/v2\/media\/664509"}],"wp:attachment":[{"href":"https:\/\/theinvisiblecollection.com\/fr\/wp-json\/wp\/v2\/media?parent=664408"}],"wp:term":[{"taxonomy":"product_brand","embeddable":true,"href":"https:\/\/theinvisiblecollection.com\/fr\/wp-json\/wp\/v2\/product_brand?post=664408"},{"taxonomy":"product_cat","embeddable":true,"href":"https:\/\/theinvisiblecollection.com\/fr\/wp-json\/wp\/v2\/product_cat?post=664408"},{"taxonomy":"product_tag","embeddable":true,"href":"https:\/\/theinvisiblecollection.com\/fr\/wp-json\/wp\/v2\/product_tag?post=664408"},{"taxonomy":"product_designer","embeddable":true,"href":"https:\/\/theinvisiblecollection.com\/fr\/wp-json\/wp\/v2\/product_designer?post=664408"},{"taxonomy":"comfabric","embeddable":true,"href":"https:\/\/theinvisiblecollection.com\/fr\/wp-json\/wp\/v2\/comfabric?post=664408"},{"taxonomy":"manufacturer","embeddable":true,"href":"https:\/\/theinvisiblecollection.com\/fr\/wp-json\/wp\/v2\/manufacturer?post=664408"},{"taxonomy":"reporting_designer","embeddable":true,"href":"https:\/\/theinvisiblecollection.com\/fr\/wp-json\/wp\/v2\/reporting_designer?post=664408"},{"taxonomy":"samplecomfabric","embeddable":true,"href":"https:\/\/theinvisiblecollection.com\/fr\/wp-json\/wp\/v2\/samplecomfabric?post=664408"},{"taxonomy":"clubroom_product_designer","embeddable":true,"href":"https:\/\/theinvisiblecollection.com\/fr\/wp-json\/wp\/v2\/designer_clubroom?post=664408"}],"curies":[{"name":"wp","href":"https:\/\/api.w.org\/{rel}","templated":true}]}}