{"id":66906,"date":"2021-06-26T10:00:41","date_gmt":"2021-06-26T09:00:41","guid":{"rendered":"https:\/\/theinvisiblecollection.com\/?post_type=product&#038;p=66906"},"modified":"2026-05-01T07:39:24","modified_gmt":"2026-05-01T07:39:24","slug":"pinto-paris-lampe-de-table-gala","status":"publish","type":"product","link":"https:\/\/theinvisiblecollection.com\/fr\/produit\/pinto-paris-lampe-de-table-gala\/","title":{"rendered":"Lampe de Table Gala"},"content":{"rendered":"<p style=\"text-align: justify;\">La lampe Gala pr\u00e9sente des formes girondes et serpentines tr\u00e8s f\u00e9minines. Sous un angle plus surr\u00e9aliste on peut y voir des visages. Elle sugg\u00e8re Un jeu d\u2019images mouvantes et fantaisistes pouvant faire penser aux formes moles de Dali ou \u00e0 la ligne de Cocteau.<\/p>\n","protected":false},"excerpt":{"rendered":"<p>Lampe en r\u00e9sine fa\u00e7on \u00e9caille de tortue et laiton patin\u00e9<br \/>\n\u00c9galement disponible en <a href=\"https:\/\/theinvisiblecollection.com\/produit\/pinto-gala-table-lamp-white\/\" target=\"_blank\" rel=\"noopener\">r\u00e9sine blanche<\/a><br \/>\nAmpoule non incluse (E26 ou E27), max 60W, dimmable sur demande, certifi\u00e9e UL<br \/>\nC\u00e2ble en tissu dor\u00e9, peut \u00eatre \u00e9lectrifi\u00e9e pour tout pays<br \/>\nAbat-jour fourni<br \/>\nConvient pour une utilisation en salle de bain (IP20)<\/p>\n<p><strong>\u00a0<\/strong>\u00d8 31 x H 66 cm<br \/>\nAbat-jour : \u00a0\u00d8 38 x H 18 cm<\/p>\n<p>Fabriqu\u00e9e \u00e0 la main en France<br \/>\nD\u00e9lais de fabrication : 10 \u2013 12 semaines<\/p>\n<p class=\"p1\"><span style=\"text-decoration: underline;\"><span class=\"s1\"><a href=\"https:\/\/www.theinvisiblecollection.com\/fr\/demande-de-devis\/?product_id=66906\">Contactez-nous pour toute demande de devis ou de renseignements<\/a><\/span><\/span><\/p>\n","protected":false},"featured_media":67126,"template":"","meta":{"_acf_changed":false,"content-type":"","_themeisle_gutenberg_block_has_review":false},"product_brand":[],"product_cat":[8974,12507],"product_tag":[10255,11955,12072,12278,8993,9048,9049,9200],"product_designer":[12292],"comfabric":[],"manufacturer":[16709,37047],"reporting_designer":[37187],"samplecomfabric":[],"designer_clubroom":[],"class_list":{"0":"post-66906","1":"product","2":"type-product","3":"status-publish","4":"has-post-thumbnail","6":"product_cat-lampes-de-table","7":"product_cat-luminaires","8":"product_tag-salon-fr-4","9":"product_tag-lampe-de-table-fr","10":"product_tag-pinto-paris-fr","11":"product_tag-lampe-de-chevet","12":"product_tag-salon","13":"product_tag-lampe","14":"product_tag-lampe-de-table","15":"product_tag-luminaire-fr-2","16":"product_designer-pinto-fr","17":"manufacturer-pinto-fr","18":"manufacturer-pinto-esi-louvres-fr","19":"reporting_designer-pinto","21":"first","22":"instock","23":"taxable","24":"shipping-taxable","25":"purchasable","26":"product-type-variable"},"acf":[],"_links":{"self":[{"href":"https:\/\/theinvisiblecollection.com\/fr\/wp-json\/wp\/v2\/product\/66906","targetHints":{"allow":["GET"]}}],"collection":[{"href":"https:\/\/theinvisiblecollection.com\/fr\/wp-json\/wp\/v2\/product"}],"about":[{"href":"https:\/\/theinvisiblecollection.com\/fr\/wp-json\/wp\/v2\/types\/product"}],"wp:featuredmedia":[{"embeddable":true,"href":"https:\/\/theinvisiblecollection.com\/fr\/wp-json\/wp\/v2\/media\/67126"}],"wp:attachment":[{"href":"https:\/\/theinvisiblecollection.com\/fr\/wp-json\/wp\/v2\/media?parent=66906"}],"wp:term":[{"taxonomy":"product_brand","embeddable":true,"href":"https:\/\/theinvisiblecollection.com\/fr\/wp-json\/wp\/v2\/product_brand?post=66906"},{"taxonomy":"product_cat","embeddable":true,"href":"https:\/\/theinvisiblecollection.com\/fr\/wp-json\/wp\/v2\/product_cat?post=66906"},{"taxonomy":"product_tag","embeddable":true,"href":"https:\/\/theinvisiblecollection.com\/fr\/wp-json\/wp\/v2\/product_tag?post=66906"},{"taxonomy":"product_designer","embeddable":true,"href":"https:\/\/theinvisiblecollection.com\/fr\/wp-json\/wp\/v2\/product_designer?post=66906"},{"taxonomy":"comfabric","embeddable":true,"href":"https:\/\/theinvisiblecollection.com\/fr\/wp-json\/wp\/v2\/comfabric?post=66906"},{"taxonomy":"manufacturer","embeddable":true,"href":"https:\/\/theinvisiblecollection.com\/fr\/wp-json\/wp\/v2\/manufacturer?post=66906"},{"taxonomy":"reporting_designer","embeddable":true,"href":"https:\/\/theinvisiblecollection.com\/fr\/wp-json\/wp\/v2\/reporting_designer?post=66906"},{"taxonomy":"samplecomfabric","embeddable":true,"href":"https:\/\/theinvisiblecollection.com\/fr\/wp-json\/wp\/v2\/samplecomfabric?post=66906"},{"taxonomy":"clubroom_product_designer","embeddable":true,"href":"https:\/\/theinvisiblecollection.com\/fr\/wp-json\/wp\/v2\/designer_clubroom?post=66906"}],"curies":[{"name":"wp","href":"https:\/\/api.w.org\/{rel}","templated":true}]}}