{"id":669902,"date":"2022-09-23T15:43:17","date_gmt":"2022-09-23T14:43:17","guid":{"rendered":"https:\/\/theinvisiblecollection.com\/?post_type=product&#038;p=669902"},"modified":"2026-05-01T07:38:39","modified_gmt":"2026-05-01T07:38:39","slug":"giberto-set-de-6-verres-summer-bordure-bleue","status":"publish","type":"product","link":"https:\/\/theinvisiblecollection.com\/fr\/produit\/giberto-set-de-6-verres-summer-bordure-bleue\/","title":{"rendered":"Set de 6 Verres Summer Bordure Bleue"},"content":{"rendered":"<p style=\"text-align: justify;\">Ces verres traditionnels en cristal aussi simples que raffin\u00e9s pr\u00e9sentent un liser\u00e9 peint inspir\u00e9 des teintes de la saison : du bleu de l&#8217;oc\u00e9an au rouge d&#8217;un coucher de soleil romantique.<\/p>\n","protected":false},"excerpt":{"rendered":"<ul>\n<li>Set de 6 Verres<\/li>\n<li>Composition : verre de Murano<\/li>\n<\/ul>\n","protected":false},"featured_media":1513014,"template":"","meta":{"_acf_changed":false,"content-type":"","_themeisle_gutenberg_block_has_review":false},"product_brand":[],"product_cat":[19981,19986],"product_tag":[22790],"product_designer":[],"comfabric":[],"manufacturer":[],"reporting_designer":[],"samplecomfabric":[],"designer_clubroom":[20480],"class_list":{"0":"post-669902","1":"product","2":"type-product","3":"status-publish","4":"has-post-thumbnail","6":"clubroom_taxonomies-gift-room","7":"product_cat-art-de-la-table","8":"product_cat-verres","9":"product_tag-disponible-immediatement","10":"clubroom_product_designer-giberto-fr","11":"exhibitions-londres-fr","13":"first","14":"instock","15":"taxable","16":"shipping-taxable","17":"purchasable","18":"product-type-simple"},"acf":[],"_links":{"self":[{"href":"https:\/\/theinvisiblecollection.com\/fr\/wp-json\/wp\/v2\/product\/669902","targetHints":{"allow":["GET"]}}],"collection":[{"href":"https:\/\/theinvisiblecollection.com\/fr\/wp-json\/wp\/v2\/product"}],"about":[{"href":"https:\/\/theinvisiblecollection.com\/fr\/wp-json\/wp\/v2\/types\/product"}],"wp:featuredmedia":[{"embeddable":true,"href":"https:\/\/theinvisiblecollection.com\/fr\/wp-json\/wp\/v2\/media\/1513014"}],"wp:attachment":[{"href":"https:\/\/theinvisiblecollection.com\/fr\/wp-json\/wp\/v2\/media?parent=669902"}],"wp:term":[{"taxonomy":"product_brand","embeddable":true,"href":"https:\/\/theinvisiblecollection.com\/fr\/wp-json\/wp\/v2\/product_brand?post=669902"},{"taxonomy":"product_cat","embeddable":true,"href":"https:\/\/theinvisiblecollection.com\/fr\/wp-json\/wp\/v2\/product_cat?post=669902"},{"taxonomy":"product_tag","embeddable":true,"href":"https:\/\/theinvisiblecollection.com\/fr\/wp-json\/wp\/v2\/product_tag?post=669902"},{"taxonomy":"product_designer","embeddable":true,"href":"https:\/\/theinvisiblecollection.com\/fr\/wp-json\/wp\/v2\/product_designer?post=669902"},{"taxonomy":"comfabric","embeddable":true,"href":"https:\/\/theinvisiblecollection.com\/fr\/wp-json\/wp\/v2\/comfabric?post=669902"},{"taxonomy":"manufacturer","embeddable":true,"href":"https:\/\/theinvisiblecollection.com\/fr\/wp-json\/wp\/v2\/manufacturer?post=669902"},{"taxonomy":"reporting_designer","embeddable":true,"href":"https:\/\/theinvisiblecollection.com\/fr\/wp-json\/wp\/v2\/reporting_designer?post=669902"},{"taxonomy":"samplecomfabric","embeddable":true,"href":"https:\/\/theinvisiblecollection.com\/fr\/wp-json\/wp\/v2\/samplecomfabric?post=669902"},{"taxonomy":"clubroom_product_designer","embeddable":true,"href":"https:\/\/theinvisiblecollection.com\/fr\/wp-json\/wp\/v2\/designer_clubroom?post=669902"}],"curies":[{"name":"wp","href":"https:\/\/api.w.org\/{rel}","templated":true}]}}