{"id":67577,"date":"2020-01-10T17:13:45","date_gmt":"2020-01-10T16:13:45","guid":{"rendered":"https:\/\/theinvisiblecollection.com\/?post_type=product&#038;p=67577"},"modified":"2026-05-01T07:39:24","modified_gmt":"2026-05-01T07:39:24","slug":"pierre-augustin-rose-bureau-officium","status":"publish","type":"product","link":"https:\/\/theinvisiblecollection.com\/fr\/produit\/pierre-augustin-rose-bureau-officium\/","title":{"rendered":"Bureau Officium"},"content":{"rendered":"<p style=\"text-align: justify;\">Ce bureau en \u00e9dition limit\u00e9e est la quintessence de l&#8217;association de d\u00e9tails en marbre br\u00e8che violette et de ch\u00eane magnifiquement figur\u00e9 dans une composition \u00e9quilibr\u00e9e.Un design \u00e9pur\u00e9 qui peut \u00eatre plac\u00e9 au milieu de la pi\u00e8ce ou contre un mur.<\/p>\n","protected":false},"excerpt":{"rendered":"<p>Edition Limit\u00e9e \u2013 8 pi\u00e8ces<br \/>\nPlateau en ch\u00eane et pied en marbre br\u00e8che violette<\/p>\n<p>L 240 x l 100 x H 77 cm<\/p>\n<p><p>Fabriqu\u00e9e \u00e0 la main en Europe<br \/>D\u00e9lais de production : 12 &#8211; 14 semaines<\/p>\n<p><a href=\"https:\/\/www.theinvisiblecollection.com\/fr\/demande-de-devis\/?product_id=67577\" target=\"_blank\" rel=\"noopener\" data-mce-href=\"https:\/\/www.theinvisiblecollection.com\/fr\/demande-de-devis\/?product_id=67577\">Contactez-nous pour toute demande de devis ou de renseignement<\/a><\/p><\/p>\n","protected":false},"featured_media":67579,"template":"","meta":{"_acf_changed":false,"content-type":"","_themeisle_gutenberg_block_has_review":false},"product_brand":[],"product_cat":[7704,12503,13076],"product_tag":[8855,9001,9030,9409,9639,9640,11349,31477,33319,35206],"product_designer":[8908],"comfabric":[29018],"manufacturer":[16828],"reporting_designer":[37607],"samplecomfabric":[30018],"designer_clubroom":[],"class_list":{"0":"post-67577","1":"product","2":"type-product","3":"status-publish","4":"has-post-thumbnail","6":"product_cat-bureaux-fr","7":"product_cat-tables-fr","8":"product_cat-bureau-a-la-maison","9":"product_tag-table-fr-3","10":"product_tag-chene","11":"product_tag-marbre-fr-2","12":"product_tag-pierre-augustin-rose-fr-2","13":"product_tag-bureau-fr","14":"product_tag-bureau-fr-2","15":"product_tag-pierre-augustine-rose-fr","16":"product_tag-st-curvy-fr","17":"product_tag-edition-limitee","18":"product_tag-exclusive-fr","19":"product_designer-pierre-augustin-rose-fr","20":"comfabric-pierre-augustin-rose-fr","21":"manufacturer-charvin-logistics-saint-ouen-la-ex-egetra-fr","22":"reporting_designer-pierre-augustin-rose","23":"samplecomfabric-pierre-augustin-rose-fr","25":"first","26":"instock","27":"taxable","28":"shipping-taxable","29":"purchasable","30":"product-type-simple"},"acf":[],"_links":{"self":[{"href":"https:\/\/theinvisiblecollection.com\/fr\/wp-json\/wp\/v2\/product\/67577","targetHints":{"allow":["GET"]}}],"collection":[{"href":"https:\/\/theinvisiblecollection.com\/fr\/wp-json\/wp\/v2\/product"}],"about":[{"href":"https:\/\/theinvisiblecollection.com\/fr\/wp-json\/wp\/v2\/types\/product"}],"wp:featuredmedia":[{"embeddable":true,"href":"https:\/\/theinvisiblecollection.com\/fr\/wp-json\/wp\/v2\/media\/67579"}],"wp:attachment":[{"href":"https:\/\/theinvisiblecollection.com\/fr\/wp-json\/wp\/v2\/media?parent=67577"}],"wp:term":[{"taxonomy":"product_brand","embeddable":true,"href":"https:\/\/theinvisiblecollection.com\/fr\/wp-json\/wp\/v2\/product_brand?post=67577"},{"taxonomy":"product_cat","embeddable":true,"href":"https:\/\/theinvisiblecollection.com\/fr\/wp-json\/wp\/v2\/product_cat?post=67577"},{"taxonomy":"product_tag","embeddable":true,"href":"https:\/\/theinvisiblecollection.com\/fr\/wp-json\/wp\/v2\/product_tag?post=67577"},{"taxonomy":"product_designer","embeddable":true,"href":"https:\/\/theinvisiblecollection.com\/fr\/wp-json\/wp\/v2\/product_designer?post=67577"},{"taxonomy":"comfabric","embeddable":true,"href":"https:\/\/theinvisiblecollection.com\/fr\/wp-json\/wp\/v2\/comfabric?post=67577"},{"taxonomy":"manufacturer","embeddable":true,"href":"https:\/\/theinvisiblecollection.com\/fr\/wp-json\/wp\/v2\/manufacturer?post=67577"},{"taxonomy":"reporting_designer","embeddable":true,"href":"https:\/\/theinvisiblecollection.com\/fr\/wp-json\/wp\/v2\/reporting_designer?post=67577"},{"taxonomy":"samplecomfabric","embeddable":true,"href":"https:\/\/theinvisiblecollection.com\/fr\/wp-json\/wp\/v2\/samplecomfabric?post=67577"},{"taxonomy":"clubroom_product_designer","embeddable":true,"href":"https:\/\/theinvisiblecollection.com\/fr\/wp-json\/wp\/v2\/designer_clubroom?post=67577"}],"curies":[{"name":"wp","href":"https:\/\/api.w.org\/{rel}","templated":true}]}}