{"id":68899,"date":"2024-09-10T00:00:00","date_gmt":"2024-09-10T00:00:00","guid":{"rendered":"https:\/\/theinvisiblecollection.com\/?post_type=product&#038;p=68899"},"modified":"2026-05-01T07:39:24","modified_gmt":"2026-05-01T07:39:24","slug":"stephen-antonson-lampe-oscar","status":"publish","type":"product","link":"https:\/\/theinvisiblecollection.com\/fr\/produit\/stephen-antonson-lampe-oscar\/","title":{"rendered":"Lampe Oscar"},"content":{"rendered":"","protected":false},"excerpt":{"rendered":"<p>Lampe de table en pl\u00e2tre<br \/>\nMat\u00e9riau bronze et couleurs sur mesure et sur demande<br \/>\nAbat-jour non inclus<\/p>\n<p><strong>\u00a0<\/strong>\u00d8 35.56 x H 47 cm<\/p>\n<p>Fabriqu\u00e9e \u00e0 la main aux \u00c9tats-Unis<br \/>\nD\u00e9lais de fabrication : 12 &#8211; 14 semaines<\/p>\n<p class=\"p1\"><span style=\"text-decoration: underline;\"><span class=\"s1\"><a href=\"https:\/\/www.theinvisiblecollection.com\/fr\/demande-de-devis\/?product_id=68899\">Contactez-nous pour toute demande de devis ou de renseignements<\/a><\/span><\/span><\/p>\n","protected":false},"featured_media":4782573,"template":"","meta":{"_acf_changed":false,"content-type":"","_themeisle_gutenberg_block_has_review":false},"product_brand":[],"product_cat":[8974,12507],"product_tag":[9048,9049,9200,9237,9785,11955],"product_designer":[11834],"comfabric":[],"manufacturer":[16751],"reporting_designer":[37789],"samplecomfabric":[],"designer_clubroom":[],"class_list":{"0":"post-68899","1":"product","2":"type-product","3":"status-publish","4":"has-post-thumbnail","6":"product_cat-lampes-de-table","7":"product_cat-luminaires","8":"product_tag-lampe","9":"product_tag-lampe-de-table","10":"product_tag-luminaire-fr-2","11":"product_tag-lampe-fr-2","12":"product_tag-platre","13":"product_tag-lampe-de-table-fr","14":"product_designer-stephen-antonson-fr","15":"manufacturer-stephen-antonson-fr","16":"reporting_designer-stephen-antonson","18":"first","19":"instock","20":"taxable","21":"shipping-taxable","22":"purchasable","23":"product-type-variable"},"acf":[],"_links":{"self":[{"href":"https:\/\/theinvisiblecollection.com\/fr\/wp-json\/wp\/v2\/product\/68899","targetHints":{"allow":["GET"]}}],"collection":[{"href":"https:\/\/theinvisiblecollection.com\/fr\/wp-json\/wp\/v2\/product"}],"about":[{"href":"https:\/\/theinvisiblecollection.com\/fr\/wp-json\/wp\/v2\/types\/product"}],"wp:featuredmedia":[{"embeddable":true,"href":"https:\/\/theinvisiblecollection.com\/fr\/wp-json\/wp\/v2\/media\/4782573"}],"wp:attachment":[{"href":"https:\/\/theinvisiblecollection.com\/fr\/wp-json\/wp\/v2\/media?parent=68899"}],"wp:term":[{"taxonomy":"product_brand","embeddable":true,"href":"https:\/\/theinvisiblecollection.com\/fr\/wp-json\/wp\/v2\/product_brand?post=68899"},{"taxonomy":"product_cat","embeddable":true,"href":"https:\/\/theinvisiblecollection.com\/fr\/wp-json\/wp\/v2\/product_cat?post=68899"},{"taxonomy":"product_tag","embeddable":true,"href":"https:\/\/theinvisiblecollection.com\/fr\/wp-json\/wp\/v2\/product_tag?post=68899"},{"taxonomy":"product_designer","embeddable":true,"href":"https:\/\/theinvisiblecollection.com\/fr\/wp-json\/wp\/v2\/product_designer?post=68899"},{"taxonomy":"comfabric","embeddable":true,"href":"https:\/\/theinvisiblecollection.com\/fr\/wp-json\/wp\/v2\/comfabric?post=68899"},{"taxonomy":"manufacturer","embeddable":true,"href":"https:\/\/theinvisiblecollection.com\/fr\/wp-json\/wp\/v2\/manufacturer?post=68899"},{"taxonomy":"reporting_designer","embeddable":true,"href":"https:\/\/theinvisiblecollection.com\/fr\/wp-json\/wp\/v2\/reporting_designer?post=68899"},{"taxonomy":"samplecomfabric","embeddable":true,"href":"https:\/\/theinvisiblecollection.com\/fr\/wp-json\/wp\/v2\/samplecomfabric?post=68899"},{"taxonomy":"clubroom_product_designer","embeddable":true,"href":"https:\/\/theinvisiblecollection.com\/fr\/wp-json\/wp\/v2\/designer_clubroom?post=68899"}],"curies":[{"name":"wp","href":"https:\/\/api.w.org\/{rel}","templated":true}]}}