{"id":68983,"date":"2024-09-10T00:00:00","date_gmt":"2024-09-10T00:00:00","guid":{"rendered":"https:\/\/theinvisiblecollection.com\/?post_type=product&#038;p=68983"},"modified":"2026-05-01T07:39:24","modified_gmt":"2026-05-01T07:39:24","slug":"miroir-zeus-copy-2","status":"publish","type":"product","link":"https:\/\/theinvisiblecollection.com\/fr\/produit\/miroir-zeus-copy-2\/","title":{"rendered":"Vessel Copernicus"},"content":{"rendered":"","protected":false},"excerpt":{"rendered":"<p>Vessel en pl\u00e2tre<br \/>\nMateriau bronze sur mesure et sur demande<\/p>\n<p>\u00d8 43.82 x H 20.96 cm<\/p>\n<p>Fabriqu\u00e9 \u00e0 la main aux \u00c9tats-Unis<br \/>\nD\u00e9lais de fabrication : 14 \u2013 16 semaines<\/p>\n<p class=\"p1\"><span style=\"text-decoration: underline;\"><span class=\"s1\"><a href=\"https:\/\/www.theinvisiblecollection.com\/fr\/demande-de-devis\/?product_id=68983\">Contactez-nous pour toute demande de devis ou de renseignements<\/a><\/span><\/span><\/p>\n","protected":false},"featured_media":69147,"template":"","meta":{"_acf_changed":false,"content-type":"","_themeisle_gutenberg_block_has_review":false},"product_brand":[],"product_cat":[12537,7517,12531],"product_tag":[22790,31474,31475,31477,9136,9785],"product_designer":[11834],"comfabric":[],"manufacturer":[16751],"reporting_designer":[37789],"samplecomfabric":[],"designer_clubroom":[],"class_list":{"0":"post-68983","1":"product","2":"type-product","3":"status-publish","4":"has-post-thumbnail","6":"product_cat-vases","7":"product_cat-deco-fr","8":"product_cat-objets-de-decoration","9":"product_tag-disponible-immediatement","10":"product_tag-co-white-fr","11":"product_tag-st-ceramic-fr","12":"product_tag-st-curvy-fr","13":"product_tag-bol-fr","14":"product_tag-platre","15":"product_designer-stephen-antonson-fr","16":"manufacturer-stephen-antonson-fr","17":"reporting_designer-stephen-antonson","19":"first","20":"instock","21":"taxable","22":"shipping-taxable","23":"purchasable","24":"product-type-simple"},"acf":[],"_links":{"self":[{"href":"https:\/\/theinvisiblecollection.com\/fr\/wp-json\/wp\/v2\/product\/68983","targetHints":{"allow":["GET"]}}],"collection":[{"href":"https:\/\/theinvisiblecollection.com\/fr\/wp-json\/wp\/v2\/product"}],"about":[{"href":"https:\/\/theinvisiblecollection.com\/fr\/wp-json\/wp\/v2\/types\/product"}],"wp:featuredmedia":[{"embeddable":true,"href":"https:\/\/theinvisiblecollection.com\/fr\/wp-json\/wp\/v2\/media\/69147"}],"wp:attachment":[{"href":"https:\/\/theinvisiblecollection.com\/fr\/wp-json\/wp\/v2\/media?parent=68983"}],"wp:term":[{"taxonomy":"product_brand","embeddable":true,"href":"https:\/\/theinvisiblecollection.com\/fr\/wp-json\/wp\/v2\/product_brand?post=68983"},{"taxonomy":"product_cat","embeddable":true,"href":"https:\/\/theinvisiblecollection.com\/fr\/wp-json\/wp\/v2\/product_cat?post=68983"},{"taxonomy":"product_tag","embeddable":true,"href":"https:\/\/theinvisiblecollection.com\/fr\/wp-json\/wp\/v2\/product_tag?post=68983"},{"taxonomy":"product_designer","embeddable":true,"href":"https:\/\/theinvisiblecollection.com\/fr\/wp-json\/wp\/v2\/product_designer?post=68983"},{"taxonomy":"comfabric","embeddable":true,"href":"https:\/\/theinvisiblecollection.com\/fr\/wp-json\/wp\/v2\/comfabric?post=68983"},{"taxonomy":"manufacturer","embeddable":true,"href":"https:\/\/theinvisiblecollection.com\/fr\/wp-json\/wp\/v2\/manufacturer?post=68983"},{"taxonomy":"reporting_designer","embeddable":true,"href":"https:\/\/theinvisiblecollection.com\/fr\/wp-json\/wp\/v2\/reporting_designer?post=68983"},{"taxonomy":"samplecomfabric","embeddable":true,"href":"https:\/\/theinvisiblecollection.com\/fr\/wp-json\/wp\/v2\/samplecomfabric?post=68983"},{"taxonomy":"clubroom_product_designer","embeddable":true,"href":"https:\/\/theinvisiblecollection.com\/fr\/wp-json\/wp\/v2\/designer_clubroom?post=68983"}],"curies":[{"name":"wp","href":"https:\/\/api.w.org\/{rel}","templated":true}]}}