{"id":69006,"date":"2021-11-23T10:30:05","date_gmt":"2021-11-23T09:30:05","guid":{"rendered":"https:\/\/theinvisiblecollection.com\/?post_type=product&#038;p=69006"},"modified":"2026-05-08T04:40:37","modified_gmt":"2026-05-08T04:40:37","slug":"atelier-pierre-bonnefille-enfilable-bloc-partitions-bronze","status":"publish","type":"product","link":"https:\/\/theinvisiblecollection.com\/fr\/produit\/atelier-pierre-bonnefille-enfilable-bloc-partitions-bronze\/","title":{"rendered":"Enfilade Bloc Partitions Bronze"},"content":{"rendered":"<p style=\"text-align: justify;\">Hommage au bronze, l\u2019Enfilade Bloc fait r\u00e9f\u00e9rence aux variations chromatiques de cet alliage mill\u00e9naire. Passage de l\u2019\u00e9tat brut au plus poli et \u00e0 diff\u00e9rents niveaux d\u2019oxydation, le bloc monolithique vient reposer sur quatre griffes en laiton patin\u00e9, en contraste avec la pr\u00e9ciosit\u00e9 de l\u2019objet brut.\u00a0L\u2019Enfilade\u00a0Bloc a\u00a0\u00e9t\u00e9\u00a0pr\u00e9sent\u00e9e\u00a0pour la premi\u00e8re\u00a0fois\u00a0au PAD\u00a0Londres\u00a0en 2016,\u00a0puis\u00a0lors\u00a0de\u00a0l\u2019exposition\u00a0AD\u00a0Int\u00e9rieurs\u00a02019 \u00e0\u00a0l\u2019H\u00f4tel\u00a0de Coulanges \u00e0 Paris.\u00a0Cette enfilade, \u00e9dition de 8+2 est r\u00e9alis\u00e9e \u00e0 la main dans l\u2019atelier de l\u2019artiste \u00e0 Paris.<\/p>\n","protected":false},"excerpt":{"rendered":"<p>Edition limit\u00e9e : 8 pi\u00e8ces + 2 \u00e9preuves d&#8217;artiste<br \/>\nTechnique mixte sur bois<br \/>\nFinition en laiton<br \/>\nChaque pi\u00e8ce est unique en raison de sa nature artisanale, les formes et les teintes varient l\u00e9g\u00e8rement<br \/>\nDimensions sur-mesure sur demande<\/p>\n<p>L 236 x l 43 x H 83 cm<\/p>\n<p>Fabriqu\u00e9 \u00e0 la main en France<br \/>\nD\u00e9lais de fabrication : 12 semaines<\/p>\n<p class=\"p1\"><span style=\"text-decoration: underline;\"><span class=\"s1\"><a href=\"https:\/\/www.theinvisiblecollection.com\/fr\/demande-de-devis\/?product_id=69006\" target=\"_blank\" rel=\"noopener\">Contactez-nous pour toute demande de devis ou de renseignements<\/a><\/span><\/span><\/p>\n","protected":false},"featured_media":121913,"template":"","meta":{"_acf_changed":false,"content-type":"","_themeisle_gutenberg_block_has_review":false},"product_brand":[],"product_cat":[8957,12505,13076],"product_tag":[9456,12268,12274,14925,33319],"product_designer":[12266],"comfabric":[],"manufacturer":[16741],"reporting_designer":[37577],"samplecomfabric":[],"designer_clubroom":[],"class_list":{"0":"post-69006","1":"product","2":"type-product","3":"status-publish","4":"has-post-thumbnail","6":"product_cat-commodes","7":"product_cat-rangements","8":"product_cat-bureau-a-la-maison","9":"product_tag-cabinet","10":"product_tag-atelier-pierre-bonnefille-fr","11":"product_tag-bloc-carbone-fr","12":"product_tag-hpfav-fr","13":"product_tag-edition-limitee","14":"product_designer-pierre-bonnefille-fr","15":"manufacturer-pierre-bonnefille-atelier-1-fr","16":"reporting_designer-pierre-bonnefille","18":"first","19":"instock","20":"taxable","21":"shipping-taxable","22":"purchasable","23":"product-type-simple"},"acf":[],"_links":{"self":[{"href":"https:\/\/theinvisiblecollection.com\/fr\/wp-json\/wp\/v2\/product\/69006","targetHints":{"allow":["GET"]}}],"collection":[{"href":"https:\/\/theinvisiblecollection.com\/fr\/wp-json\/wp\/v2\/product"}],"about":[{"href":"https:\/\/theinvisiblecollection.com\/fr\/wp-json\/wp\/v2\/types\/product"}],"wp:featuredmedia":[{"embeddable":true,"href":"https:\/\/theinvisiblecollection.com\/fr\/wp-json\/wp\/v2\/media\/121913"}],"wp:attachment":[{"href":"https:\/\/theinvisiblecollection.com\/fr\/wp-json\/wp\/v2\/media?parent=69006"}],"wp:term":[{"taxonomy":"product_brand","embeddable":true,"href":"https:\/\/theinvisiblecollection.com\/fr\/wp-json\/wp\/v2\/product_brand?post=69006"},{"taxonomy":"product_cat","embeddable":true,"href":"https:\/\/theinvisiblecollection.com\/fr\/wp-json\/wp\/v2\/product_cat?post=69006"},{"taxonomy":"product_tag","embeddable":true,"href":"https:\/\/theinvisiblecollection.com\/fr\/wp-json\/wp\/v2\/product_tag?post=69006"},{"taxonomy":"product_designer","embeddable":true,"href":"https:\/\/theinvisiblecollection.com\/fr\/wp-json\/wp\/v2\/product_designer?post=69006"},{"taxonomy":"comfabric","embeddable":true,"href":"https:\/\/theinvisiblecollection.com\/fr\/wp-json\/wp\/v2\/comfabric?post=69006"},{"taxonomy":"manufacturer","embeddable":true,"href":"https:\/\/theinvisiblecollection.com\/fr\/wp-json\/wp\/v2\/manufacturer?post=69006"},{"taxonomy":"reporting_designer","embeddable":true,"href":"https:\/\/theinvisiblecollection.com\/fr\/wp-json\/wp\/v2\/reporting_designer?post=69006"},{"taxonomy":"samplecomfabric","embeddable":true,"href":"https:\/\/theinvisiblecollection.com\/fr\/wp-json\/wp\/v2\/samplecomfabric?post=69006"},{"taxonomy":"clubroom_product_designer","embeddable":true,"href":"https:\/\/theinvisiblecollection.com\/fr\/wp-json\/wp\/v2\/designer_clubroom?post=69006"}],"curies":[{"name":"wp","href":"https:\/\/api.w.org\/{rel}","templated":true}]}}