{"id":69023,"date":"2020-01-10T16:24:29","date_gmt":"2020-01-10T15:24:29","guid":{"rendered":"https:\/\/theinvisiblecollection.com\/?post_type=product&#038;p=69023"},"modified":"2026-05-08T04:40:37","modified_gmt":"2026-05-08T04:40:37","slug":"atelier-pierre-bonnefille-table-basse-polygone","status":"publish","type":"product","link":"https:\/\/theinvisiblecollection.com\/fr\/produit\/atelier-pierre-bonnefille-table-basse-polygone\/","title":{"rendered":"Table Basse Polygone 5"},"content":{"rendered":"<p style=\"text-align: justify;\">Le travail sur le plateau aux verts et bleus intenses de cette table basse, fait r\u00e9f\u00e9rence aux \u00e9tudes de l\u2019artiste sur la Cornetite, minerai rare issu de l\u2019oxydation des gisements de cuivre. Cette table basse, \u00e9dition de 8+2 est r\u00e9alis\u00e9e \u00e0 la main dans l\u2019atelier de l\u2019artiste \u00e0 Paris.<\/p>\n","protected":false},"excerpt":{"rendered":"<p>Edition limit\u00e9e : 8 pi\u00e8ces + 2 \u00e9preuves d&#8217;artiste<br \/>\nTechnique mixte sur bois<br \/>\nR\u00e9sine coul\u00e9e et cuivre<\/p>\n<p>L 160 x l 72 x H 44 cm<br \/>\nDimensions sur-mesure sur demande<\/p>\n<p>Fabriqu\u00e9 \u00e0 la main en France<br \/>\nD\u00e9lais de fabrication : 12 semaines<\/p>\n<p class=\"p1\"><span style=\"text-decoration: underline;\"><span class=\"s1\"><a href=\"https:\/\/www.theinvisiblecollection.com\/fr\/demande-de-devis\/?product_id=69023\" target=\"_blank\" rel=\"noopener\">Contactez-nous pour toute demande de devis ou de renseignements<\/a><\/span><\/span><\/p>\n","protected":false},"featured_media":112247,"template":"","meta":{"_acf_changed":false,"content-type":"","_themeisle_gutenberg_block_has_review":false},"product_brand":[],"product_cat":[7509,12503],"product_tag":[8993,9066,9372,12268,12274,31477,33319],"product_designer":[12266],"comfabric":[],"manufacturer":[16741],"reporting_designer":[37577],"samplecomfabric":[],"designer_clubroom":[],"class_list":{"0":"post-69023","1":"product","2":"type-product","3":"status-publish","4":"has-post-thumbnail","6":"product_cat-tables-basses-dappoint","7":"product_cat-tables-fr","8":"product_tag-salon","9":"product_tag-table-basse","10":"product_tag-cuivre","11":"product_tag-atelier-pierre-bonnefille-fr","12":"product_tag-bloc-carbone-fr","13":"product_tag-st-curvy-fr","14":"product_tag-edition-limitee","15":"product_designer-pierre-bonnefille-fr","16":"manufacturer-pierre-bonnefille-atelier-1-fr","17":"reporting_designer-pierre-bonnefille","19":"first","20":"instock","21":"taxable","22":"shipping-taxable","23":"purchasable","24":"product-type-simple"},"acf":[],"_links":{"self":[{"href":"https:\/\/theinvisiblecollection.com\/fr\/wp-json\/wp\/v2\/product\/69023","targetHints":{"allow":["GET"]}}],"collection":[{"href":"https:\/\/theinvisiblecollection.com\/fr\/wp-json\/wp\/v2\/product"}],"about":[{"href":"https:\/\/theinvisiblecollection.com\/fr\/wp-json\/wp\/v2\/types\/product"}],"wp:featuredmedia":[{"embeddable":true,"href":"https:\/\/theinvisiblecollection.com\/fr\/wp-json\/wp\/v2\/media\/112247"}],"wp:attachment":[{"href":"https:\/\/theinvisiblecollection.com\/fr\/wp-json\/wp\/v2\/media?parent=69023"}],"wp:term":[{"taxonomy":"product_brand","embeddable":true,"href":"https:\/\/theinvisiblecollection.com\/fr\/wp-json\/wp\/v2\/product_brand?post=69023"},{"taxonomy":"product_cat","embeddable":true,"href":"https:\/\/theinvisiblecollection.com\/fr\/wp-json\/wp\/v2\/product_cat?post=69023"},{"taxonomy":"product_tag","embeddable":true,"href":"https:\/\/theinvisiblecollection.com\/fr\/wp-json\/wp\/v2\/product_tag?post=69023"},{"taxonomy":"product_designer","embeddable":true,"href":"https:\/\/theinvisiblecollection.com\/fr\/wp-json\/wp\/v2\/product_designer?post=69023"},{"taxonomy":"comfabric","embeddable":true,"href":"https:\/\/theinvisiblecollection.com\/fr\/wp-json\/wp\/v2\/comfabric?post=69023"},{"taxonomy":"manufacturer","embeddable":true,"href":"https:\/\/theinvisiblecollection.com\/fr\/wp-json\/wp\/v2\/manufacturer?post=69023"},{"taxonomy":"reporting_designer","embeddable":true,"href":"https:\/\/theinvisiblecollection.com\/fr\/wp-json\/wp\/v2\/reporting_designer?post=69023"},{"taxonomy":"samplecomfabric","embeddable":true,"href":"https:\/\/theinvisiblecollection.com\/fr\/wp-json\/wp\/v2\/samplecomfabric?post=69023"},{"taxonomy":"clubroom_product_designer","embeddable":true,"href":"https:\/\/theinvisiblecollection.com\/fr\/wp-json\/wp\/v2\/designer_clubroom?post=69023"}],"curies":[{"name":"wp","href":"https:\/\/api.w.org\/{rel}","templated":true}]}}