{"id":69066,"date":"2023-04-06T10:51:59","date_gmt":"2023-04-06T09:51:59","guid":{"rendered":"https:\/\/theinvisiblecollection.com\/?post_type=product&#038;p=69066"},"modified":"2026-05-08T04:40:37","modified_gmt":"2026-05-08T04:40:37","slug":"pierre-bonnefille-table-basse-stone-mousse-deau","status":"publish","type":"product","link":"https:\/\/theinvisiblecollection.com\/fr\/produit\/pierre-bonnefille-table-basse-stone-mousse-deau\/","title":{"rendered":"Table Basse Stone A Mousse d&#8217;Eau"},"content":{"rendered":"<p style=\"text-align: justify;\">La table basse Mousse de Pierre Bonnefille a \u00e9t\u00e9 d\u00e9voil\u00e9e pour la premi\u00e8re fois lors de l\u2019exposition AD Int\u00e9rieurs 2019 \u00e0 l\u2019H\u00f4tel de Coulanges \u00e0 Paris, inspir\u00e9e par ses souvenirs de voyages.\u00a0 Allusion po\u00e9tique aux voyages d\u2019exploration de l\u2019artiste, cette table basse aux verts profonds \u00e9voque une roche couverte de mousse et d\u2019algues balay\u00e9e par l\u2019eau d\u2019un ruisseau en Islande. Cette table basse, \u00e9dition de 8+2 est r\u00e9alis\u00e9e \u00e0 la main dans l\u2019atelier de l\u2019artiste \u00e0 Paris.<\/p>\n","protected":false},"excerpt":{"rendered":"<p>\u00c9dition limit\u00e9e : 8 pi\u00e8ces + 2 \u00e9preuves d&#8217;artiste<br \/>\nPlateau r\u00e9alis\u00e9 avec une technique mixte sur bois et r\u00e9sine<br \/>\nBase en cuivre patin\u00e9<br \/>\n<a href=\"https:\/\/theinvisiblecollection.com\/wp-content\/uploads\/2021\/12\/TheInvisibleCollection_Pierre_Bonnefille_Finishes_Selection_Mousse_D_Eau.pdf\" target=\"_blank\" rel=\"noopener\"><span style=\"text-decoration: underline;\">D\u00e9couvrez la s\u00e9lection de finitions ici<\/span><\/a><br \/>\nDimensions sur-mesure sur demande<\/p>\n<p>Disponible en deux dimensions :<br \/>\nMoyenne : L 130 x l 89 x H 41 cm<br \/>\nGrande : L 170 x l 118 x H 41 cm<\/p>\n<p>Fabriqu\u00e9e \u00e0 la main en France<br \/>\nD\u00e9lais de fabrication : 12 semaines<\/p>\n<p class=\"p1\"><span style=\"text-decoration: underline;\"><span class=\"s1\"><a href=\"https:\/\/www.theinvisiblecollection.com\/fr\/demande-de-devis\/?product_id=69066\" target=\"_blank\" rel=\"noopener\">Contactez-nous pour toute demande de devis ou de renseignements<\/a><\/span><\/span><\/p>\n","protected":false},"featured_media":125877,"template":"","meta":{"_acf_changed":false,"content-type":"","_themeisle_gutenberg_block_has_review":false},"product_brand":[],"product_cat":[7509,12503],"product_tag":[7435,8993,9066,9456,12268,12274,22790,31477,33319],"product_designer":[12266],"comfabric":[],"manufacturer":[16741],"reporting_designer":[37577],"samplecomfabric":[],"designer_clubroom":[],"class_list":{"0":"post-69066","1":"product","2":"type-product","3":"status-publish","4":"has-post-thumbnail","6":"product_cat-tables-basses-dappoint","7":"product_cat-tables-fr","8":"product_tag-new-in-fr","9":"product_tag-salon","10":"product_tag-table-basse","11":"product_tag-cabinet","12":"product_tag-atelier-pierre-bonnefille-fr","13":"product_tag-bloc-carbone-fr","14":"product_tag-disponible-immediatement","15":"product_tag-st-curvy-fr","16":"product_tag-edition-limitee","17":"pa_size-grand-fr","18":"pa_size-moyen-fr","19":"product_designer-pierre-bonnefille-fr","20":"manufacturer-pierre-bonnefille-atelier-1-fr","21":"reporting_designer-pierre-bonnefille","22":"exhibitions-new-york-fr","24":"first","25":"instock","26":"taxable","27":"shipping-taxable","28":"purchasable","29":"product-type-variable"},"acf":[],"_links":{"self":[{"href":"https:\/\/theinvisiblecollection.com\/fr\/wp-json\/wp\/v2\/product\/69066","targetHints":{"allow":["GET"]}}],"collection":[{"href":"https:\/\/theinvisiblecollection.com\/fr\/wp-json\/wp\/v2\/product"}],"about":[{"href":"https:\/\/theinvisiblecollection.com\/fr\/wp-json\/wp\/v2\/types\/product"}],"wp:featuredmedia":[{"embeddable":true,"href":"https:\/\/theinvisiblecollection.com\/fr\/wp-json\/wp\/v2\/media\/125877"}],"wp:attachment":[{"href":"https:\/\/theinvisiblecollection.com\/fr\/wp-json\/wp\/v2\/media?parent=69066"}],"wp:term":[{"taxonomy":"product_brand","embeddable":true,"href":"https:\/\/theinvisiblecollection.com\/fr\/wp-json\/wp\/v2\/product_brand?post=69066"},{"taxonomy":"product_cat","embeddable":true,"href":"https:\/\/theinvisiblecollection.com\/fr\/wp-json\/wp\/v2\/product_cat?post=69066"},{"taxonomy":"product_tag","embeddable":true,"href":"https:\/\/theinvisiblecollection.com\/fr\/wp-json\/wp\/v2\/product_tag?post=69066"},{"taxonomy":"product_designer","embeddable":true,"href":"https:\/\/theinvisiblecollection.com\/fr\/wp-json\/wp\/v2\/product_designer?post=69066"},{"taxonomy":"comfabric","embeddable":true,"href":"https:\/\/theinvisiblecollection.com\/fr\/wp-json\/wp\/v2\/comfabric?post=69066"},{"taxonomy":"manufacturer","embeddable":true,"href":"https:\/\/theinvisiblecollection.com\/fr\/wp-json\/wp\/v2\/manufacturer?post=69066"},{"taxonomy":"reporting_designer","embeddable":true,"href":"https:\/\/theinvisiblecollection.com\/fr\/wp-json\/wp\/v2\/reporting_designer?post=69066"},{"taxonomy":"samplecomfabric","embeddable":true,"href":"https:\/\/theinvisiblecollection.com\/fr\/wp-json\/wp\/v2\/samplecomfabric?post=69066"},{"taxonomy":"clubroom_product_designer","embeddable":true,"href":"https:\/\/theinvisiblecollection.com\/fr\/wp-json\/wp\/v2\/designer_clubroom?post=69066"}],"curies":[{"name":"wp","href":"https:\/\/api.w.org\/{rel}","templated":true}]}}