{"id":69116,"date":"2021-02-18T10:50:12","date_gmt":"2021-02-18T09:50:12","guid":{"rendered":"https:\/\/theinvisiblecollection.com\/?post_type=product&#038;p=69116"},"modified":"2026-05-01T07:39:24","modified_gmt":"2026-05-01T07:39:24","slug":"atelier-pierre-bonnefille-table-polygone-1","status":"publish","type":"product","link":"https:\/\/theinvisiblecollection.com\/fr\/produit\/atelier-pierre-bonnefille-table-polygone-1\/","title":{"rendered":"Table Polygone 1 Cuivre"},"content":{"rendered":"<p style=\"text-align: justify;\">Les formes particuli\u00e8res de la table Polygone sont inspir\u00e9es par les g\u00e9om\u00e9tries capt\u00e9es dans diff\u00e9rentes formes de cristallisation, comme celles des roches basaltiques. Cette table est travaill\u00e9e avec des pigments naturels et des poudres m\u00e9talliques rappelant les mati\u00e8res les plus brutes, du carbone au cuivre. Les pieds, en plaques de laiton ou de cuivre contrastent avec le plateau.<\/p>\n<p style=\"text-align: justify;\">Cette table,\u00a0\u00e9dition\u00a0de 8+2\u00a0est\u00a0r\u00e9alis\u00e9e\u00a0\u00e0 la main dans\u00a0l\u2019atelier\u00a0de\u00a0l\u2019artiste\u00a0\u00e0 Paris.<\/p>\n","protected":false},"excerpt":{"rendered":"<p>Edition limit\u00e9e : 8 pi\u00e8ces + 2 \u00e9preuves d&#8217;artiste<br \/>\nTechnique mixte sur bois et cuivre<\/p>\n<p>L 240 x l 100 x H 72 cm<br \/>\nDimensions sur-mesure sur demande<\/p>\n<p>Fabriqu\u00e9 \u00e0 la main en France<br \/>\nD\u00e9lais de fabrication : 12 semaines<\/p>\n<p class=\"p1\"><span style=\"text-decoration: underline;\"><span class=\"s1\"><a href=\"https:\/\/www.theinvisiblecollection.com\/fr\/demande-de-devis\/?product_id=69116\" target=\"_blank\" rel=\"noopener\">Contactez-nous pour toute demande de devis ou de renseignements<\/a><\/span><\/span><\/p>\n","protected":false},"featured_media":2465509,"template":"","meta":{"_acf_changed":false,"content-type":"","_themeisle_gutenberg_block_has_review":false},"product_brand":[],"product_cat":[7704,12503],"product_tag":[8993,9066,9372,12268,12274,33319],"product_designer":[12266],"comfabric":[],"manufacturer":[16741],"reporting_designer":[37577],"samplecomfabric":[],"designer_clubroom":[],"class_list":{"0":"post-69116","1":"product","2":"type-product","3":"status-publish","4":"has-post-thumbnail","6":"product_cat-bureaux-fr","7":"product_cat-tables-fr","8":"product_tag-salon","9":"product_tag-table-basse","10":"product_tag-cuivre","11":"product_tag-atelier-pierre-bonnefille-fr","12":"product_tag-bloc-carbone-fr","13":"product_tag-edition-limitee","14":"product_designer-pierre-bonnefille-fr","15":"manufacturer-pierre-bonnefille-atelier-1-fr","16":"reporting_designer-pierre-bonnefille","18":"first","19":"instock","20":"taxable","21":"shipping-taxable","22":"purchasable","23":"product-type-simple"},"acf":[],"_links":{"self":[{"href":"https:\/\/theinvisiblecollection.com\/fr\/wp-json\/wp\/v2\/product\/69116","targetHints":{"allow":["GET"]}}],"collection":[{"href":"https:\/\/theinvisiblecollection.com\/fr\/wp-json\/wp\/v2\/product"}],"about":[{"href":"https:\/\/theinvisiblecollection.com\/fr\/wp-json\/wp\/v2\/types\/product"}],"wp:featuredmedia":[{"embeddable":true,"href":"https:\/\/theinvisiblecollection.com\/fr\/wp-json\/wp\/v2\/media\/2465509"}],"wp:attachment":[{"href":"https:\/\/theinvisiblecollection.com\/fr\/wp-json\/wp\/v2\/media?parent=69116"}],"wp:term":[{"taxonomy":"product_brand","embeddable":true,"href":"https:\/\/theinvisiblecollection.com\/fr\/wp-json\/wp\/v2\/product_brand?post=69116"},{"taxonomy":"product_cat","embeddable":true,"href":"https:\/\/theinvisiblecollection.com\/fr\/wp-json\/wp\/v2\/product_cat?post=69116"},{"taxonomy":"product_tag","embeddable":true,"href":"https:\/\/theinvisiblecollection.com\/fr\/wp-json\/wp\/v2\/product_tag?post=69116"},{"taxonomy":"product_designer","embeddable":true,"href":"https:\/\/theinvisiblecollection.com\/fr\/wp-json\/wp\/v2\/product_designer?post=69116"},{"taxonomy":"comfabric","embeddable":true,"href":"https:\/\/theinvisiblecollection.com\/fr\/wp-json\/wp\/v2\/comfabric?post=69116"},{"taxonomy":"manufacturer","embeddable":true,"href":"https:\/\/theinvisiblecollection.com\/fr\/wp-json\/wp\/v2\/manufacturer?post=69116"},{"taxonomy":"reporting_designer","embeddable":true,"href":"https:\/\/theinvisiblecollection.com\/fr\/wp-json\/wp\/v2\/reporting_designer?post=69116"},{"taxonomy":"samplecomfabric","embeddable":true,"href":"https:\/\/theinvisiblecollection.com\/fr\/wp-json\/wp\/v2\/samplecomfabric?post=69116"},{"taxonomy":"clubroom_product_designer","embeddable":true,"href":"https:\/\/theinvisiblecollection.com\/fr\/wp-json\/wp\/v2\/designer_clubroom?post=69116"}],"curies":[{"name":"wp","href":"https:\/\/api.w.org\/{rel}","templated":true}]}}