{"id":69536,"date":"2021-01-09T12:50:57","date_gmt":"2021-01-09T11:50:57","guid":{"rendered":"https:\/\/theinvisiblecollection.com\/?post_type=product&#038;p=69536"},"modified":"2026-05-08T04:40:37","modified_gmt":"2026-05-08T04:40:37","slug":"osanna-visconti-bougeoi-en-bronze-fondu-n-3","status":"publish","type":"product","link":"https:\/\/theinvisiblecollection.com\/fr\/produit\/osanna-visconti-bougeoi-en-bronze-fondu-n-3\/","title":{"rendered":"Bougeoir Bronze Fondu N\u00b03"},"content":{"rendered":"<p style=\"text-align: justify;\"><span data-contrast=\"auto\">La technique de la cire perdue utilise\u00a0<\/span><span data-contrast=\"auto\">une<\/span><span data-contrast=\"auto\">\u00a0<\/span><span data-contrast=\"auto\">forme<\/span><span data-contrast=\"auto\">\u00a0<\/span><span data-contrast=\"auto\">n\u00e9gative<\/span><span data-contrast=\"auto\">\u00a0dans\u00a0<\/span><span data-contrast=\"auto\">laquelle<\/span><span data-contrast=\"auto\">\u00a0le\u00a0<\/span><span data-contrast=\"auto\">m\u00e9tal<\/span><span data-contrast=\"auto\">\u00a0fondu\u00a0<\/span><span data-contrast=\"auto\">est<\/span><span data-contrast=\"auto\">\u00a0<\/span><span data-contrast=\"auto\">coul\u00e9<\/span><span data-contrast=\"auto\">. Une premi\u00e8re sculpture en cire\u00a0<\/span><span data-contrast=\"auto\">est<\/span><span data-contrast=\"auto\">\u00a0<\/span><span data-contrast=\"auto\">utilis\u00e9e<\/span><span data-contrast=\"auto\">\u00a0pour\u00a0<\/span><span data-contrast=\"auto\">cr\u00e9er<\/span><span data-contrast=\"auto\">\u00a0un\u00a0<\/span><span data-contrast=\"auto\">moule<\/span><span data-contrast=\"auto\">. Pendant le\u00a0<\/span><span data-contrast=\"auto\">s\u00e9chage<\/span><span data-contrast=\"auto\">, la cire\u00a0<\/span><span data-contrast=\"auto\">est<\/span><span data-contrast=\"auto\">\u00a0fondue et\u00a0<\/span><span data-contrast=\"auto\">\u00e9goutt\u00e9e<\/span><span data-contrast=\"auto\">,\u00a0<\/span><span data-contrast=\"auto\">laissant<\/span><span data-contrast=\"auto\">\u00a0derri\u00e8re\u00a0<\/span><span data-contrast=\"auto\">elle<\/span><span data-contrast=\"auto\">\u00a0la\u00a0<\/span><span data-contrast=\"auto\">forme<\/span><span data-contrast=\"auto\">\u00a0<\/span><span data-contrast=\"auto\">n\u00e9gative<\/span><span data-contrast=\"auto\">\u00a0de la cire. Le bronze\u00a0<\/span><span data-contrast=\"auto\">liquide<\/span><span data-contrast=\"auto\">\u00a0<\/span><span data-contrast=\"auto\">est<\/span><span data-contrast=\"auto\">\u00a0<\/span><span data-contrast=\"auto\">ensuite<\/span><span data-contrast=\"auto\">\u00a0<\/span><span data-contrast=\"auto\">coul\u00e9<\/span><span data-contrast=\"auto\">\u00a0dans\u00a0<\/span><span data-contrast=\"auto\">ce<\/span><span data-contrast=\"auto\">\u00a0<\/span><span data-contrast=\"auto\">moule<\/span><span data-contrast=\"auto\">. Le\u00a0<\/span><span data-contrast=\"auto\">mod\u00e8le<\/span><span data-contrast=\"auto\">\u00a0en cire,\u00a0<\/span><span data-contrast=\"auto\">qu&#8217;Osanna<\/span><span data-contrast=\"auto\">\u00a0<\/span><span data-contrast=\"auto\">p\u00e9trit<\/span><span data-contrast=\"auto\">\u00a0et\u00a0<\/span><span data-contrast=\"auto\">fa\u00e7onne<\/span><span data-contrast=\"auto\">\u00a0\u00e0 la main,\u00a0<\/span><span data-contrast=\"auto\">est<\/span><span data-contrast=\"auto\">\u00a0<\/span><span data-contrast=\"auto\">l&#8217;\u00e9l\u00e9ment<\/span><span data-contrast=\"auto\">\u00a0<\/span><span data-contrast=\"auto\">essentiel<\/span><span data-contrast=\"auto\">\u00a0qui\u00a0<\/span><span data-contrast=\"auto\">donne<\/span><span data-contrast=\"auto\">\u00a0\u00e0\u00a0<\/span><span data-contrast=\"auto\">ses<\/span><span data-contrast=\"auto\">\u00a0<\/span><span data-contrast=\"auto\">pi\u00e8ces<\/span><span data-contrast=\"auto\">\u00a0<\/span><span data-contrast=\"auto\">leur<\/span><span data-contrast=\"auto\">\u00a0<\/span><span data-contrast=\"auto\">identit\u00e9<\/span><span data-contrast=\"auto\">. Apr\u00e8s la\u00a0<\/span><span data-contrast=\"auto\">derni\u00e8re<\/span><span data-contrast=\"auto\">\u00a0\u00e9tape de\u00a0<\/span><span data-contrast=\"auto\">ciselage<\/span><span data-contrast=\"auto\">, le bronze\u00a0<\/span><span data-contrast=\"auto\">est<\/span><span data-contrast=\"auto\">\u00a0pr\u00eat \u00e0\u00a0<\/span><span data-contrast=\"auto\">recevoir<\/span><span data-contrast=\"auto\">\u00a0les\u00a0<\/span><span data-contrast=\"auto\">patines<\/span><span data-contrast=\"auto\">\u00a0de couleur.<\/span><span data-contrast=\"auto\">\u00a0<\/span><span data-ccp-props=\"{&quot;201341983&quot;:0,&quot;335559740&quot;:259}\">\u00a0<\/span><\/p>\n","protected":false},"excerpt":{"rendered":"<p>Bougeoir disponible en bronze naturel ou en patine noire,\u00a0sculpt\u00e9 gr\u00e2ce \u00e0 la technique de la cire perdue<br \/>\nChaque pi\u00e8ce est unique<br \/>\nDimensions sur-mesure sur demande<\/p>\n<p>l 20 x H 13 cm<br \/>\nProfondeur : 13.5 cm<\/p>\n<p>Fabriqu\u00e9 \u00e0 la main en Italie<br \/>\nD\u00e9lais de fabrication : 12 &#8211; 14 semaines<\/p>\n<p><span style=\"text-decoration: underline;\"><a href=\"https:\/\/www.theinvisiblecollection.com\/fr\/demande-de-devis\/?product_id=69536\">Contactez-nous pour toute demande de devis ou de renseignements<\/a><\/span><\/p>\n","protected":false},"featured_media":72319,"template":"","meta":{"_acf_changed":false,"content-type":"","_themeisle_gutenberg_block_has_review":false},"product_brand":[],"product_cat":[7517,12529,12531,12535,16319],"product_tag":[8989,9200,11659],"product_designer":[8873],"comfabric":[],"manufacturer":[20001],"reporting_designer":[37502],"samplecomfabric":[],"designer_clubroom":[],"class_list":{"0":"post-69536","1":"product","2":"type-product","3":"status-publish","4":"has-post-thumbnail","6":"product_cat-deco-fr","7":"product_cat-bougies-bougeoirs","8":"product_cat-objets-de-decoration","9":"product_cat-arts-de-la-table","10":"product_cat-cartes-cadeaux","11":"product_tag-photophore","12":"product_tag-luminaire-fr-2","13":"product_tag-osanna-visconti-di-modrone-fr","14":"pa_color-bronze-naturel-fr","15":"pa_color-bronze-naturel-patine-noire-fr","16":"product_designer-osanna-visconti-fr","17":"manufacturer-osanna-visconti-gallery-fr","18":"reporting_designer-osanna-visconti","20":"first","21":"instock","22":"taxable","23":"shipping-taxable","24":"product-type-variable"},"acf":[],"_links":{"self":[{"href":"https:\/\/theinvisiblecollection.com\/fr\/wp-json\/wp\/v2\/product\/69536","targetHints":{"allow":["GET"]}}],"collection":[{"href":"https:\/\/theinvisiblecollection.com\/fr\/wp-json\/wp\/v2\/product"}],"about":[{"href":"https:\/\/theinvisiblecollection.com\/fr\/wp-json\/wp\/v2\/types\/product"}],"wp:featuredmedia":[{"embeddable":true,"href":"https:\/\/theinvisiblecollection.com\/fr\/wp-json\/wp\/v2\/media\/72319"}],"wp:attachment":[{"href":"https:\/\/theinvisiblecollection.com\/fr\/wp-json\/wp\/v2\/media?parent=69536"}],"wp:term":[{"taxonomy":"product_brand","embeddable":true,"href":"https:\/\/theinvisiblecollection.com\/fr\/wp-json\/wp\/v2\/product_brand?post=69536"},{"taxonomy":"product_cat","embeddable":true,"href":"https:\/\/theinvisiblecollection.com\/fr\/wp-json\/wp\/v2\/product_cat?post=69536"},{"taxonomy":"product_tag","embeddable":true,"href":"https:\/\/theinvisiblecollection.com\/fr\/wp-json\/wp\/v2\/product_tag?post=69536"},{"taxonomy":"product_designer","embeddable":true,"href":"https:\/\/theinvisiblecollection.com\/fr\/wp-json\/wp\/v2\/product_designer?post=69536"},{"taxonomy":"comfabric","embeddable":true,"href":"https:\/\/theinvisiblecollection.com\/fr\/wp-json\/wp\/v2\/comfabric?post=69536"},{"taxonomy":"manufacturer","embeddable":true,"href":"https:\/\/theinvisiblecollection.com\/fr\/wp-json\/wp\/v2\/manufacturer?post=69536"},{"taxonomy":"reporting_designer","embeddable":true,"href":"https:\/\/theinvisiblecollection.com\/fr\/wp-json\/wp\/v2\/reporting_designer?post=69536"},{"taxonomy":"samplecomfabric","embeddable":true,"href":"https:\/\/theinvisiblecollection.com\/fr\/wp-json\/wp\/v2\/samplecomfabric?post=69536"},{"taxonomy":"clubroom_product_designer","embeddable":true,"href":"https:\/\/theinvisiblecollection.com\/fr\/wp-json\/wp\/v2\/designer_clubroom?post=69536"}],"curies":[{"name":"wp","href":"https:\/\/api.w.org\/{rel}","templated":true}]}}