{"id":71124,"date":"2021-02-03T20:56:35","date_gmt":"2021-02-03T19:56:35","guid":{"rendered":"https:\/\/theinvisiblecollection.com\/?post_type=product&#038;p=71124"},"modified":"2026-05-08T04:40:37","modified_gmt":"2026-05-08T04:40:37","slug":"french-cliche-theiere-le-croissant","status":"publish","type":"product","link":"https:\/\/theinvisiblecollection.com\/fr\/produit\/french-cliche-theiere-le-croissant\/","title":{"rendered":"Th\u00e9i\u00e8re Le Croissant"},"content":{"rendered":"<p style=\"text-align: justify;\">Pia Chevalier imagine une collection d&#8217;objets autour de la table inspir\u00e9es des patisseries traditionnelles Fran\u00e7aise. Les th\u00e9i\u00e8res croissant, \u00e9dit\u00e9es \u00e0 100 et 150 exemplaires sont des futurs collectors French Clich\u00e9.<\/p>\n","protected":false},"excerpt":{"rendered":"<p>Con\u00e7ue par Pia Chevalier<br \/>\nTh\u00e9i\u00e8re en c\u00e9ramique \u00e9maill\u00e9e<\/p>\n<p>Disponible en deux dimensions :<br \/>\nL 17 x H 10 cm<br \/>\nL 20 x H 13 cm<\/p>\n<p>Fabriqu\u00e9 a la main en France<br \/>\nD\u00e9lais de production : 1 &#8211; 3 semaines<\/p>\n<p><span style=\"text-decoration: underline;\"><span class=\"s1\"><a href=\"https:\/\/www.theinvisiblecollection.com\/fr\/demande-de-devis\/?product_id=71124\">Contactez-nous pour toute demande de devis ou de renseignements<\/a><\/span><\/span><\/p>\n","protected":false},"featured_media":139811,"template":"","meta":{"_acf_changed":false,"content-type":"","_themeisle_gutenberg_block_has_review":false},"product_brand":[],"product_cat":[7517,12535,16319],"product_tag":[9019,9250],"product_designer":[12327],"comfabric":[],"manufacturer":[22105],"reporting_designer":[37459],"samplecomfabric":[],"designer_clubroom":[],"class_list":{"0":"post-71124","1":"product","2":"type-product","3":"status-publish","4":"has-post-thumbnail","6":"product_cat-deco-fr","7":"product_cat-arts-de-la-table","8":"product_cat-cartes-cadeaux","9":"product_tag-cuisine","10":"product_tag-the","11":"pa_size-grand-fr","12":"pa_size-petit-fr","13":"product_designer-french-cliche-fr","14":"manufacturer-french-clich-atelier-2-fr","15":"reporting_designer-french-cliche","17":"first","18":"instock","19":"taxable","20":"shipping-taxable","21":"purchasable","22":"product-type-variable"},"acf":[],"_links":{"self":[{"href":"https:\/\/theinvisiblecollection.com\/fr\/wp-json\/wp\/v2\/product\/71124","targetHints":{"allow":["GET"]}}],"collection":[{"href":"https:\/\/theinvisiblecollection.com\/fr\/wp-json\/wp\/v2\/product"}],"about":[{"href":"https:\/\/theinvisiblecollection.com\/fr\/wp-json\/wp\/v2\/types\/product"}],"wp:featuredmedia":[{"embeddable":true,"href":"https:\/\/theinvisiblecollection.com\/fr\/wp-json\/wp\/v2\/media\/139811"}],"wp:attachment":[{"href":"https:\/\/theinvisiblecollection.com\/fr\/wp-json\/wp\/v2\/media?parent=71124"}],"wp:term":[{"taxonomy":"product_brand","embeddable":true,"href":"https:\/\/theinvisiblecollection.com\/fr\/wp-json\/wp\/v2\/product_brand?post=71124"},{"taxonomy":"product_cat","embeddable":true,"href":"https:\/\/theinvisiblecollection.com\/fr\/wp-json\/wp\/v2\/product_cat?post=71124"},{"taxonomy":"product_tag","embeddable":true,"href":"https:\/\/theinvisiblecollection.com\/fr\/wp-json\/wp\/v2\/product_tag?post=71124"},{"taxonomy":"product_designer","embeddable":true,"href":"https:\/\/theinvisiblecollection.com\/fr\/wp-json\/wp\/v2\/product_designer?post=71124"},{"taxonomy":"comfabric","embeddable":true,"href":"https:\/\/theinvisiblecollection.com\/fr\/wp-json\/wp\/v2\/comfabric?post=71124"},{"taxonomy":"manufacturer","embeddable":true,"href":"https:\/\/theinvisiblecollection.com\/fr\/wp-json\/wp\/v2\/manufacturer?post=71124"},{"taxonomy":"reporting_designer","embeddable":true,"href":"https:\/\/theinvisiblecollection.com\/fr\/wp-json\/wp\/v2\/reporting_designer?post=71124"},{"taxonomy":"samplecomfabric","embeddable":true,"href":"https:\/\/theinvisiblecollection.com\/fr\/wp-json\/wp\/v2\/samplecomfabric?post=71124"},{"taxonomy":"clubroom_product_designer","embeddable":true,"href":"https:\/\/theinvisiblecollection.com\/fr\/wp-json\/wp\/v2\/designer_clubroom?post=71124"}],"curies":[{"name":"wp","href":"https:\/\/api.w.org\/{rel}","templated":true}]}}