{"id":71603,"date":"2021-02-03T12:38:43","date_gmt":"2021-02-03T11:38:43","guid":{"rendered":"https:\/\/theinvisiblecollection.com\/?post_type=product&#038;p=71603"},"modified":"2026-05-01T07:39:22","modified_gmt":"2026-05-01T07:39:22","slug":"french-cliche-tapis-sans-titre-1","status":"publish","type":"product","link":"https:\/\/theinvisiblecollection.com\/fr\/produit\/french-cliche-tapis-sans-titre-1\/","title":{"rendered":"Tapis Sans-Titre 1"},"content":{"rendered":"<p style=\"text-align: justify;\">Pour French Clich\u00e9, l\u2019artiste prot\u00e9iforme Eva Taulois collabore avec Maison S et cr\u00e9e une s\u00e9rie de tapis en \u00e9dition limit\u00e9e. Chez Eva Taulois, tout est affaire de mati\u00e8re et de surface : la profondeur d\u2019un velours, les reflets synth\u00e9tiques d\u2019un plastique, la rugosit\u00e9 du cr\u00e9pi&#8230; les couleurs occupent une place \u00e0 part enti\u00e8re : flamboyantes, elles cr\u00e9ent une rythmique et une atmosph\u00e8re accueillante pour le visiteur. En 2017, Eva Taulois pr\u00e9sentait dans le cadre de la Biennale de Lyon, un tapis peint. Quelques ann\u00e9es plus tard alors que le duo French Clich\u00e9 rencontre Sibylle de Tavernost (Maison S) au lancement de sa fabrique de tapis sur mesure, le d\u00e9sire de cr\u00e9er une \u00e9dition d\u2019artiste est imm\u00e9diat. Un appel, une rencontre, assises sur un tapis m\u00e8ne Eva Taulois \u00e0 peindre des formes libres et color\u00e9es. A partir de peintures originales de l\u2019artiste, Maison S tisse au fils de laine une toile, couleur apr\u00e8s couleur, le tapis prend forme, la peinture est r\u00e9stitu\u00e9e.<\/p>\n","protected":false},"excerpt":{"rendered":"<p>30 pi\u00e8ces<br \/>\nCon\u00e7u par Eva Taulois X Maison S<br \/>\nTapis en laine tuft\u00e9 \u00e0 la main, taille minimum 6 m2<br \/>\nMod\u00e8le et dimensions sur-mesure sur demande<\/p>\n<p>L 200 x l 300 cm<\/p>\n<p><span class=\"s1\">Fabriqu\u00e9 \u00e0 la main en N\u00e9pal<br \/>\n<\/span><span class=\"s1\">D\u00e9lais de production : 10 semaine<\/span><span class=\"s1\">s<\/span><\/p>\n<p><span style=\"text-decoration: underline;\"><a href=\"https:\/\/www.theinvisiblecollection.com\/fr\/demande-de-devis\/?product_id=71603\" target=\"_blank\" rel=\"noopener\">Contactez-nous pour toute demande de devis ou de renseignements<\/a><\/span><\/p>\n","protected":false},"featured_media":124199,"template":"","meta":{"_acf_changed":false,"content-type":"","_themeisle_gutenberg_block_has_review":false},"product_brand":[],"product_cat":[12540,12541],"product_tag":[9158,14926],"product_designer":[12327],"comfabric":[],"manufacturer":[22105],"reporting_designer":[37459],"samplecomfabric":[],"designer_clubroom":[],"class_list":{"0":"post-71603","1":"product","2":"type-product","3":"status-publish","4":"has-post-thumbnail","6":"product_cat-tapis-fr","7":"product_cat-tufte-a-la-main","8":"product_tag-tufte-a-la-main","9":"product_tag-hplstfav-fr","10":"pa_size-dimensions-standards","11":"pa_size-dimensions-sur-mesure-fr","12":"product_designer-french-cliche-fr","13":"manufacturer-french-clich-atelier-2-fr","14":"reporting_designer-french-cliche","16":"first","17":"instock","18":"taxable","19":"shipping-taxable","20":"purchasable","21":"product-type-variable"},"acf":[],"_links":{"self":[{"href":"https:\/\/theinvisiblecollection.com\/fr\/wp-json\/wp\/v2\/product\/71603","targetHints":{"allow":["GET"]}}],"collection":[{"href":"https:\/\/theinvisiblecollection.com\/fr\/wp-json\/wp\/v2\/product"}],"about":[{"href":"https:\/\/theinvisiblecollection.com\/fr\/wp-json\/wp\/v2\/types\/product"}],"wp:featuredmedia":[{"embeddable":true,"href":"https:\/\/theinvisiblecollection.com\/fr\/wp-json\/wp\/v2\/media\/124199"}],"wp:attachment":[{"href":"https:\/\/theinvisiblecollection.com\/fr\/wp-json\/wp\/v2\/media?parent=71603"}],"wp:term":[{"taxonomy":"product_brand","embeddable":true,"href":"https:\/\/theinvisiblecollection.com\/fr\/wp-json\/wp\/v2\/product_brand?post=71603"},{"taxonomy":"product_cat","embeddable":true,"href":"https:\/\/theinvisiblecollection.com\/fr\/wp-json\/wp\/v2\/product_cat?post=71603"},{"taxonomy":"product_tag","embeddable":true,"href":"https:\/\/theinvisiblecollection.com\/fr\/wp-json\/wp\/v2\/product_tag?post=71603"},{"taxonomy":"product_designer","embeddable":true,"href":"https:\/\/theinvisiblecollection.com\/fr\/wp-json\/wp\/v2\/product_designer?post=71603"},{"taxonomy":"comfabric","embeddable":true,"href":"https:\/\/theinvisiblecollection.com\/fr\/wp-json\/wp\/v2\/comfabric?post=71603"},{"taxonomy":"manufacturer","embeddable":true,"href":"https:\/\/theinvisiblecollection.com\/fr\/wp-json\/wp\/v2\/manufacturer?post=71603"},{"taxonomy":"reporting_designer","embeddable":true,"href":"https:\/\/theinvisiblecollection.com\/fr\/wp-json\/wp\/v2\/reporting_designer?post=71603"},{"taxonomy":"samplecomfabric","embeddable":true,"href":"https:\/\/theinvisiblecollection.com\/fr\/wp-json\/wp\/v2\/samplecomfabric?post=71603"},{"taxonomy":"clubroom_product_designer","embeddable":true,"href":"https:\/\/theinvisiblecollection.com\/fr\/wp-json\/wp\/v2\/designer_clubroom?post=71603"}],"curies":[{"name":"wp","href":"https:\/\/api.w.org\/{rel}","templated":true}]}}