{"id":723943,"date":"2022-10-05T12:18:39","date_gmt":"2022-10-05T11:18:39","guid":{"rendered":"https:\/\/theinvisiblecollection.com\/?post_type=product&#038;p=723943"},"modified":"2026-05-01T07:38:39","modified_gmt":"2026-05-01T07:38:39","slug":"dimoremilano-fauteuil-patty","status":"publish","type":"product","link":"https:\/\/theinvisiblecollection.com\/fr\/produit\/dimoremilano-fauteuil-patty\/","title":{"rendered":"Fauteuil Patty"},"content":{"rendered":"","protected":false},"excerpt":{"rendered":"<p>Petit fauteuil rembourr\u00e9 en mousse de polyur\u00e9thane<br \/>\n<a href=\"https:\/\/theinvisiblecollection.com\/wp-content\/uploads\/2022\/09\/TheInvisibleCollection_Dimoremilano_Patty_Armchair_Fabric_Selection.pdf\" target=\"_blank\" rel=\"noopener\"><span style=\"text-decoration: underline;\">D\u00e9couvrez la s\u00e9lection de tissus ici<\/span><\/a><br \/>\n\u00c9galement disponible en cuir<br \/>\n<a href=\"https:\/\/theinvisiblecollection.com\/wp-content\/uploads\/2022\/09\/TheInvisibleCollection_Dimoremilano_Patty_Armchair_Leather_Selection.pdf\" target=\"_blank\" rel=\"noopener\"><span style=\"text-decoration: underline;\">D\u00e9couvrez la s\u00e9lection de cuir ici<\/span><\/a><br \/>\nStructure en bois laqu\u00e9 brillant ou en acier bross\u00e9 avec d\u00e9tails en laiton poli<br \/>\n<a href=\"https:\/\/theinvisiblecollection.com\/wp-content\/uploads\/2022\/09\/TheInvisibleCollection_Dimoremilano_Patty_Armchair_Structure_Selection-1.pdf\" target=\"_blank\" rel=\"noopener\"><span style=\"text-decoration: underline;\">D\u00e9couvrez la s\u00e9lection de structures ici<\/span><\/a><br \/>\n\u00c9galement disponible en blanc sans tissu<br \/>\nCouleurs, tissus, cuirs et finitions sur-mesure sur demande<\/p>\n<p>Le coussin du dossier de la version satin\u00e9e sera garni de tissu mohair dans la m\u00eame gamme chromatique<br \/>\nLe passepoil de la version mohair sera en satin dans la m\u00eame gamme chromatique<\/p>\n<p>L 59 x l 57 x H 50 cm<br \/>\nHauteur d&#8217;assise : 37 cm<br \/>\nTissu requis : 3 m<\/p>\n<p>Fabriqu\u00e9 \u00e0 la main en Italie<br \/>\nD\u00e9lais de fabrication : 16 &#8211; 20 semaines<\/p>\n<p><span style=\"text-decoration: underline;\"><a href=\"https:\/\/www.theinvisiblecollection.com\/fr\/demande-de-devis\/?product_id=723943\" target=\"_blank\" rel=\"noopener\">Contactez-nous pour toute demande de devis ou de renseignements<\/a><\/span><\/p>\n","protected":false},"featured_media":5685636,"template":"","meta":{"_acf_changed":false,"content-type":"","_themeisle_gutenberg_block_has_review":false},"product_brand":[],"product_cat":[8945,12499],"product_tag":[31477,7435,22790],"product_designer":[19001],"comfabric":[],"manufacturer":[19889],"reporting_designer":[37198],"samplecomfabric":[],"designer_clubroom":[],"class_list":{"0":"post-723943","1":"product","2":"type-product","3":"status-publish","4":"has-post-thumbnail","6":"product_cat-fauteuils","7":"product_cat-assises","8":"product_tag-st-curvy-fr","9":"product_tag-new-in-fr","10":"product_tag-disponible-immediatement","11":"product_designer-dimoremilano-fr","12":"manufacturer-timone-srl-fr","13":"reporting_designer-dimoremilano","14":"exhibitions-londres-fr","16":"first","17":"instock","18":"taxable","19":"shipping-taxable","20":"purchasable","21":"product-type-simple"},"acf":[],"_links":{"self":[{"href":"https:\/\/theinvisiblecollection.com\/fr\/wp-json\/wp\/v2\/product\/723943","targetHints":{"allow":["GET"]}}],"collection":[{"href":"https:\/\/theinvisiblecollection.com\/fr\/wp-json\/wp\/v2\/product"}],"about":[{"href":"https:\/\/theinvisiblecollection.com\/fr\/wp-json\/wp\/v2\/types\/product"}],"wp:featuredmedia":[{"embeddable":true,"href":"https:\/\/theinvisiblecollection.com\/fr\/wp-json\/wp\/v2\/media\/5685636"}],"wp:attachment":[{"href":"https:\/\/theinvisiblecollection.com\/fr\/wp-json\/wp\/v2\/media?parent=723943"}],"wp:term":[{"taxonomy":"product_brand","embeddable":true,"href":"https:\/\/theinvisiblecollection.com\/fr\/wp-json\/wp\/v2\/product_brand?post=723943"},{"taxonomy":"product_cat","embeddable":true,"href":"https:\/\/theinvisiblecollection.com\/fr\/wp-json\/wp\/v2\/product_cat?post=723943"},{"taxonomy":"product_tag","embeddable":true,"href":"https:\/\/theinvisiblecollection.com\/fr\/wp-json\/wp\/v2\/product_tag?post=723943"},{"taxonomy":"product_designer","embeddable":true,"href":"https:\/\/theinvisiblecollection.com\/fr\/wp-json\/wp\/v2\/product_designer?post=723943"},{"taxonomy":"comfabric","embeddable":true,"href":"https:\/\/theinvisiblecollection.com\/fr\/wp-json\/wp\/v2\/comfabric?post=723943"},{"taxonomy":"manufacturer","embeddable":true,"href":"https:\/\/theinvisiblecollection.com\/fr\/wp-json\/wp\/v2\/manufacturer?post=723943"},{"taxonomy":"reporting_designer","embeddable":true,"href":"https:\/\/theinvisiblecollection.com\/fr\/wp-json\/wp\/v2\/reporting_designer?post=723943"},{"taxonomy":"samplecomfabric","embeddable":true,"href":"https:\/\/theinvisiblecollection.com\/fr\/wp-json\/wp\/v2\/samplecomfabric?post=723943"},{"taxonomy":"clubroom_product_designer","embeddable":true,"href":"https:\/\/theinvisiblecollection.com\/fr\/wp-json\/wp\/v2\/designer_clubroom?post=723943"}],"curies":[{"name":"wp","href":"https:\/\/api.w.org\/{rel}","templated":true}]}}