{"id":72438,"date":"2021-05-05T14:00:28","date_gmt":"2021-05-05T13:00:28","guid":{"rendered":"https:\/\/theinvisiblecollection.com\/?post_type=product&#038;p=72438"},"modified":"2026-05-13T08:20:31","modified_gmt":"2026-05-13T08:20:31","slug":"sandra-benhamou-fauteuil-dolly","status":"publish","type":"product","link":"https:\/\/theinvisiblecollection.com\/fr\/produit\/sandra-benhamou-fauteuil-dolly\/","title":{"rendered":"Fauteuil Dolly"},"content":{"rendered":"","protected":false},"excerpt":{"rendered":"<p>Fauteuil en velours Marci de Yarn Collective, couleur galangal<br \/>\n\u00c9galement photographi\u00e9 ici en tissu Teddy Mohair de Pierre Frey, couleur h\u00e9risson<br \/>\n<span style=\"text-decoration: underline;\"><a href=\"https:\/\/theinvisiblecollection.com\/wp-content\/uploads\/2021\/05\/TheinvisibleCollection_SandraBenhamou_Dolly_FabricSelection1.pdf\" target=\"_blank\" rel=\"noopener\">D\u00e9couvrez la s\u00e9lection de tissus ici<\/a><\/span><br \/>\nTissus sur-mesure sur demande<\/p>\n<p>Disponible en deux dimensions :<br \/>\nPetit : L 65 x P 57 x H 66 cm<br \/>\nProfondeur d&#8217;assise : 46 cm<br \/>\nTissu requis : 4 m<br \/>\nGrand : L 70 x P 65 x H 68 cm<br \/>\nProfondeur d&#8217;assise : 51 cm<br \/>\nTissu requis : 5 m<br \/>\nHauteur d&#8217;assise : 40 cm<\/p>\n<p>Fabriqu\u00e9 \u00e0 la main en France<br \/>\nD\u00e9lais de production : 10 &#8211; 12 semaines<\/p>\n<p><span style=\"text-decoration: underline;\"><a href=\"https:\/\/www.theinvisiblecollection.com\/fr\/demande-de-devis\/?product_id=72438\" target=\"_blank\" rel=\"noopener noreferrer\">Contactez-nous pour toute demande de devis ou de renseignements<\/a><\/span><\/p>\n<p>&nbsp;<\/p>\n","protected":false},"featured_media":5816686,"template":"","meta":{"_acf_changed":false,"content-type":"","_themeisle_gutenberg_block_has_review":false},"product_brand":[],"product_cat":[8945,12499],"product_tag":[35206,8858,10255,22790],"product_designer":[12409],"comfabric":[28764],"manufacturer":[20823],"reporting_designer":[37396],"samplecomfabric":[30884],"designer_clubroom":[],"class_list":{"0":"post-72438","1":"product","2":"type-product","3":"status-publish","4":"has-post-thumbnail","6":"product_cat-fauteuils","7":"product_cat-assises","8":"product_tag-exclusive-fr","9":"product_tag-chambre-fr-3","10":"product_tag-salon-fr-4","11":"product_tag-disponible-immediatement","12":"pa_base-base-fixe-fr","13":"pa_base-base-pivotante-fr","14":"pa_size-grand-fr","15":"pa_size-petit-fr","16":"product_designer-sandra-benhamou-fr","17":"comfabric-sandra-benhamou-atelier-oxeti-fr","18":"manufacturer-sandra-benhamou-atelier-oxeti-fr","19":"reporting_designer-sandra-benhamou","20":"samplecomfabric-sandra-benhamou-atelier-oxeti-fr","21":"exhibitions-paris-fr","22":"exhibitions-londres-fr","24":"first","25":"instock","26":"taxable","27":"shipping-taxable","28":"purchasable","29":"product-type-variable"},"acf":[],"_links":{"self":[{"href":"https:\/\/theinvisiblecollection.com\/fr\/wp-json\/wp\/v2\/product\/72438","targetHints":{"allow":["GET"]}}],"collection":[{"href":"https:\/\/theinvisiblecollection.com\/fr\/wp-json\/wp\/v2\/product"}],"about":[{"href":"https:\/\/theinvisiblecollection.com\/fr\/wp-json\/wp\/v2\/types\/product"}],"wp:featuredmedia":[{"embeddable":true,"href":"https:\/\/theinvisiblecollection.com\/fr\/wp-json\/wp\/v2\/media\/5816686"}],"wp:attachment":[{"href":"https:\/\/theinvisiblecollection.com\/fr\/wp-json\/wp\/v2\/media?parent=72438"}],"wp:term":[{"taxonomy":"product_brand","embeddable":true,"href":"https:\/\/theinvisiblecollection.com\/fr\/wp-json\/wp\/v2\/product_brand?post=72438"},{"taxonomy":"product_cat","embeddable":true,"href":"https:\/\/theinvisiblecollection.com\/fr\/wp-json\/wp\/v2\/product_cat?post=72438"},{"taxonomy":"product_tag","embeddable":true,"href":"https:\/\/theinvisiblecollection.com\/fr\/wp-json\/wp\/v2\/product_tag?post=72438"},{"taxonomy":"product_designer","embeddable":true,"href":"https:\/\/theinvisiblecollection.com\/fr\/wp-json\/wp\/v2\/product_designer?post=72438"},{"taxonomy":"comfabric","embeddable":true,"href":"https:\/\/theinvisiblecollection.com\/fr\/wp-json\/wp\/v2\/comfabric?post=72438"},{"taxonomy":"manufacturer","embeddable":true,"href":"https:\/\/theinvisiblecollection.com\/fr\/wp-json\/wp\/v2\/manufacturer?post=72438"},{"taxonomy":"reporting_designer","embeddable":true,"href":"https:\/\/theinvisiblecollection.com\/fr\/wp-json\/wp\/v2\/reporting_designer?post=72438"},{"taxonomy":"samplecomfabric","embeddable":true,"href":"https:\/\/theinvisiblecollection.com\/fr\/wp-json\/wp\/v2\/samplecomfabric?post=72438"},{"taxonomy":"clubroom_product_designer","embeddable":true,"href":"https:\/\/theinvisiblecollection.com\/fr\/wp-json\/wp\/v2\/designer_clubroom?post=72438"}],"curies":[{"name":"wp","href":"https:\/\/api.w.org\/{rel}","templated":true}]}}