{"id":72746,"date":"2021-04-15T14:52:43","date_gmt":"2021-04-15T13:52:43","guid":{"rendered":"https:\/\/theinvisiblecollection.com\/?post_type=product&#038;p=72746"},"modified":"2026-05-01T07:39:22","modified_gmt":"2026-05-01T07:39:22","slug":"louise-liljencrantz-tabouret-de-bar-strict","status":"publish","type":"product","link":"https:\/\/theinvisiblecollection.com\/fr\/produit\/louise-liljencrantz-tabouret-de-bar-strict\/","title":{"rendered":"Tabouret de Bar Strict"},"content":{"rendered":"<p style=\"text-align: justify;\">Le Tabouret de Bar Strict, en noyer ou ch\u00eane finition \u00e0 l&#8217;huile de cire, avec assise en cuire, cr\u00e9\u00e9 par Louise Liljencrantz et KFK Cabinet Makers pour leur collection Veermakers qui incarne l&#8217;esth\u00e9tique et le savoir faire in\u00e9gal\u00e9 de ses fondateurs. Fabriqu\u00e9e dans des mat\u00e9riaux magnifiques &#8211; bois naturel, pierre et acier \u2013 la collection pr\u00e9sente de beaux designs, dont trois tabourets diff\u00e9rents en noyer et en ch\u00eane, la table basse Cloud en noyer ou en ch\u00eane et la table Eight en acier br\u00fbl\u00e9 \u00e0 l&#8217;huile de lin. Chaque design est anim\u00e9 par le mat\u00e9riau naturel dont il est fait, ce qui rend chaque pi\u00e8ce unique.<\/p>\n","protected":false},"excerpt":{"rendered":"<p>Photographi\u00e9 ici en noyer avec assise en cuir noir<br \/>\nFinition \u00e0 l&#8217;huile de cire<br \/>\nDisponible \u00e9galement en ch\u00eane ou avec une assise en cognac<br \/>\n<span style=\"text-decoration: underline;\"><a href=\"https:\/\/theinvisiblecollection.com\/wp-content\/uploads\/2022\/11\/TheInvisibleCollection_Veermakers_Liljencrantz_LeatherSelection.jpg\" target=\"_blank\" rel=\"noopener\">D\u00e9couvrir la selection de cuir ici<\/a><br \/>\n<\/span>Chaque table est unique en raison de sa nature artisanale, les formes et les teintes varient l\u00e9g\u00e8rement<span style=\"text-decoration: underline;\"><br \/>\n<\/span>Finitions et cuirs sur-mesure sur demande<\/p>\n<p>Deux dimensions disponibles :<br \/>\nTabouret de bar : L 42 x H 93 cm, hauteur d&#8217;assise : H 76 cm<br \/>\nTabouret de comptoir : L 42 x H 79 cm, hauteur d&#8217;assise : H 62 cm<\/p>\n<p>Fabriqu\u00e9 \u00e0 la main \u00e0 Stockholm, en Su\u00e8de<br \/>\nD\u00e9lais de fabrication : 12 &#8211; 14 semaines<\/p>\n<p class=\"p1\"><span style=\"text-decoration: underline;\"><span class=\"s1\"><a href=\"https:\/\/www.theinvisiblecollection.com\/fr\/demande-de-devis\/?product_id=72746\">Contactez-nous pour toute demande de devis ou de renseignements<\/a><\/span><\/span><\/p>\n","protected":false},"featured_media":155526,"template":"","meta":{"_acf_changed":false,"content-type":"","_themeisle_gutenberg_block_has_review":false},"product_brand":[],"product_cat":[8962,8969,12499,34857],"product_tag":[12464,12465,22790,31477,35326,9001,9275,10268,10904,10906],"product_designer":[8899],"comfabric":[],"manufacturer":[32679],"reporting_designer":[],"samplecomfabric":[],"designer_clubroom":[],"class_list":{"0":"post-72746","1":"product","2":"type-product","3":"status-publish","4":"has-post-thumbnail","6":"product_cat-chaises","7":"product_cat-ottomans-tabourets","8":"product_cat-assises","9":"product_cat-tabourets-de-bar","10":"product_tag-liljencrantz-fr","11":"product_tag-walnut-fr","12":"product_tag-disponible-immediatement","13":"product_tag-st-curvy-fr","14":"product_tag-st-scandinavian-fr","15":"product_tag-chene","16":"product_tag-tabouret-fr-2","17":"product_tag-louise-liljencrantz-fr-fr","18":"product_tag-bar-fr","19":"product_tag-tabouret-de-bar","20":"product_designer-veermakers-par-louise-liljencrantz-fr","21":"manufacturer-louise-liljencrantz-finland-atelier-fr","23":"first","24":"instock","25":"taxable","26":"shipping-taxable","27":"purchasable","28":"product-type-variable"},"acf":[],"_links":{"self":[{"href":"https:\/\/theinvisiblecollection.com\/fr\/wp-json\/wp\/v2\/product\/72746","targetHints":{"allow":["GET"]}}],"collection":[{"href":"https:\/\/theinvisiblecollection.com\/fr\/wp-json\/wp\/v2\/product"}],"about":[{"href":"https:\/\/theinvisiblecollection.com\/fr\/wp-json\/wp\/v2\/types\/product"}],"wp:featuredmedia":[{"embeddable":true,"href":"https:\/\/theinvisiblecollection.com\/fr\/wp-json\/wp\/v2\/media\/155526"}],"wp:attachment":[{"href":"https:\/\/theinvisiblecollection.com\/fr\/wp-json\/wp\/v2\/media?parent=72746"}],"wp:term":[{"taxonomy":"product_brand","embeddable":true,"href":"https:\/\/theinvisiblecollection.com\/fr\/wp-json\/wp\/v2\/product_brand?post=72746"},{"taxonomy":"product_cat","embeddable":true,"href":"https:\/\/theinvisiblecollection.com\/fr\/wp-json\/wp\/v2\/product_cat?post=72746"},{"taxonomy":"product_tag","embeddable":true,"href":"https:\/\/theinvisiblecollection.com\/fr\/wp-json\/wp\/v2\/product_tag?post=72746"},{"taxonomy":"product_designer","embeddable":true,"href":"https:\/\/theinvisiblecollection.com\/fr\/wp-json\/wp\/v2\/product_designer?post=72746"},{"taxonomy":"comfabric","embeddable":true,"href":"https:\/\/theinvisiblecollection.com\/fr\/wp-json\/wp\/v2\/comfabric?post=72746"},{"taxonomy":"manufacturer","embeddable":true,"href":"https:\/\/theinvisiblecollection.com\/fr\/wp-json\/wp\/v2\/manufacturer?post=72746"},{"taxonomy":"reporting_designer","embeddable":true,"href":"https:\/\/theinvisiblecollection.com\/fr\/wp-json\/wp\/v2\/reporting_designer?post=72746"},{"taxonomy":"samplecomfabric","embeddable":true,"href":"https:\/\/theinvisiblecollection.com\/fr\/wp-json\/wp\/v2\/samplecomfabric?post=72746"},{"taxonomy":"clubroom_product_designer","embeddable":true,"href":"https:\/\/theinvisiblecollection.com\/fr\/wp-json\/wp\/v2\/designer_clubroom?post=72746"}],"curies":[{"name":"wp","href":"https:\/\/api.w.org\/{rel}","templated":true}]}}