{"id":72862,"date":"2020-02-12T17:56:34","date_gmt":"2020-02-12T16:56:34","guid":{"rendered":"https:\/\/theinvisiblecollection.com\/?post_type=product&#038;p=72862"},"modified":"2026-05-01T07:39:22","modified_gmt":"2026-05-01T07:39:22","slug":"louise-liljencrantz-lampe-de-table-frank","status":"publish","type":"product","link":"https:\/\/theinvisiblecollection.com\/fr\/produit\/louise-liljencrantz-lampe-de-table-frank\/","title":{"rendered":"Lampe Frank"},"content":{"rendered":"<p style=\"text-align: justify;\">La Lampe de table Frank, en pierre de travertin, est cr\u00e9\u00e9e par Louise Liljencrantz et KFK Cabinet Makers pour leur collection Veermakers qui incarne l&#8217;esth\u00e9tique et le savoir faire in\u00e9gal\u00e9 de ses fondateurs. Fabriqu\u00e9e dans des mat\u00e9riaux magnifiques &#8211; bois naturel, pierre et acier \u2013 la collection pr\u00e9sente de beaux designs, dont trois tabourets diff\u00e9rents en noyer et en ch\u00eane, la table basse Cloud en noyer ou en ch\u00eane et la table Eight en acier br\u00fbl\u00e9 \u00e0 l&#8217;huile de lin. Chaque design est anim\u00e9 par le mat\u00e9riau naturel dont il est fait, ce qui rend chaque pi\u00e8ce unique.<\/p>\n","protected":false},"excerpt":{"rendered":"<div>\n<p>Collection Veermakers<br \/>\nLampe en pierre de travertin<br \/>\nAbat-jour 100% soie inclus, tissu Dedar tiss\u00e9 \u00e0 la main<br \/>\nInterrupteur situ\u00e9 sur le cordon<br \/>\n\u00c9lectrifi\u00e9e pour le march\u00e9 europ\u00e9en<\/p>\n<\/div>\n<p>Disponible en deux dimensions :<br \/>\nMoyen : \u00d8 20 x H 36,2 cm<br \/>\nGrand : \u00d8 25 x H 45 cm<\/p>\n<p>Fabriqu\u00e9e \u00e0 la main \u00e0 Stockholm, en Su\u00e8de<br \/>\nD\u00e9lais de fabrication : 12 &#8211; 14 semaines<\/p>\n<p class=\"p1\"><span style=\"text-decoration: underline;\"><span class=\"s1\"><a href=\"https:\/\/www.theinvisiblecollection.com\/fr\/demande-de-devis\/?product_id=72862\">Contactez-nous pour toute demande de devis ou de renseignements<\/a><\/span><\/span><\/p>\n","protected":false},"featured_media":4301608,"template":"","meta":{"_acf_changed":false,"content-type":"","_themeisle_gutenberg_block_has_review":false},"product_brand":[],"product_cat":[8974,12507,13076],"product_tag":[12465,22790,31477,35326,9001,9275,10268,12464],"product_designer":[8899],"comfabric":[],"manufacturer":[19801],"reporting_designer":[],"samplecomfabric":[],"designer_clubroom":[],"class_list":{"0":"post-72862","1":"product","2":"type-product","3":"status-publish","4":"has-post-thumbnail","6":"product_cat-lampes-de-table","7":"product_cat-luminaires","8":"product_cat-bureau-a-la-maison","9":"product_tag-walnut-fr","10":"product_tag-disponible-immediatement","11":"product_tag-st-curvy-fr","12":"product_tag-st-scandinavian-fr","13":"product_tag-chene","14":"product_tag-tabouret-fr-2","15":"product_tag-louise-liljencrantz-fr-fr","16":"product_tag-liljencrantz-fr","17":"pa_size-grand-fr","18":"pa_size-moyen-fr","19":"product_designer-veermakers-par-louise-liljencrantz-fr","20":"manufacturer-spedman-global-logistics-ab-fr","21":"exhibitions-new-york-fr","23":"first","24":"instock","25":"taxable","26":"shipping-taxable","27":"purchasable","28":"product-type-variable"},"acf":[],"_links":{"self":[{"href":"https:\/\/theinvisiblecollection.com\/fr\/wp-json\/wp\/v2\/product\/72862","targetHints":{"allow":["GET"]}}],"collection":[{"href":"https:\/\/theinvisiblecollection.com\/fr\/wp-json\/wp\/v2\/product"}],"about":[{"href":"https:\/\/theinvisiblecollection.com\/fr\/wp-json\/wp\/v2\/types\/product"}],"wp:featuredmedia":[{"embeddable":true,"href":"https:\/\/theinvisiblecollection.com\/fr\/wp-json\/wp\/v2\/media\/4301608"}],"wp:attachment":[{"href":"https:\/\/theinvisiblecollection.com\/fr\/wp-json\/wp\/v2\/media?parent=72862"}],"wp:term":[{"taxonomy":"product_brand","embeddable":true,"href":"https:\/\/theinvisiblecollection.com\/fr\/wp-json\/wp\/v2\/product_brand?post=72862"},{"taxonomy":"product_cat","embeddable":true,"href":"https:\/\/theinvisiblecollection.com\/fr\/wp-json\/wp\/v2\/product_cat?post=72862"},{"taxonomy":"product_tag","embeddable":true,"href":"https:\/\/theinvisiblecollection.com\/fr\/wp-json\/wp\/v2\/product_tag?post=72862"},{"taxonomy":"product_designer","embeddable":true,"href":"https:\/\/theinvisiblecollection.com\/fr\/wp-json\/wp\/v2\/product_designer?post=72862"},{"taxonomy":"comfabric","embeddable":true,"href":"https:\/\/theinvisiblecollection.com\/fr\/wp-json\/wp\/v2\/comfabric?post=72862"},{"taxonomy":"manufacturer","embeddable":true,"href":"https:\/\/theinvisiblecollection.com\/fr\/wp-json\/wp\/v2\/manufacturer?post=72862"},{"taxonomy":"reporting_designer","embeddable":true,"href":"https:\/\/theinvisiblecollection.com\/fr\/wp-json\/wp\/v2\/reporting_designer?post=72862"},{"taxonomy":"samplecomfabric","embeddable":true,"href":"https:\/\/theinvisiblecollection.com\/fr\/wp-json\/wp\/v2\/samplecomfabric?post=72862"},{"taxonomy":"clubroom_product_designer","embeddable":true,"href":"https:\/\/theinvisiblecollection.com\/fr\/wp-json\/wp\/v2\/designer_clubroom?post=72862"}],"curies":[{"name":"wp","href":"https:\/\/api.w.org\/{rel}","templated":true}]}}