{"id":72902,"date":"2021-04-27T14:11:13","date_gmt":"2021-04-27T13:11:13","guid":{"rendered":"https:\/\/theinvisiblecollection.com\/?post_type=product&#038;p=72902"},"modified":"2026-05-01T07:39:22","modified_gmt":"2026-05-01T07:39:22","slug":"louise-liljencrantz-miroir-resize","status":"publish","type":"product","link":"https:\/\/theinvisiblecollection.com\/fr\/produit\/louise-liljencrantz-miroir-resize\/","title":{"rendered":"Miroir Resize"},"content":{"rendered":"<p style=\"text-align: justify;\">Le Miroir Resize, en acier br\u00fbl\u00e9 \u00e0 l&#8217;huile de lin, est cr\u00e9\u00e9 par Louise Liljencrantz et KFK Cabinet Makers pour leur collection Veermakers qui incarne l&#8217;esth\u00e9tique et le savoir faire in\u00e9gal\u00e9 de ses fondateurs. Fabriqu\u00e9e dans des mat\u00e9riaux magnifiques &#8211; bois naturel, pierre et acier \u2013 la collection pr\u00e9sente de beaux designs, dont trois tabourets diff\u00e9rents en noyer et en ch\u00eane, la table basse Cloud en noyer ou en ch\u00eane et la table Eight en acier br\u00fbl\u00e9 \u00e0 l&#8217;huile de lin. Chaque design est anim\u00e9 par le mat\u00e9riau naturel dont il est fait, ce qui rend chaque pi\u00e8ce unique.<\/p>\n","protected":false},"excerpt":{"rendered":"<p>Collection Veermakers<br \/>\nMiroir en acier br\u00fbl\u00e9 \u00e0 l&#8217;huile de lin<br \/>\nDimensions sur-mesure sur demande<\/p>\n<p>\u00d8 50 x H 66 cm<\/p>\n<p>Fabriqu\u00e9 \u00e0 la main \u00e0 Stockholm, en Su\u00e8de<br \/>\nD\u00e9lais de fabrication : 12 &#8211; 14 semaines<\/p>\n<p class=\"p1\"><span style=\"text-decoration: underline;\"><span class=\"s1\"><a href=\"https:\/\/www.theinvisiblecollection.com\/fr\/demande-de-devis\/?product_id=72902\">Contactez-nous pour toute demande de devis ou de renseignements<\/a><\/span><\/span><\/p>\n","protected":false},"featured_media":3832351,"template":"","meta":{"_acf_changed":false,"content-type":"","_themeisle_gutenberg_block_has_review":false},"product_brand":[],"product_cat":[7517,8225],"product_tag":[10268,12464,31477,35326],"product_designer":[8899],"comfabric":[],"manufacturer":[19801],"reporting_designer":[],"samplecomfabric":[],"designer_clubroom":[],"class_list":{"0":"post-72902","1":"product","2":"type-product","3":"status-publish","4":"has-post-thumbnail","6":"product_cat-deco-fr","7":"product_cat-miroirs-fr","8":"product_tag-louise-liljencrantz-fr-fr","9":"product_tag-liljencrantz-fr","10":"product_tag-st-curvy-fr","11":"product_tag-st-scandinavian-fr","12":"pa_size-grand-fr","13":"pa_size-moyen-fr","14":"product_designer-veermakers-par-louise-liljencrantz-fr","15":"manufacturer-spedman-global-logistics-ab-fr","17":"first","18":"instock","19":"taxable","20":"shipping-taxable","21":"purchasable","22":"product-type-simple"},"acf":[],"_links":{"self":[{"href":"https:\/\/theinvisiblecollection.com\/fr\/wp-json\/wp\/v2\/product\/72902","targetHints":{"allow":["GET"]}}],"collection":[{"href":"https:\/\/theinvisiblecollection.com\/fr\/wp-json\/wp\/v2\/product"}],"about":[{"href":"https:\/\/theinvisiblecollection.com\/fr\/wp-json\/wp\/v2\/types\/product"}],"wp:featuredmedia":[{"embeddable":true,"href":"https:\/\/theinvisiblecollection.com\/fr\/wp-json\/wp\/v2\/media\/3832351"}],"wp:attachment":[{"href":"https:\/\/theinvisiblecollection.com\/fr\/wp-json\/wp\/v2\/media?parent=72902"}],"wp:term":[{"taxonomy":"product_brand","embeddable":true,"href":"https:\/\/theinvisiblecollection.com\/fr\/wp-json\/wp\/v2\/product_brand?post=72902"},{"taxonomy":"product_cat","embeddable":true,"href":"https:\/\/theinvisiblecollection.com\/fr\/wp-json\/wp\/v2\/product_cat?post=72902"},{"taxonomy":"product_tag","embeddable":true,"href":"https:\/\/theinvisiblecollection.com\/fr\/wp-json\/wp\/v2\/product_tag?post=72902"},{"taxonomy":"product_designer","embeddable":true,"href":"https:\/\/theinvisiblecollection.com\/fr\/wp-json\/wp\/v2\/product_designer?post=72902"},{"taxonomy":"comfabric","embeddable":true,"href":"https:\/\/theinvisiblecollection.com\/fr\/wp-json\/wp\/v2\/comfabric?post=72902"},{"taxonomy":"manufacturer","embeddable":true,"href":"https:\/\/theinvisiblecollection.com\/fr\/wp-json\/wp\/v2\/manufacturer?post=72902"},{"taxonomy":"reporting_designer","embeddable":true,"href":"https:\/\/theinvisiblecollection.com\/fr\/wp-json\/wp\/v2\/reporting_designer?post=72902"},{"taxonomy":"samplecomfabric","embeddable":true,"href":"https:\/\/theinvisiblecollection.com\/fr\/wp-json\/wp\/v2\/samplecomfabric?post=72902"},{"taxonomy":"clubroom_product_designer","embeddable":true,"href":"https:\/\/theinvisiblecollection.com\/fr\/wp-json\/wp\/v2\/designer_clubroom?post=72902"}],"curies":[{"name":"wp","href":"https:\/\/api.w.org\/{rel}","templated":true}]}}