{"id":729240,"date":"2022-10-05T11:29:51","date_gmt":"2022-10-05T10:29:51","guid":{"rendered":"https:\/\/theinvisiblecollection.com\/?post_type=product&#038;p=729240"},"modified":"2026-05-01T07:38:39","modified_gmt":"2026-05-01T07:38:39","slug":"dimoremilano-table-basse-club-modular","status":"publish","type":"product","link":"https:\/\/theinvisiblecollection.com\/fr\/produit\/dimoremilano-table-basse-club-modular\/","title":{"rendered":"Table Basse Club Modular"},"content":{"rendered":"","protected":false},"excerpt":{"rendered":"<p>Table basse en bois laqu\u00e9 brillant, couleur licheno<br \/>\n<a href=\"https:\/\/theinvisiblecollection.com\/wp-content\/uploads\/2022\/10\/TheInvisibleCollection_Dimoremilano_Club_Modular_Wood_Selection_Lacquered_Wood.pdf\" target=\"_blank\" rel=\"noopener\"><span style=\"text-decoration: underline;\">D\u00e9couvrez la s\u00e9lection de bois laqu\u00e9 ici<\/span><\/a><br \/>\nD\u00e9tails en laiton oxyd\u00e9 poli<br \/>\nCompl\u00e9tez la composition modulaire avec le <a href=\"https:\/\/theinvisiblecollection.com\/fr\/produit\/dimoremilano-canape-club-modular\/\" target=\"_blank\" rel=\"noopener\"><span style=\"text-decoration: underline;\">canap\u00e9<\/span><\/a>\u00a0et l&#8217;<a href=\"https:\/\/theinvisiblecollection.com\/fr\/produit\/dimoremilano-pouf-club-modular\/\" target=\"_blank\" rel=\"noopener\"><span style=\"text-decoration: underline;\">ottoman<\/span><\/a><\/p>\n<p>L 95 x l 95 x H 22 cm<\/p>\n<p>Fabriqu\u00e9e \u00e0 la main en Italy<br \/>\nD\u00e9lais de fabrication : 16 &#8211; 20 semaines<\/p>\n<p><span style=\"text-decoration: underline;\"><a href=\"https:\/\/www.theinvisiblecollection.com\/fr\/demande-de-devis\/?product_id=729240\" target=\"_blank\" rel=\"noopener\">Contactez-nous pour toute demande de devis ou de renseignements<\/a><\/span><\/p>\n","protected":false},"featured_media":810332,"template":"","meta":{"_acf_changed":false,"content-type":"","_themeisle_gutenberg_block_has_review":false},"product_brand":[],"product_cat":[7509,12503],"product_tag":[7435,22790],"product_designer":[19001],"comfabric":[],"manufacturer":[19889],"reporting_designer":[37198],"samplecomfabric":[],"designer_clubroom":[],"class_list":{"0":"post-729240","1":"product","2":"type-product","3":"status-publish","4":"has-post-thumbnail","6":"product_cat-tables-basses-dappoint","7":"product_cat-tables-fr","8":"product_tag-new-in-fr","9":"product_tag-disponible-immediatement","10":"product_designer-dimoremilano-fr","11":"manufacturer-timone-srl-fr","12":"reporting_designer-dimoremilano","13":"exhibitions-londres-fr","15":"first","16":"instock","17":"taxable","18":"shipping-taxable","19":"purchasable","20":"product-type-simple"},"acf":[],"_links":{"self":[{"href":"https:\/\/theinvisiblecollection.com\/fr\/wp-json\/wp\/v2\/product\/729240","targetHints":{"allow":["GET"]}}],"collection":[{"href":"https:\/\/theinvisiblecollection.com\/fr\/wp-json\/wp\/v2\/product"}],"about":[{"href":"https:\/\/theinvisiblecollection.com\/fr\/wp-json\/wp\/v2\/types\/product"}],"wp:featuredmedia":[{"embeddable":true,"href":"https:\/\/theinvisiblecollection.com\/fr\/wp-json\/wp\/v2\/media\/810332"}],"wp:attachment":[{"href":"https:\/\/theinvisiblecollection.com\/fr\/wp-json\/wp\/v2\/media?parent=729240"}],"wp:term":[{"taxonomy":"product_brand","embeddable":true,"href":"https:\/\/theinvisiblecollection.com\/fr\/wp-json\/wp\/v2\/product_brand?post=729240"},{"taxonomy":"product_cat","embeddable":true,"href":"https:\/\/theinvisiblecollection.com\/fr\/wp-json\/wp\/v2\/product_cat?post=729240"},{"taxonomy":"product_tag","embeddable":true,"href":"https:\/\/theinvisiblecollection.com\/fr\/wp-json\/wp\/v2\/product_tag?post=729240"},{"taxonomy":"product_designer","embeddable":true,"href":"https:\/\/theinvisiblecollection.com\/fr\/wp-json\/wp\/v2\/product_designer?post=729240"},{"taxonomy":"comfabric","embeddable":true,"href":"https:\/\/theinvisiblecollection.com\/fr\/wp-json\/wp\/v2\/comfabric?post=729240"},{"taxonomy":"manufacturer","embeddable":true,"href":"https:\/\/theinvisiblecollection.com\/fr\/wp-json\/wp\/v2\/manufacturer?post=729240"},{"taxonomy":"reporting_designer","embeddable":true,"href":"https:\/\/theinvisiblecollection.com\/fr\/wp-json\/wp\/v2\/reporting_designer?post=729240"},{"taxonomy":"samplecomfabric","embeddable":true,"href":"https:\/\/theinvisiblecollection.com\/fr\/wp-json\/wp\/v2\/samplecomfabric?post=729240"},{"taxonomy":"clubroom_product_designer","embeddable":true,"href":"https:\/\/theinvisiblecollection.com\/fr\/wp-json\/wp\/v2\/designer_clubroom?post=729240"}],"curies":[{"name":"wp","href":"https:\/\/api.w.org\/{rel}","templated":true}]}}