{"id":72998,"date":"2021-12-06T10:30:54","date_gmt":"2021-12-06T09:30:54","guid":{"rendered":"https:\/\/theinvisiblecollection.com\/?post_type=product&#038;p=72998"},"modified":"2026-05-01T07:39:22","modified_gmt":"2026-05-01T07:39:22","slug":"louise-liljencrantz-petite-table-dappoint-eight","status":"publish","type":"product","link":"https:\/\/theinvisiblecollection.com\/fr\/produit\/louise-liljencrantz-petite-table-dappoint-eight\/","title":{"rendered":"Petite Table D&#8217; Appoint Eight"},"content":{"rendered":"<p style=\"text-align: justify;\">La table d&#8217;appoint Eight Small fait partie d&#8217;une collection inspir\u00e9e du billard \u00e0 huit boules \u00e0 qui elle doit son nom. Tout comme ce jeu, elle est con\u00e7ue avec une pr\u00e9cision qui s\u2019exprime jusque dans les moindres d\u00e9tails. Ses proportions tout en \u00e9quilibre imposent une \u00e9l\u00e9gance singuli\u00e8re qui ne passe pas inaper\u00e7ue, captant toute l\u2019attention comme par magn\u00e9tisme.<\/p>\n<p style=\"text-align: justify;\">Cette table d&#8217;appoint est fabriqu\u00e9e en acier br\u00fbl\u00e9 \u00e0 l&#8217;huile de lin, puis bross\u00e9 et oxyd\u00e9 en noir pour obtenir une impression d&#8217;artisanat vivant, ce qui lui conf\u00e8re un caract\u00e8re unique.<\/p>\n","protected":false},"excerpt":{"rendered":"<p>Collection Veermakers<br \/>\nPetite table d&#8217;appoint en acier noir artisanal<\/p>\n<p>\u00d8 40 x H 60 cm<br \/>\nDisponible \u00e9galement en version <span style=\"text-decoration: underline;\"><a href=\"https:\/\/theinvisiblecollection.com\/fr\/produit\/louise-liljencrantz-table-eight\/\" target=\"_blank\" rel=\"noopener\">table<\/a><\/span> et <span style=\"text-decoration: underline;\"><a href=\"https:\/\/theinvisiblecollection.com\/fr\/produit\/louise-liljencrantz-table-dappoint-eight\/\" target=\"_blank\" rel=\"noopener\">table d&#8217;appoint<\/a><\/span><\/p>\n<p>Fabriqu\u00e9e \u00e0 la main \u00e0 Stockholm, en Su\u00e8de<br \/>\nD\u00e9lais de fabrication : 12 &#8211; 14 semaines<\/p>\n<p class=\"p1\"><span style=\"text-decoration: underline;\"><span class=\"s1\"><a href=\"https:\/\/www.theinvisiblecollection.com\/fr\/demande-de-devis\/?product_id=72998\">Contactez-nous pour toute demande de devis ou de renseignements<\/a><\/span><\/span><\/p>\n","protected":false},"featured_media":1136774,"template":"","meta":{"_acf_changed":false,"content-type":"","_themeisle_gutenberg_block_has_review":false},"product_brand":[],"product_cat":[12332,12503,12514],"product_tag":[8855,9059,9625,10268,12464,14925,22790,31477,35326],"product_designer":[8899],"comfabric":[],"manufacturer":[19801],"reporting_designer":[],"samplecomfabric":[],"designer_clubroom":[],"class_list":{"0":"post-72998","1":"product","2":"type-product","3":"status-publish","4":"has-post-thumbnail","6":"product_cat-tables-dappoint","7":"product_cat-tables-fr","8":"product_cat-tables-de-chevet","9":"product_tag-table-fr-3","10":"product_tag-gueridon-fr-2","11":"product_tag-petite-table-fr","12":"product_tag-louise-liljencrantz-fr-fr","13":"product_tag-liljencrantz-fr","14":"product_tag-hpfav-fr","15":"product_tag-disponible-immediatement","16":"product_tag-st-curvy-fr","17":"product_tag-st-scandinavian-fr","18":"product_designer-veermakers-par-louise-liljencrantz-fr","19":"manufacturer-spedman-global-logistics-ab-fr","21":"first","22":"instock","23":"taxable","24":"shipping-taxable","25":"purchasable","26":"product-type-variable"},"acf":[],"_links":{"self":[{"href":"https:\/\/theinvisiblecollection.com\/fr\/wp-json\/wp\/v2\/product\/72998","targetHints":{"allow":["GET"]}}],"collection":[{"href":"https:\/\/theinvisiblecollection.com\/fr\/wp-json\/wp\/v2\/product"}],"about":[{"href":"https:\/\/theinvisiblecollection.com\/fr\/wp-json\/wp\/v2\/types\/product"}],"wp:featuredmedia":[{"embeddable":true,"href":"https:\/\/theinvisiblecollection.com\/fr\/wp-json\/wp\/v2\/media\/1136774"}],"wp:attachment":[{"href":"https:\/\/theinvisiblecollection.com\/fr\/wp-json\/wp\/v2\/media?parent=72998"}],"wp:term":[{"taxonomy":"product_brand","embeddable":true,"href":"https:\/\/theinvisiblecollection.com\/fr\/wp-json\/wp\/v2\/product_brand?post=72998"},{"taxonomy":"product_cat","embeddable":true,"href":"https:\/\/theinvisiblecollection.com\/fr\/wp-json\/wp\/v2\/product_cat?post=72998"},{"taxonomy":"product_tag","embeddable":true,"href":"https:\/\/theinvisiblecollection.com\/fr\/wp-json\/wp\/v2\/product_tag?post=72998"},{"taxonomy":"product_designer","embeddable":true,"href":"https:\/\/theinvisiblecollection.com\/fr\/wp-json\/wp\/v2\/product_designer?post=72998"},{"taxonomy":"comfabric","embeddable":true,"href":"https:\/\/theinvisiblecollection.com\/fr\/wp-json\/wp\/v2\/comfabric?post=72998"},{"taxonomy":"manufacturer","embeddable":true,"href":"https:\/\/theinvisiblecollection.com\/fr\/wp-json\/wp\/v2\/manufacturer?post=72998"},{"taxonomy":"reporting_designer","embeddable":true,"href":"https:\/\/theinvisiblecollection.com\/fr\/wp-json\/wp\/v2\/reporting_designer?post=72998"},{"taxonomy":"samplecomfabric","embeddable":true,"href":"https:\/\/theinvisiblecollection.com\/fr\/wp-json\/wp\/v2\/samplecomfabric?post=72998"},{"taxonomy":"clubroom_product_designer","embeddable":true,"href":"https:\/\/theinvisiblecollection.com\/fr\/wp-json\/wp\/v2\/designer_clubroom?post=72998"}],"curies":[{"name":"wp","href":"https:\/\/api.w.org\/{rel}","templated":true}]}}