{"id":73005,"date":"2021-05-14T12:00:44","date_gmt":"2021-05-14T11:00:44","guid":{"rendered":"https:\/\/theinvisiblecollection.com\/?post_type=product&#038;p=73005"},"modified":"2026-05-08T04:40:34","modified_gmt":"2026-05-08T04:40:34","slug":"louise-liljencrantz-table-eight","status":"publish","type":"product","link":"https:\/\/theinvisiblecollection.com\/fr\/produit\/louise-liljencrantz-table-eight\/","title":{"rendered":"Table Eight"},"content":{"rendered":"<p style=\"text-align: justify;\">La table \u00e0 manger Eight fait partie d&#8217;une collection inspir\u00e9e du billard \u00e0 huit boules et qui lui doit \u00e9galement son nom. Tout comme ce jeu qui demande une pr\u00e9cision extr\u00eame, elle est con\u00e7ue selon des crit\u00e8res d\u2019une rigueur absolue jusque dans les moindres d\u00e9tails. Sa forte pr\u00e9sence, d\u00e9finie par des proportions bien \u00e9quilibr\u00e9es, ne passe jamais inaper\u00e7ue sans voler pour autant toute l&#8217;attention de la pi\u00e8ce.<\/p>\n<p style=\"text-align: justify;\">Cette \u00e9l\u00e9gante table \u00e0 manger est fabriqu\u00e9e en acier br\u00fbl\u00e9 \u00e0 l&#8217;huile de lin, puis bross\u00e9 et oxyd\u00e9 en noir pour donner une impression d&#8217;artisanat vivant, ce qui lui conf\u00e8re un caract\u00e8re unique.\u00a0 Le plateau peut \u00eatre personnalis\u00e9 en pierre naturelle ou en bois fix\u00e9 sur la plaque m\u00e9tallique via une poche ing\u00e9nieusement dissimul\u00e9e. Les deux mat\u00e9riaux se rejoignent, la partie sup\u00e9rieure pouvant \u00eatre retir\u00e9e. Pour une expression plus soign\u00e9e, la pierre pr\u00e9sente un long rayon frais\u00e9 sur la face inf\u00e9rieure.<\/p>\n","protected":false},"excerpt":{"rendered":"<p>Collection Veermakers<br \/>\nPlateau en Pierre quartzite Infini<br \/>\n\u00c9galement disponible en noyer, ch\u00eane ou acajou avec une finition satin\u00e9e<br \/>\nPi\u00e8tement en acier oxyd\u00e9<br \/>\nChaque table est unique en raison de sa nature artisanale, les formes et les teintes varient l\u00e9g\u00e8rement<\/p>\n<p>\u00d8 135 x H 74.5 cm<br \/>\nDisponible \u00e9galement en version <span style=\"text-decoration: underline;\"><a href=\"https:\/\/theinvisiblecollection.com\/fr\/produit\/louise-liljencrantz-petite-table-dappoint-eight\/\" target=\"_blank\" rel=\"noopener\">petite table d&#8217;appoint<\/a><\/span> et <span style=\"text-decoration: underline;\"><a href=\"https:\/\/theinvisiblecollection.com\/fr\/produit\/louise-liljencrantz-table-dappoint-eight\/\" target=\"_blank\" rel=\"noopener\">table d&#8217;appoint<\/a><\/span><\/p>\n<p>Fabriqu\u00e9e \u00e0 la main \u00e0 Stockholm, en Su\u00e8de<br \/>\nD\u00e9lais de fabrication : 12 &#8211; 14 semaines<\/p>\n<p class=\"p1\"><span style=\"text-decoration: underline;\"><span class=\"s1\"><a href=\"https:\/\/www.theinvisiblecollection.com\/fr\/demande-de-devis\/?product_id=73005\">Contactez-nous pour toute demande de devis ou de renseignements<\/a><\/span><\/span><\/p>\n","protected":false},"featured_media":534465,"template":"","meta":{"_acf_changed":false,"content-type":"","_themeisle_gutenberg_block_has_review":false},"product_brand":[],"product_cat":[8977,12503],"product_tag":[8855,9059,9625,10268,12464,31477,35326],"product_designer":[8899],"comfabric":[],"manufacturer":[19801],"reporting_designer":[],"samplecomfabric":[],"designer_clubroom":[],"class_list":{"0":"post-73005","1":"product","2":"type-product","3":"status-publish","4":"has-post-thumbnail","6":"product_cat-tables-salle-a-manger","7":"product_cat-tables-fr","8":"product_tag-table-fr-3","9":"product_tag-gueridon-fr-2","10":"product_tag-petite-table-fr","11":"product_tag-louise-liljencrantz-fr-fr","12":"product_tag-liljencrantz-fr","13":"product_tag-st-curvy-fr","14":"product_tag-st-scandinavian-fr","15":"pa_material-acajou-fr","16":"pa_material-chene-fr","17":"pa_material-noyer-fr","18":"pa_material-pierre-de-quartzite","19":"product_designer-veermakers-par-louise-liljencrantz-fr","20":"manufacturer-spedman-global-logistics-ab-fr","22":"first","23":"instock","24":"taxable","25":"shipping-taxable","26":"purchasable","27":"product-type-variable"},"acf":[],"_links":{"self":[{"href":"https:\/\/theinvisiblecollection.com\/fr\/wp-json\/wp\/v2\/product\/73005","targetHints":{"allow":["GET"]}}],"collection":[{"href":"https:\/\/theinvisiblecollection.com\/fr\/wp-json\/wp\/v2\/product"}],"about":[{"href":"https:\/\/theinvisiblecollection.com\/fr\/wp-json\/wp\/v2\/types\/product"}],"wp:featuredmedia":[{"embeddable":true,"href":"https:\/\/theinvisiblecollection.com\/fr\/wp-json\/wp\/v2\/media\/534465"}],"wp:attachment":[{"href":"https:\/\/theinvisiblecollection.com\/fr\/wp-json\/wp\/v2\/media?parent=73005"}],"wp:term":[{"taxonomy":"product_brand","embeddable":true,"href":"https:\/\/theinvisiblecollection.com\/fr\/wp-json\/wp\/v2\/product_brand?post=73005"},{"taxonomy":"product_cat","embeddable":true,"href":"https:\/\/theinvisiblecollection.com\/fr\/wp-json\/wp\/v2\/product_cat?post=73005"},{"taxonomy":"product_tag","embeddable":true,"href":"https:\/\/theinvisiblecollection.com\/fr\/wp-json\/wp\/v2\/product_tag?post=73005"},{"taxonomy":"product_designer","embeddable":true,"href":"https:\/\/theinvisiblecollection.com\/fr\/wp-json\/wp\/v2\/product_designer?post=73005"},{"taxonomy":"comfabric","embeddable":true,"href":"https:\/\/theinvisiblecollection.com\/fr\/wp-json\/wp\/v2\/comfabric?post=73005"},{"taxonomy":"manufacturer","embeddable":true,"href":"https:\/\/theinvisiblecollection.com\/fr\/wp-json\/wp\/v2\/manufacturer?post=73005"},{"taxonomy":"reporting_designer","embeddable":true,"href":"https:\/\/theinvisiblecollection.com\/fr\/wp-json\/wp\/v2\/reporting_designer?post=73005"},{"taxonomy":"samplecomfabric","embeddable":true,"href":"https:\/\/theinvisiblecollection.com\/fr\/wp-json\/wp\/v2\/samplecomfabric?post=73005"},{"taxonomy":"clubroom_product_designer","embeddable":true,"href":"https:\/\/theinvisiblecollection.com\/fr\/wp-json\/wp\/v2\/designer_clubroom?post=73005"}],"curies":[{"name":"wp","href":"https:\/\/api.w.org\/{rel}","templated":true}]}}