{"id":73022,"date":"2021-03-01T20:18:25","date_gmt":"2021-03-01T19:18:25","guid":{"rendered":"https:\/\/theinvisiblecollection.com\/?post_type=product&#038;p=73022"},"modified":"2026-05-08T04:40:34","modified_gmt":"2026-05-08T04:40:34","slug":"louise-liljencrantz-table-rail","status":"publish","type":"product","link":"https:\/\/theinvisiblecollection.com\/fr\/produit\/louise-liljencrantz-table-rail\/","title":{"rendered":"Table Rail"},"content":{"rendered":"<p style=\"text-align: justify;\">La Table Rail, en ch\u00eane brut, satin\u00e9 ou acajou et acier br\u00fbl\u00e9 \u00e0 l&#8217;huile de lin, cr\u00e9\u00e9 par Louise Liljencrantz et KFK Cabinet Makers pour leur collection Veermakers qui incarne l&#8217;esth\u00e9tique et le savoir faire in\u00e9gal\u00e9 de ses fondateurs. Fabriqu\u00e9e dans des mat\u00e9riaux magnifiques &#8211; bois naturel, pierre et acier \u2013 la collection pr\u00e9sente de beaux designs, dont trois tabourets diff\u00e9rents en noyer et en ch\u00eane, la table basse Cloud en noyer ou en ch\u00eane et la table Eight en acier br\u00fbl\u00e9 \u00e0 l&#8217;huile de lin. Chaque design est anim\u00e9 par le mat\u00e9riau naturel dont il est fait, ce qui rend chaque pi\u00e8ce unique.<\/p>\n","protected":false},"excerpt":{"rendered":"<p>Collection Veermakers<br \/>\nTable photographi\u00e9e ici en ch\u00eane massif avec incrustations noeuds papillons, finition \u00e0 l&#8217;huile de cire dure, mod\u00e8le moyen<br \/>\nPi\u00e8tement en acier br\u00fbl\u00e9s dans de l&#8217;huile de lin<br \/>\nChaque table est unique en raison de sa nature artisanale, les formes et les teintes varient l\u00e9g\u00e8rement<br \/>\n\u00c9galement disponible en grand mod\u00e8le<br \/>\nLes prix sont disponibles sur demande<\/p>\n<p>Moyen mod\u00e8le : L 240 x l 95 x H 74 cm<br \/>\nGrand mod\u00e8le : L 300-400 x l 120 x H 74 cm, longueur au choix<\/p>\n<p>Fabriqu\u00e9e \u00e0 la main \u00e0 Stockholm, en Su\u00e8de<br \/>\nD\u00e9lais de fabrication : 12 &#8211; 14 semaines<\/p>\n<p class=\"p1\"><span style=\"text-decoration: underline;\"><span class=\"s1\"><a href=\"https:\/\/www.theinvisiblecollection.com\/fr\/demande-de-devis\/?product_id=73022\">Contactez-nous pour toute demande de devis ou de renseignements<\/a><\/span><\/span><\/p>\n","protected":false},"featured_media":534541,"template":"","meta":{"_acf_changed":false,"content-type":"","_themeisle_gutenberg_block_has_review":false},"product_brand":[],"product_cat":[8977,12503],"product_tag":[10268,12464,31477,35326],"product_designer":[8899],"comfabric":[],"manufacturer":[19801],"reporting_designer":[],"samplecomfabric":[],"designer_clubroom":[],"class_list":{"0":"post-73022","1":"product","2":"type-product","3":"status-publish","4":"has-post-thumbnail","6":"product_cat-tables-salle-a-manger","7":"product_cat-tables-fr","8":"product_tag-louise-liljencrantz-fr-fr","9":"product_tag-liljencrantz-fr","10":"product_tag-st-curvy-fr","11":"product_tag-st-scandinavian-fr","12":"pa_size-large-fr-2","13":"pa_size-moyen","14":"product_designer-veermakers-par-louise-liljencrantz-fr","15":"manufacturer-spedman-global-logistics-ab-fr","17":"first","18":"instock","19":"taxable","20":"shipping-taxable","21":"purchasable","22":"product-type-variable"},"acf":[],"_links":{"self":[{"href":"https:\/\/theinvisiblecollection.com\/fr\/wp-json\/wp\/v2\/product\/73022","targetHints":{"allow":["GET"]}}],"collection":[{"href":"https:\/\/theinvisiblecollection.com\/fr\/wp-json\/wp\/v2\/product"}],"about":[{"href":"https:\/\/theinvisiblecollection.com\/fr\/wp-json\/wp\/v2\/types\/product"}],"wp:featuredmedia":[{"embeddable":true,"href":"https:\/\/theinvisiblecollection.com\/fr\/wp-json\/wp\/v2\/media\/534541"}],"wp:attachment":[{"href":"https:\/\/theinvisiblecollection.com\/fr\/wp-json\/wp\/v2\/media?parent=73022"}],"wp:term":[{"taxonomy":"product_brand","embeddable":true,"href":"https:\/\/theinvisiblecollection.com\/fr\/wp-json\/wp\/v2\/product_brand?post=73022"},{"taxonomy":"product_cat","embeddable":true,"href":"https:\/\/theinvisiblecollection.com\/fr\/wp-json\/wp\/v2\/product_cat?post=73022"},{"taxonomy":"product_tag","embeddable":true,"href":"https:\/\/theinvisiblecollection.com\/fr\/wp-json\/wp\/v2\/product_tag?post=73022"},{"taxonomy":"product_designer","embeddable":true,"href":"https:\/\/theinvisiblecollection.com\/fr\/wp-json\/wp\/v2\/product_designer?post=73022"},{"taxonomy":"comfabric","embeddable":true,"href":"https:\/\/theinvisiblecollection.com\/fr\/wp-json\/wp\/v2\/comfabric?post=73022"},{"taxonomy":"manufacturer","embeddable":true,"href":"https:\/\/theinvisiblecollection.com\/fr\/wp-json\/wp\/v2\/manufacturer?post=73022"},{"taxonomy":"reporting_designer","embeddable":true,"href":"https:\/\/theinvisiblecollection.com\/fr\/wp-json\/wp\/v2\/reporting_designer?post=73022"},{"taxonomy":"samplecomfabric","embeddable":true,"href":"https:\/\/theinvisiblecollection.com\/fr\/wp-json\/wp\/v2\/samplecomfabric?post=73022"},{"taxonomy":"clubroom_product_designer","embeddable":true,"href":"https:\/\/theinvisiblecollection.com\/fr\/wp-json\/wp\/v2\/designer_clubroom?post=73022"}],"curies":[{"name":"wp","href":"https:\/\/api.w.org\/{rel}","templated":true}]}}