{"id":73067,"date":"2020-02-15T11:53:39","date_gmt":"2020-02-15T10:53:39","guid":{"rendered":"https:\/\/theinvisiblecollection.com\/?post_type=product&#038;p=73067"},"modified":"2026-05-01T07:39:22","modified_gmt":"2026-05-01T07:39:22","slug":"louise-liljencrantz-buffet-case","status":"publish","type":"product","link":"https:\/\/theinvisiblecollection.com\/fr\/produit\/louise-liljencrantz-buffet-case\/","title":{"rendered":"Buffet Case"},"content":{"rendered":"<p style=\"text-align: justify;\">Le Buffet Case, en noyer ou acajou recouvert finition satin\u00e9e et acier br\u00fbl\u00e9 \u00e0 l&#8217;huile de lin, est cr\u00e9\u00e9 par Louise Liljencrantz et KFK Cabinet Makers pour leur collection Veermakers qui incarne l&#8217;esth\u00e9tique et le savoir faire in\u00e9gal\u00e9 de ses fondateurs. Fabriqu\u00e9e dans des mat\u00e9riaux magnifiques &#8211; bois naturel, pierre et acier \u2013 la collection pr\u00e9sente de beaux designs, dont trois tabourets diff\u00e9rents en noyer et en ch\u00eane, la table basse Cloud en noyer ou en ch\u00eane et la table Eight en acier br\u00fbl\u00e9 \u00e0 l&#8217;huile de lin. Chaque design est anim\u00e9 par le mat\u00e9riau naturel dont il est fait, ce qui rend chaque pi\u00e8ce unique.<\/p>\n","protected":false},"excerpt":{"rendered":"<p>Collection Veermakers<br \/>\nPhotographi\u00e9 ici en noyer massif avec une finition en vernis satin\u00e9<br \/>\nPortes en acier noir artisanal<br \/>\n\u00c9galement disponible en acajou massif<br \/>\nChaque table est unique en raison de sa nature artisanale, les formes et les teintes varient l\u00e9g\u00e8rement<br \/>\nDimensions, finition et bois sur-mesure sur demande<\/p>\n<p>L 150 x l 42 x H 75 cm<\/p>\n<p>Fabriqu\u00e9 \u00e0 la main \u00e0 Stockholm, en Su\u00e8de<br \/>\nD\u00e9lais de fabrication : 12 &#8211; 14 semaines<\/p>\n<p class=\"p1\"><span style=\"text-decoration: underline;\"><span class=\"s1\"><a href=\"https:\/\/www.theinvisiblecollection.com\/fr\/demande-de-devis\/?product_id=73067\">Contactez-nous pour toute demande de devis ou de renseignements<\/a><\/span><\/span><\/p>\n","protected":false},"featured_media":126141,"template":"","meta":{"_acf_changed":false,"content-type":"","_themeisle_gutenberg_block_has_review":false},"product_brand":[],"product_cat":[8957,12505],"product_tag":[14926,31477,35326,9059,9625,10268,12464],"product_designer":[8899],"comfabric":[],"manufacturer":[32679],"reporting_designer":[],"samplecomfabric":[],"designer_clubroom":[],"class_list":{"0":"post-73067","1":"product","2":"type-product","3":"status-publish","4":"has-post-thumbnail","6":"product_cat-commodes","7":"product_cat-rangements","8":"product_tag-hplstfav-fr","9":"product_tag-st-curvy-fr","10":"product_tag-st-scandinavian-fr","11":"product_tag-gueridon-fr-2","12":"product_tag-petite-table-fr","13":"product_tag-louise-liljencrantz-fr-fr","14":"product_tag-liljencrantz-fr","15":"product_designer-veermakers-par-louise-liljencrantz-fr","16":"manufacturer-louise-liljencrantz-finland-atelier-fr","18":"first","19":"instock","20":"taxable","21":"shipping-taxable","22":"purchasable","23":"product-type-variable"},"acf":[],"_links":{"self":[{"href":"https:\/\/theinvisiblecollection.com\/fr\/wp-json\/wp\/v2\/product\/73067","targetHints":{"allow":["GET"]}}],"collection":[{"href":"https:\/\/theinvisiblecollection.com\/fr\/wp-json\/wp\/v2\/product"}],"about":[{"href":"https:\/\/theinvisiblecollection.com\/fr\/wp-json\/wp\/v2\/types\/product"}],"wp:featuredmedia":[{"embeddable":true,"href":"https:\/\/theinvisiblecollection.com\/fr\/wp-json\/wp\/v2\/media\/126141"}],"wp:attachment":[{"href":"https:\/\/theinvisiblecollection.com\/fr\/wp-json\/wp\/v2\/media?parent=73067"}],"wp:term":[{"taxonomy":"product_brand","embeddable":true,"href":"https:\/\/theinvisiblecollection.com\/fr\/wp-json\/wp\/v2\/product_brand?post=73067"},{"taxonomy":"product_cat","embeddable":true,"href":"https:\/\/theinvisiblecollection.com\/fr\/wp-json\/wp\/v2\/product_cat?post=73067"},{"taxonomy":"product_tag","embeddable":true,"href":"https:\/\/theinvisiblecollection.com\/fr\/wp-json\/wp\/v2\/product_tag?post=73067"},{"taxonomy":"product_designer","embeddable":true,"href":"https:\/\/theinvisiblecollection.com\/fr\/wp-json\/wp\/v2\/product_designer?post=73067"},{"taxonomy":"comfabric","embeddable":true,"href":"https:\/\/theinvisiblecollection.com\/fr\/wp-json\/wp\/v2\/comfabric?post=73067"},{"taxonomy":"manufacturer","embeddable":true,"href":"https:\/\/theinvisiblecollection.com\/fr\/wp-json\/wp\/v2\/manufacturer?post=73067"},{"taxonomy":"reporting_designer","embeddable":true,"href":"https:\/\/theinvisiblecollection.com\/fr\/wp-json\/wp\/v2\/reporting_designer?post=73067"},{"taxonomy":"samplecomfabric","embeddable":true,"href":"https:\/\/theinvisiblecollection.com\/fr\/wp-json\/wp\/v2\/samplecomfabric?post=73067"},{"taxonomy":"clubroom_product_designer","embeddable":true,"href":"https:\/\/theinvisiblecollection.com\/fr\/wp-json\/wp\/v2\/designer_clubroom?post=73067"}],"curies":[{"name":"wp","href":"https:\/\/api.w.org\/{rel}","templated":true}]}}