{"id":73193,"date":"2021-05-03T10:49:13","date_gmt":"2021-05-03T09:49:13","guid":{"rendered":"https:\/\/theinvisiblecollection.com\/?post_type=product&#038;p=73193"},"modified":"2026-05-05T09:29:00","modified_gmt":"2026-05-05T09:29:00","slug":"goossens-paris-objet-lion","status":"publish","type":"product","link":"https:\/\/theinvisiblecollection.com\/fr\/produit\/goossens-paris-objet-lion\/","title":{"rendered":"Objet Lion"},"content":{"rendered":"<p style=\"text-align: justify;\">Objet iconique de la Maison cr\u00e9\u00e9 par Robert Goossens pour l&#8217;appartement de Gabrielle Chanel, rue Cambon. Sph\u00e8re en cristal de roche pos\u00e9e sur un socle orn\u00e9 de trois lions en m\u00e9tal tremp\u00e9 dans un bain d\u2019or 24 carats, or jaune.<\/p>\n","protected":false},"excerpt":{"rendered":"<p>Objet en metal dor\u00e9 et cristal de roche naturelle, or jaune 24 carats<\/p>\n<p>Disponible en trois dimensions :<br \/>\nPetit : \u00d8 6 cm<br \/>\nMoyen : \u00d8 7 cm<br \/>\nGrand : \u00d8 8 cm<\/p>\n<p>Fabriqu\u00e9 \u00e0 la main \u00e0 Paris, France<br \/>\nD\u00e9lais de production : 6 &#8211; 8 semaines<\/p>\n<p><span style=\"text-decoration: underline;\"><a href=\"https:\/\/www.theinvisiblecollection.com\/fr\/demande-de-devis\/?product_id=73193\" target=\"_blank\" rel=\"noopener\">Contactez-nous pour toute demande de devis ou de renseignements<\/a><\/span><\/p>\n","protected":false},"featured_media":80685,"template":"","meta":{"_acf_changed":false,"content-type":"","_themeisle_gutenberg_block_has_review":false},"product_brand":[],"product_cat":[7517,12531],"product_tag":[9233,13142,31476,31477,35206],"product_designer":[8928],"comfabric":[],"manufacturer":[16919],"reporting_designer":[37524],"samplecomfabric":[],"designer_clubroom":[],"class_list":{"0":"post-73193","1":"product","2":"type-product","3":"status-publish","4":"has-post-thumbnail","6":"product_cat-deco-fr","7":"product_cat-objets-de-decoration","8":"product_tag-cristal","9":"product_tag-chanel-fr","10":"product_tag-st-collectible-fr","11":"product_tag-st-curvy-fr","12":"product_tag-exclusive-fr","13":"product_shipping_class-gossens-1kg-fr","14":"pa_size-extra-large-fr","15":"pa_size-grand-fr","16":"pa_size-moyen-fr","17":"pa_size-petit-fr","18":"product_designer-goossens-fr","19":"manufacturer-goossens-paris-fr","20":"reporting_designer-goossens","22":"first","23":"instock","24":"taxable","25":"shipping-taxable","26":"purchasable","27":"product-type-variable"},"acf":[],"_links":{"self":[{"href":"https:\/\/theinvisiblecollection.com\/fr\/wp-json\/wp\/v2\/product\/73193","targetHints":{"allow":["GET"]}}],"collection":[{"href":"https:\/\/theinvisiblecollection.com\/fr\/wp-json\/wp\/v2\/product"}],"about":[{"href":"https:\/\/theinvisiblecollection.com\/fr\/wp-json\/wp\/v2\/types\/product"}],"wp:featuredmedia":[{"embeddable":true,"href":"https:\/\/theinvisiblecollection.com\/fr\/wp-json\/wp\/v2\/media\/80685"}],"wp:attachment":[{"href":"https:\/\/theinvisiblecollection.com\/fr\/wp-json\/wp\/v2\/media?parent=73193"}],"wp:term":[{"taxonomy":"product_brand","embeddable":true,"href":"https:\/\/theinvisiblecollection.com\/fr\/wp-json\/wp\/v2\/product_brand?post=73193"},{"taxonomy":"product_cat","embeddable":true,"href":"https:\/\/theinvisiblecollection.com\/fr\/wp-json\/wp\/v2\/product_cat?post=73193"},{"taxonomy":"product_tag","embeddable":true,"href":"https:\/\/theinvisiblecollection.com\/fr\/wp-json\/wp\/v2\/product_tag?post=73193"},{"taxonomy":"product_designer","embeddable":true,"href":"https:\/\/theinvisiblecollection.com\/fr\/wp-json\/wp\/v2\/product_designer?post=73193"},{"taxonomy":"comfabric","embeddable":true,"href":"https:\/\/theinvisiblecollection.com\/fr\/wp-json\/wp\/v2\/comfabric?post=73193"},{"taxonomy":"manufacturer","embeddable":true,"href":"https:\/\/theinvisiblecollection.com\/fr\/wp-json\/wp\/v2\/manufacturer?post=73193"},{"taxonomy":"reporting_designer","embeddable":true,"href":"https:\/\/theinvisiblecollection.com\/fr\/wp-json\/wp\/v2\/reporting_designer?post=73193"},{"taxonomy":"samplecomfabric","embeddable":true,"href":"https:\/\/theinvisiblecollection.com\/fr\/wp-json\/wp\/v2\/samplecomfabric?post=73193"},{"taxonomy":"clubroom_product_designer","embeddable":true,"href":"https:\/\/theinvisiblecollection.com\/fr\/wp-json\/wp\/v2\/designer_clubroom?post=73193"}],"curies":[{"name":"wp","href":"https:\/\/api.w.org\/{rel}","templated":true}]}}