{"id":73229,"date":"2022-09-27T16:04:39","date_gmt":"2022-09-27T15:04:39","guid":{"rendered":"https:\/\/theinvisiblecollection.com\/?post_type=product&#038;p=73229"},"modified":"2026-05-01T07:39:22","modified_gmt":"2026-05-01T07:39:22","slug":"goossens-paris-bougie-nenuphar-xl","status":"publish","type":"product","link":"https:\/\/theinvisiblecollection.com\/fr\/produit\/goossens-paris-bougie-nenuphar-xl\/","title":{"rendered":"Bougie N\u00e9nuphar"},"content":{"rendered":"<div class=\"page\" title=\"Page 1\">\n<div class=\"section\">\n<div class=\"layoutArea\">\n<div class=\"column\">\n<p>Bougie en me\u0301tal trempe\u0301 dans un bain d\u2019or 24 carats, or jaune, orne\u0301e de ne\u0301nuphars.<\/p>\n<\/div>\n<\/div>\n<\/div>\n<\/div>\n","protected":false},"excerpt":{"rendered":"<p>Bougie en\u00a0metal dor\u00e9, or jaune 24 carats<br \/>\nDisponible en finition dor\u00e9e mate ou brillante<br \/>\nBougie incluse<\/p>\n<p>\u00d8 8 x H 8 cm<br \/>\nDiam\u00e8tre de la bougie : \u00d8 7 cm<br \/>\nHauteur avec bougie : 11 cm<\/p>\n<p>Fabriqu\u00e9 \u00e0 la main \u00e0 Paris, France<br \/>\nD\u00e9lais de production : 6 &#8211; 8 semaines<\/p>\n<p><span style=\"text-decoration: underline;\"><a href=\"https:\/\/www.theinvisiblecollection.com\/fr\/demande-de-devis\/?product_id=73229\" target=\"_blank\" rel=\"noopener\">Contactez-nous pour toute demande de devis ou de renseignements<\/a><\/span><\/p>\n","protected":false},"featured_media":73622,"template":"","meta":{"_acf_changed":false,"content-type":"","_themeisle_gutenberg_block_has_review":false},"product_brand":[],"product_cat":[7517,12529,12531,12535,16319],"product_tag":[7435,14925,22790,31476,31477,35206],"product_designer":[8928],"comfabric":[],"manufacturer":[16919],"reporting_designer":[37524],"samplecomfabric":[],"designer_clubroom":[],"class_list":{"0":"post-73229","1":"product","2":"type-product","3":"status-publish","4":"has-post-thumbnail","6":"product_cat-deco-fr","7":"product_cat-bougies-bougeoirs","8":"product_cat-objets-de-decoration","9":"product_cat-arts-de-la-table","10":"product_cat-cartes-cadeaux","11":"product_tag-new-in-fr","12":"product_tag-hpfav-fr","13":"product_tag-disponible-immediatement","14":"product_tag-st-collectible-fr","15":"product_tag-st-curvy-fr","16":"product_tag-exclusive-fr","17":"product_shipping_class-gossens-1kg-fr","18":"product_designer-goossens-fr","19":"manufacturer-goossens-paris-fr","20":"reporting_designer-goossens","21":"exhibitions-londres-fr","23":"first","24":"instock","25":"taxable","26":"shipping-taxable","27":"purchasable","28":"product-type-simple"},"acf":[],"_links":{"self":[{"href":"https:\/\/theinvisiblecollection.com\/fr\/wp-json\/wp\/v2\/product\/73229","targetHints":{"allow":["GET"]}}],"collection":[{"href":"https:\/\/theinvisiblecollection.com\/fr\/wp-json\/wp\/v2\/product"}],"about":[{"href":"https:\/\/theinvisiblecollection.com\/fr\/wp-json\/wp\/v2\/types\/product"}],"wp:featuredmedia":[{"embeddable":true,"href":"https:\/\/theinvisiblecollection.com\/fr\/wp-json\/wp\/v2\/media\/73622"}],"wp:attachment":[{"href":"https:\/\/theinvisiblecollection.com\/fr\/wp-json\/wp\/v2\/media?parent=73229"}],"wp:term":[{"taxonomy":"product_brand","embeddable":true,"href":"https:\/\/theinvisiblecollection.com\/fr\/wp-json\/wp\/v2\/product_brand?post=73229"},{"taxonomy":"product_cat","embeddable":true,"href":"https:\/\/theinvisiblecollection.com\/fr\/wp-json\/wp\/v2\/product_cat?post=73229"},{"taxonomy":"product_tag","embeddable":true,"href":"https:\/\/theinvisiblecollection.com\/fr\/wp-json\/wp\/v2\/product_tag?post=73229"},{"taxonomy":"product_designer","embeddable":true,"href":"https:\/\/theinvisiblecollection.com\/fr\/wp-json\/wp\/v2\/product_designer?post=73229"},{"taxonomy":"comfabric","embeddable":true,"href":"https:\/\/theinvisiblecollection.com\/fr\/wp-json\/wp\/v2\/comfabric?post=73229"},{"taxonomy":"manufacturer","embeddable":true,"href":"https:\/\/theinvisiblecollection.com\/fr\/wp-json\/wp\/v2\/manufacturer?post=73229"},{"taxonomy":"reporting_designer","embeddable":true,"href":"https:\/\/theinvisiblecollection.com\/fr\/wp-json\/wp\/v2\/reporting_designer?post=73229"},{"taxonomy":"samplecomfabric","embeddable":true,"href":"https:\/\/theinvisiblecollection.com\/fr\/wp-json\/wp\/v2\/samplecomfabric?post=73229"},{"taxonomy":"clubroom_product_designer","embeddable":true,"href":"https:\/\/theinvisiblecollection.com\/fr\/wp-json\/wp\/v2\/designer_clubroom?post=73229"}],"curies":[{"name":"wp","href":"https:\/\/api.w.org\/{rel}","templated":true}]}}