{"id":73614,"date":"2021-06-15T12:00:48","date_gmt":"2021-06-15T11:00:48","guid":{"rendered":"https:\/\/theinvisiblecollection.com\/?post_type=product&#038;p=73614"},"modified":"2026-05-01T07:39:22","modified_gmt":"2026-05-01T07:39:22","slug":"goossens-paris-vide-poche-feuillage","status":"publish","type":"product","link":"https:\/\/theinvisiblecollection.com\/fr\/produit\/goossens-paris-vide-poche-feuillage\/","title":{"rendered":"Vide Poche Feuillage"},"content":{"rendered":"","protected":false},"excerpt":{"rendered":"<p>Vide poche en metal dor\u00e9 et cristal de roche naturelle, or jaune 24 carats<br \/>\nDisponible en finition dor\u00e9e mate ou brillante<\/p>\n<p>\u00d8 16.6 cm<\/p>\n<p>Fabriqu\u00e9 \u00e0 la main \u00e0 Paris, France<br \/>\nD\u00e9lais de production : 6 &#8211; 8 semaines<\/p>\n<p><span style=\"text-decoration: underline;\"><a href=\"https:\/\/www.theinvisiblecollection.com\/fr\/demande-de-devis\/?product_id=73614\" target=\"_blank\" rel=\"noopener\">Contactez-nous pour toute demande de devis ou de renseignements<\/a><\/span><\/p>\n","protected":false},"featured_media":73603,"template":"","meta":{"_acf_changed":false,"content-type":"","_themeisle_gutenberg_block_has_review":false},"product_brand":[],"product_cat":[7517,12531,12535,12536,16319],"product_tag":[22790,31476,31477,35206],"product_designer":[8928],"comfabric":[],"manufacturer":[16919],"reporting_designer":[37524],"samplecomfabric":[],"designer_clubroom":[],"class_list":{"0":"post-73614","1":"product","2":"type-product","3":"status-publish","4":"has-post-thumbnail","6":"product_cat-deco-fr","7":"product_cat-objets-de-decoration","8":"product_cat-arts-de-la-table","9":"product_cat-plateaux-vide-poche","10":"product_cat-cartes-cadeaux","11":"product_tag-disponible-immediatement","12":"product_tag-st-collectible-fr","13":"product_tag-st-curvy-fr","14":"product_tag-exclusive-fr","15":"product_shipping_class-gossens-1kg-fr","16":"product_designer-goossens-fr","17":"manufacturer-goossens-paris-fr","18":"reporting_designer-goossens","19":"exhibitions-londres-fr","21":"first","22":"instock","23":"featured","24":"taxable","25":"shipping-taxable","26":"purchasable","27":"product-type-simple"},"acf":[],"_links":{"self":[{"href":"https:\/\/theinvisiblecollection.com\/fr\/wp-json\/wp\/v2\/product\/73614","targetHints":{"allow":["GET"]}}],"collection":[{"href":"https:\/\/theinvisiblecollection.com\/fr\/wp-json\/wp\/v2\/product"}],"about":[{"href":"https:\/\/theinvisiblecollection.com\/fr\/wp-json\/wp\/v2\/types\/product"}],"wp:featuredmedia":[{"embeddable":true,"href":"https:\/\/theinvisiblecollection.com\/fr\/wp-json\/wp\/v2\/media\/73603"}],"wp:attachment":[{"href":"https:\/\/theinvisiblecollection.com\/fr\/wp-json\/wp\/v2\/media?parent=73614"}],"wp:term":[{"taxonomy":"product_brand","embeddable":true,"href":"https:\/\/theinvisiblecollection.com\/fr\/wp-json\/wp\/v2\/product_brand?post=73614"},{"taxonomy":"product_cat","embeddable":true,"href":"https:\/\/theinvisiblecollection.com\/fr\/wp-json\/wp\/v2\/product_cat?post=73614"},{"taxonomy":"product_tag","embeddable":true,"href":"https:\/\/theinvisiblecollection.com\/fr\/wp-json\/wp\/v2\/product_tag?post=73614"},{"taxonomy":"product_designer","embeddable":true,"href":"https:\/\/theinvisiblecollection.com\/fr\/wp-json\/wp\/v2\/product_designer?post=73614"},{"taxonomy":"comfabric","embeddable":true,"href":"https:\/\/theinvisiblecollection.com\/fr\/wp-json\/wp\/v2\/comfabric?post=73614"},{"taxonomy":"manufacturer","embeddable":true,"href":"https:\/\/theinvisiblecollection.com\/fr\/wp-json\/wp\/v2\/manufacturer?post=73614"},{"taxonomy":"reporting_designer","embeddable":true,"href":"https:\/\/theinvisiblecollection.com\/fr\/wp-json\/wp\/v2\/reporting_designer?post=73614"},{"taxonomy":"samplecomfabric","embeddable":true,"href":"https:\/\/theinvisiblecollection.com\/fr\/wp-json\/wp\/v2\/samplecomfabric?post=73614"},{"taxonomy":"clubroom_product_designer","embeddable":true,"href":"https:\/\/theinvisiblecollection.com\/fr\/wp-json\/wp\/v2\/designer_clubroom?post=73614"}],"curies":[{"name":"wp","href":"https:\/\/api.w.org\/{rel}","templated":true}]}}