{"id":739256,"date":"2022-10-07T11:33:51","date_gmt":"2022-10-07T10:33:51","guid":{"rendered":"https:\/\/theinvisiblecollection.com\/?post_type=product&#038;p=739256"},"modified":"2026-05-01T07:38:39","modified_gmt":"2026-05-01T07:38:39","slug":"dimoremilano-chaise-razionalista","status":"publish","type":"product","link":"https:\/\/theinvisiblecollection.com\/fr\/produit\/dimoremilano-chaise-razionalista\/","title":{"rendered":"Chaise Razionalista"},"content":{"rendered":"","protected":false},"excerpt":{"rendered":"<p>Chaise avec coussin tapiss\u00e9 en tissu Dimoremilano cat\u00e9gorie C, Kiss me Tiger Gold<br \/>\n\u00c9galement photographi\u00e9e ici en mohair, couleur or<br \/>\n<a href=\"https:\/\/theinvisiblecollection.com\/wp-content\/uploads\/2022\/09\/TheInvisibleCollection_Dimoremilano_Razionalista_Chair_Fabric_Selection.pdf\" target=\"_blank\" rel=\"noopener\"><span style=\"text-decoration: underline;\">D\u00e9couvrez la s\u00e9lection de tissus ici<\/span><\/a><br \/>\nStructure en m\u00e9tal peint courb\u00e9 et tiges en laiton oxyd\u00e9 poli<br \/>\n<a href=\"https:\/\/theinvisiblecollection.com\/wp-content\/uploads\/2022\/09\/TheInvisibleCollection_Dimoremilano_Metal_Selection_Razionalista_Chair.pdf\" target=\"_blank\" rel=\"noopener\"><span style=\"text-decoration: underline;\">D\u00e9couvrez la s\u00e9lection de m\u00e9tal ici<\/span><\/a><br \/>\n\u00c9galement disponible en blanc sans tissu<\/p>\n<p>L 50 x P 45 x H 64 cm<br \/>\nHauteur d&#8217;assise : 43 cm<br \/>\nTissu requis : 1 m<\/p>\n<p>Fabriqu\u00e9e \u00e0 la main en Italie<br \/>\nD\u00e9lais de fabrication : 16 &#8211; 20 semaines<\/p>\n<p><span style=\"text-decoration: underline;\"><a href=\"https:\/\/www.theinvisiblecollection.com\/fr\/demande-de-devis\/?product_id=739256\" target=\"_blank\" rel=\"noopener\">Contactez-nous pour toute demande de devis ou de renseignements<\/a><\/span><\/p>\n","protected":false},"featured_media":824958,"template":"","meta":{"_acf_changed":false,"content-type":"","_themeisle_gutenberg_block_has_review":false},"product_brand":[],"product_cat":[8962,12499],"product_tag":[7435,14925,22790,31477],"product_designer":[19001],"comfabric":[],"manufacturer":[19889],"reporting_designer":[37198],"samplecomfabric":[],"designer_clubroom":[],"class_list":{"0":"post-739256","1":"product","2":"type-product","3":"status-publish","4":"has-post-thumbnail","6":"product_cat-chaises","7":"product_cat-assises","8":"product_tag-new-in-fr","9":"product_tag-hpfav-fr","10":"product_tag-disponible-immediatement","11":"product_tag-st-curvy-fr","12":"pa_fabric-categorie-a","13":"pa_fabric-categorie-b","14":"pa_fabric-categorie-c","15":"pa_fabric-en-blanc-sans-tissu-fr","16":"pa_fabric-mohair-fr","17":"pa_fabric-satin-fr","18":"pa_structure-metal-peint-brillant","19":"pa_structure-metal-peint-noir-mat","20":"product_designer-dimoremilano-fr","21":"manufacturer-timone-srl-fr","22":"reporting_designer-dimoremilano","23":"exhibitions-londres-fr","25":"first","26":"instock","27":"taxable","28":"shipping-taxable","29":"purchasable","30":"product-type-simple"},"acf":[],"_links":{"self":[{"href":"https:\/\/theinvisiblecollection.com\/fr\/wp-json\/wp\/v2\/product\/739256","targetHints":{"allow":["GET"]}}],"collection":[{"href":"https:\/\/theinvisiblecollection.com\/fr\/wp-json\/wp\/v2\/product"}],"about":[{"href":"https:\/\/theinvisiblecollection.com\/fr\/wp-json\/wp\/v2\/types\/product"}],"wp:featuredmedia":[{"embeddable":true,"href":"https:\/\/theinvisiblecollection.com\/fr\/wp-json\/wp\/v2\/media\/824958"}],"wp:attachment":[{"href":"https:\/\/theinvisiblecollection.com\/fr\/wp-json\/wp\/v2\/media?parent=739256"}],"wp:term":[{"taxonomy":"product_brand","embeddable":true,"href":"https:\/\/theinvisiblecollection.com\/fr\/wp-json\/wp\/v2\/product_brand?post=739256"},{"taxonomy":"product_cat","embeddable":true,"href":"https:\/\/theinvisiblecollection.com\/fr\/wp-json\/wp\/v2\/product_cat?post=739256"},{"taxonomy":"product_tag","embeddable":true,"href":"https:\/\/theinvisiblecollection.com\/fr\/wp-json\/wp\/v2\/product_tag?post=739256"},{"taxonomy":"product_designer","embeddable":true,"href":"https:\/\/theinvisiblecollection.com\/fr\/wp-json\/wp\/v2\/product_designer?post=739256"},{"taxonomy":"comfabric","embeddable":true,"href":"https:\/\/theinvisiblecollection.com\/fr\/wp-json\/wp\/v2\/comfabric?post=739256"},{"taxonomy":"manufacturer","embeddable":true,"href":"https:\/\/theinvisiblecollection.com\/fr\/wp-json\/wp\/v2\/manufacturer?post=739256"},{"taxonomy":"reporting_designer","embeddable":true,"href":"https:\/\/theinvisiblecollection.com\/fr\/wp-json\/wp\/v2\/reporting_designer?post=739256"},{"taxonomy":"samplecomfabric","embeddable":true,"href":"https:\/\/theinvisiblecollection.com\/fr\/wp-json\/wp\/v2\/samplecomfabric?post=739256"},{"taxonomy":"clubroom_product_designer","embeddable":true,"href":"https:\/\/theinvisiblecollection.com\/fr\/wp-json\/wp\/v2\/designer_clubroom?post=739256"}],"curies":[{"name":"wp","href":"https:\/\/api.w.org\/{rel}","templated":true}]}}