{"id":74372,"date":"2020-02-25T13:49:15","date_gmt":"2020-02-25T12:49:15","guid":{"rendered":"https:\/\/theinvisiblecollection.com\/?post_type=product&#038;p=74372"},"modified":"2026-05-01T07:39:22","modified_gmt":"2026-05-01T07:39:22","slug":"goossens-paris-chandelier-feuillage-l","status":"publish","type":"product","link":"https:\/\/theinvisiblecollection.com\/fr\/produit\/goossens-paris-chandelier-feuillage-l\/","title":{"rendered":"Chandelier Feuillage L"},"content":{"rendered":"","protected":false},"excerpt":{"rendered":"<p>Chandelier en metal dor\u00e9, or jaune 24 carats<br \/>\nDisponible en finition dor\u00e9e mate ou brillante<br \/>\nBougie incluse<\/p>\n<p>l 27 x H 33 cm<\/p>\n<p>Fabriqu\u00e9 \u00e0 la main \u00e0 Paris, France<br \/>\nD\u00e9lais de production : 6 &#8211; 8 semaines<\/p>\n<p><span style=\"text-decoration: underline;\"><a href=\"https:\/\/www.theinvisiblecollection.com\/fr\/demande-de-devis\/?product_id=74372\" target=\"_blank\" rel=\"noopener\">Contactez-nous pour toute demande de devis ou de renseignements<\/a><\/span><\/p>\n","protected":false},"featured_media":74548,"template":"","meta":{"_acf_changed":false,"content-type":"","_themeisle_gutenberg_block_has_review":false},"product_brand":[],"product_cat":[7517,12529,12531,12535,16319],"product_tag":[9211,22790,35206],"product_designer":[8928],"comfabric":[],"manufacturer":[16919],"reporting_designer":[37524],"samplecomfabric":[],"designer_clubroom":[],"class_list":{"0":"post-74372","1":"product","2":"type-product","3":"status-publish","4":"has-post-thumbnail","6":"product_cat-deco-fr","7":"product_cat-bougies-bougeoirs","8":"product_cat-objets-de-decoration","9":"product_cat-arts-de-la-table","10":"product_cat-cartes-cadeaux","11":"product_tag-bougie","12":"product_tag-disponible-immediatement","13":"product_tag-exclusive-fr","14":"product_shipping_class-gossens-1kg-fr","15":"product_designer-goossens-fr","16":"manufacturer-goossens-paris-fr","17":"reporting_designer-goossens","18":"exhibitions-londres-fr","20":"first","21":"instock","22":"taxable","23":"shipping-taxable","24":"purchasable","25":"product-type-simple"},"acf":[],"_links":{"self":[{"href":"https:\/\/theinvisiblecollection.com\/fr\/wp-json\/wp\/v2\/product\/74372","targetHints":{"allow":["GET"]}}],"collection":[{"href":"https:\/\/theinvisiblecollection.com\/fr\/wp-json\/wp\/v2\/product"}],"about":[{"href":"https:\/\/theinvisiblecollection.com\/fr\/wp-json\/wp\/v2\/types\/product"}],"wp:featuredmedia":[{"embeddable":true,"href":"https:\/\/theinvisiblecollection.com\/fr\/wp-json\/wp\/v2\/media\/74548"}],"wp:attachment":[{"href":"https:\/\/theinvisiblecollection.com\/fr\/wp-json\/wp\/v2\/media?parent=74372"}],"wp:term":[{"taxonomy":"product_brand","embeddable":true,"href":"https:\/\/theinvisiblecollection.com\/fr\/wp-json\/wp\/v2\/product_brand?post=74372"},{"taxonomy":"product_cat","embeddable":true,"href":"https:\/\/theinvisiblecollection.com\/fr\/wp-json\/wp\/v2\/product_cat?post=74372"},{"taxonomy":"product_tag","embeddable":true,"href":"https:\/\/theinvisiblecollection.com\/fr\/wp-json\/wp\/v2\/product_tag?post=74372"},{"taxonomy":"product_designer","embeddable":true,"href":"https:\/\/theinvisiblecollection.com\/fr\/wp-json\/wp\/v2\/product_designer?post=74372"},{"taxonomy":"comfabric","embeddable":true,"href":"https:\/\/theinvisiblecollection.com\/fr\/wp-json\/wp\/v2\/comfabric?post=74372"},{"taxonomy":"manufacturer","embeddable":true,"href":"https:\/\/theinvisiblecollection.com\/fr\/wp-json\/wp\/v2\/manufacturer?post=74372"},{"taxonomy":"reporting_designer","embeddable":true,"href":"https:\/\/theinvisiblecollection.com\/fr\/wp-json\/wp\/v2\/reporting_designer?post=74372"},{"taxonomy":"samplecomfabric","embeddable":true,"href":"https:\/\/theinvisiblecollection.com\/fr\/wp-json\/wp\/v2\/samplecomfabric?post=74372"},{"taxonomy":"clubroom_product_designer","embeddable":true,"href":"https:\/\/theinvisiblecollection.com\/fr\/wp-json\/wp\/v2\/designer_clubroom?post=74372"}],"curies":[{"name":"wp","href":"https:\/\/api.w.org\/{rel}","templated":true}]}}