{"id":74505,"date":"2021-07-30T10:00:00","date_gmt":"2021-07-30T09:00:00","guid":{"rendered":"https:\/\/theinvisiblecollection.com\/?post_type=product&#038;p=74505"},"modified":"2026-05-01T07:39:22","modified_gmt":"2026-05-01T07:39:22","slug":"anut-cairo-nappe-art-deco","status":"publish","type":"product","link":"https:\/\/theinvisiblecollection.com\/fr\/produit\/anut-cairo-nappe-art-deco\/","title":{"rendered":"Nappe Art D\u00e9co"},"content":{"rendered":"<p style=\"text-align: justify;\">La nappe Art D\u00e9co est en lin \u00e9cru, brod\u00e9e \u00e0 la main dans les tons d\u2019un vert profond, Green. Cette pi\u00e8ce d\u00e9licate est \u00e9galement disponible brod\u00e9e dans d\u2019autres couleurs : Lime Green, Sky Blue, Blush, Sand, Red, Green. Cette d\u00e9licate collection capsule est tiss\u00e9e et brod\u00e9e \u00e0 la main par les femmes form\u00e9es \u00e0 l&#8217;\u00e9cole ; chaque pi\u00e8ce est porteuse d&#8217;une histoire d&#8217;espoir et d&#8217;\u00e9mancipation f\u00e9minine. Les motifs sont inspir\u00e9s du style Art D\u00e9co du centre du Caire, o\u00f9 l&#8217;\u00e9cole Threads of Hope est install\u00e9e aujourd&#8217;hui. &#8220;Le style Art D\u00e9co a \u00e9t\u00e9 tr\u00e8s en vogue dans les ann\u00e9es 30, et le centre-ville du Caire t\u00e9moigne de cette \u00e9poque florissante dans son architecture &#8220;, nous disent les co-fondateurs de Anut Cairo.<\/p>\n","protected":false},"excerpt":{"rendered":"<p>Nappe en lin \u00e9cru, ajour &amp; broderie<br \/>\nPhotographi\u00e9e ici en broderie Green<br \/>\nCouleurs disponibles : Lime Green, Sky Blue, Blush, Sand, Red, Green<\/p>\n<p>L 160 x l 300 cm<\/p>\n<p>Fabriqu\u00e9e \u00e0 la main en Egypte<br \/>\nD\u00e9lais de production : 6 &#8211; 7 semaines<\/p>\n<p><span style=\"text-decoration: underline;\"><a href=\"https:\/\/www.theinvisiblecollection.com\/fr\/demande-de-devis\/?product_id=74505\" target=\"_blank\" rel=\"noopener noreferrer\"> Contactez-nous pour toute demande de devis ou de renseignements<\/a><\/span><\/p>\n","protected":false},"featured_media":74671,"template":"","meta":{"_acf_changed":false,"content-type":"","_themeisle_gutenberg_block_has_review":false},"product_brand":[],"product_cat":[7517,7704,12535,16319,19973,19981,19989],"product_tag":[31474],"product_designer":[33947],"comfabric":[],"manufacturer":[16914],"reporting_designer":[37858],"samplecomfabric":[],"designer_clubroom":[],"class_list":{"0":"post-74505","1":"product","2":"type-product","3":"status-publish","4":"has-post-thumbnail","6":"product_cat-deco-fr","7":"product_cat-bureaux-fr","8":"product_cat-arts-de-la-table","9":"product_cat-cartes-cadeaux","10":"product_cat-accessoires-pour-la-maison","11":"product_cat-art-de-la-table","12":"product_cat-linge-de-table","13":"product_tag-co-white-fr","14":"product_designer-anut-cairo-fr","15":"manufacturer-malaika-berlin-warehouse-fr","16":"reporting_designer-anut-cairo","18":"first","19":"instock","20":"taxable","21":"shipping-taxable","22":"purchasable","23":"product-type-variable"},"acf":[],"_links":{"self":[{"href":"https:\/\/theinvisiblecollection.com\/fr\/wp-json\/wp\/v2\/product\/74505","targetHints":{"allow":["GET"]}}],"collection":[{"href":"https:\/\/theinvisiblecollection.com\/fr\/wp-json\/wp\/v2\/product"}],"about":[{"href":"https:\/\/theinvisiblecollection.com\/fr\/wp-json\/wp\/v2\/types\/product"}],"wp:featuredmedia":[{"embeddable":true,"href":"https:\/\/theinvisiblecollection.com\/fr\/wp-json\/wp\/v2\/media\/74671"}],"wp:attachment":[{"href":"https:\/\/theinvisiblecollection.com\/fr\/wp-json\/wp\/v2\/media?parent=74505"}],"wp:term":[{"taxonomy":"product_brand","embeddable":true,"href":"https:\/\/theinvisiblecollection.com\/fr\/wp-json\/wp\/v2\/product_brand?post=74505"},{"taxonomy":"product_cat","embeddable":true,"href":"https:\/\/theinvisiblecollection.com\/fr\/wp-json\/wp\/v2\/product_cat?post=74505"},{"taxonomy":"product_tag","embeddable":true,"href":"https:\/\/theinvisiblecollection.com\/fr\/wp-json\/wp\/v2\/product_tag?post=74505"},{"taxonomy":"product_designer","embeddable":true,"href":"https:\/\/theinvisiblecollection.com\/fr\/wp-json\/wp\/v2\/product_designer?post=74505"},{"taxonomy":"comfabric","embeddable":true,"href":"https:\/\/theinvisiblecollection.com\/fr\/wp-json\/wp\/v2\/comfabric?post=74505"},{"taxonomy":"manufacturer","embeddable":true,"href":"https:\/\/theinvisiblecollection.com\/fr\/wp-json\/wp\/v2\/manufacturer?post=74505"},{"taxonomy":"reporting_designer","embeddable":true,"href":"https:\/\/theinvisiblecollection.com\/fr\/wp-json\/wp\/v2\/reporting_designer?post=74505"},{"taxonomy":"samplecomfabric","embeddable":true,"href":"https:\/\/theinvisiblecollection.com\/fr\/wp-json\/wp\/v2\/samplecomfabric?post=74505"},{"taxonomy":"clubroom_product_designer","embeddable":true,"href":"https:\/\/theinvisiblecollection.com\/fr\/wp-json\/wp\/v2\/designer_clubroom?post=74505"}],"curies":[{"name":"wp","href":"https:\/\/api.w.org\/{rel}","templated":true}]}}