{"id":75581,"date":"2021-03-15T11:35:03","date_gmt":"2021-03-15T10:35:03","guid":{"rendered":"https:\/\/theinvisiblecollection.com\/?post_type=product&#038;p=75581"},"modified":"2026-05-01T07:39:22","modified_gmt":"2026-05-01T07:39:22","slug":"mmairo-console-inside-out","status":"publish","type":"product","link":"https:\/\/theinvisiblecollection.com\/fr\/produit\/mmairo-console-inside-out\/","title":{"rendered":"Console Inside Out"},"content":{"rendered":"<p style=\"text-align: justify;\">D&#8217;un design sans cesse \u00e9tonnant, Inside Out est disponible en table et console pour la collection 2020. Karen Chekerdjian pr\u00e9sente son chef d&#8217;\u0153uvre en deux nouvelles options essentielles sans perdre la valeur ajout\u00e9e apport\u00e9e par l&#8217;interchangeabilit\u00e9 de ses accessoires : cendrier, bougeoir et corbeille de fruits, \u00e9galement vendus s\u00e9par\u00e9ment. Des accessoires de design qui sont, en eux-m\u00eames, des objets exquis pour personnaliser notre environnement.\u00a0\u00a0Toujours \u00e0 la recherche de la couleur qui, plus que jamais, met en\u00a0valeur\u00a0la\u00a0puret\u00e9\u00a0des\u00a0formes.<\/p>\n","protected":false},"excerpt":{"rendered":"<p>Design par\u00a0Karen Chekerdjian<br \/>\nConsole en marbre Bianco Arabescato<br \/>\nDimensions et mat\u00e9riaux sur-mesure sur demande<\/p>\n<p>L 90 x l 36 x H 120 cm<\/p>\n<p>R\u00e9alis\u00e9 \u00e0 la main en Italie<br \/>\nD\u00e9lais de production : 8 semaines<\/p>\n<p><span style=\"text-decoration: underline;\"><a href=\"https:\/\/www.theinvisiblecollection.com\/fr\/demande-de-devis\/?product_id=75581\" target=\"_blank\" rel=\"noopener\">Contactez-nous pour toute demande de devis ou de renseignements<\/a><\/span><\/p>\n","protected":false},"featured_media":125883,"template":"","meta":{"_acf_changed":false,"content-type":"","_themeisle_gutenberg_block_has_review":false},"product_brand":[],"product_cat":[7675,12503],"product_tag":[9016,9030,9059,9066,10871,11257,11544,31474],"product_designer":[8892,8905],"comfabric":[],"manufacturer":[16732],"reporting_designer":[37664],"samplecomfabric":[],"designer_clubroom":[],"class_list":{"0":"post-75581","1":"product","2":"type-product","3":"status-publish","4":"has-post-thumbnail","6":"product_cat-consoles-fr","7":"product_cat-tables-fr","8":"product_tag-chambre-fr-2","9":"product_tag-marbre-fr-2","10":"product_tag-gueridon-fr-2","11":"product_tag-table-basse","12":"product_tag-nero-marquinia-fr-fr","13":"product_tag-karen-chekerdjian-fr-2","14":"product_tag-tables-irresistibles","15":"product_tag-co-white-fr","16":"product_designer-mmairo-fr","17":"product_designer-karen-chekerdjian-fr","18":"manufacturer-mmairo-fr","19":"reporting_designer-mmairo","21":"first","22":"instock","23":"taxable","24":"shipping-taxable","25":"purchasable","26":"product-type-simple"},"acf":[],"_links":{"self":[{"href":"https:\/\/theinvisiblecollection.com\/fr\/wp-json\/wp\/v2\/product\/75581","targetHints":{"allow":["GET"]}}],"collection":[{"href":"https:\/\/theinvisiblecollection.com\/fr\/wp-json\/wp\/v2\/product"}],"about":[{"href":"https:\/\/theinvisiblecollection.com\/fr\/wp-json\/wp\/v2\/types\/product"}],"wp:featuredmedia":[{"embeddable":true,"href":"https:\/\/theinvisiblecollection.com\/fr\/wp-json\/wp\/v2\/media\/125883"}],"wp:attachment":[{"href":"https:\/\/theinvisiblecollection.com\/fr\/wp-json\/wp\/v2\/media?parent=75581"}],"wp:term":[{"taxonomy":"product_brand","embeddable":true,"href":"https:\/\/theinvisiblecollection.com\/fr\/wp-json\/wp\/v2\/product_brand?post=75581"},{"taxonomy":"product_cat","embeddable":true,"href":"https:\/\/theinvisiblecollection.com\/fr\/wp-json\/wp\/v2\/product_cat?post=75581"},{"taxonomy":"product_tag","embeddable":true,"href":"https:\/\/theinvisiblecollection.com\/fr\/wp-json\/wp\/v2\/product_tag?post=75581"},{"taxonomy":"product_designer","embeddable":true,"href":"https:\/\/theinvisiblecollection.com\/fr\/wp-json\/wp\/v2\/product_designer?post=75581"},{"taxonomy":"comfabric","embeddable":true,"href":"https:\/\/theinvisiblecollection.com\/fr\/wp-json\/wp\/v2\/comfabric?post=75581"},{"taxonomy":"manufacturer","embeddable":true,"href":"https:\/\/theinvisiblecollection.com\/fr\/wp-json\/wp\/v2\/manufacturer?post=75581"},{"taxonomy":"reporting_designer","embeddable":true,"href":"https:\/\/theinvisiblecollection.com\/fr\/wp-json\/wp\/v2\/reporting_designer?post=75581"},{"taxonomy":"samplecomfabric","embeddable":true,"href":"https:\/\/theinvisiblecollection.com\/fr\/wp-json\/wp\/v2\/samplecomfabric?post=75581"},{"taxonomy":"clubroom_product_designer","embeddable":true,"href":"https:\/\/theinvisiblecollection.com\/fr\/wp-json\/wp\/v2\/designer_clubroom?post=75581"}],"curies":[{"name":"wp","href":"https:\/\/api.w.org\/{rel}","templated":true}]}}