{"id":75693,"date":"2021-03-10T17:13:45","date_gmt":"2021-03-10T16:13:45","guid":{"rendered":"https:\/\/theinvisiblecollection.com\/?post_type=product&#038;p=75693"},"modified":"2026-05-08T04:40:34","modified_gmt":"2026-05-08T04:40:34","slug":"mmairo-table-altana-s","status":"publish","type":"product","link":"https:\/\/theinvisiblecollection.com\/fr\/produit\/mmairo-table-altana-s\/","title":{"rendered":"Table Altana M"},"content":{"rendered":"<p style=\"text-align: justify;\">\u00c0 l&#8217;instar des terrasses en forme de tourelle que l&#8217;on trouve dans les maisons de la Renaissance, Altana est un\u00a0\u00a0de table qui n&#8217;accepte aucune limite, ronde dans tous les sens, sans d\u00e9but ni fin. Un volume faisant office de base et un plateau plat &#8211; une repr\u00e9sentation de la&#8221;terrasse&#8221; d&#8217;o\u00f9 les objets peuvent contempler leur environnement sans risquer de tomber.<\/p>\n","protected":false},"excerpt":{"rendered":"<p>Design par Ivan Colominas<br \/>\nPhotographi\u00e9e ici en traventin, \u00e9galement disponible en marbre noir et en marbre rouge<br \/>\n<span style=\"text-decoration: underline;\"><a href=\"https:\/\/theinvisiblecollection.com\/wp-content\/uploads\/2023\/01\/InvisibleCollection_Mmairo-Stone-selection.pdf\" target=\"_blank\" rel=\"noopener\">D\u00e9couvrez la s\u00e9lection de marbres ici<\/a><\/span><br \/>\nDimensions et mat\u00e9riaux sur-mesure sur demande<\/p>\n<p>\u00d8 54 x H 54 cm<br \/>\nBase : \u00d8 23 cm<\/p>\n<p>Fabriqu\u00e9e \u00e0 la main en Italie<br \/>\nD\u00e9lais de production : 8 semaines<\/p>\n<p><span style=\"text-decoration: underline;\"><a href=\"https:\/\/www.theinvisiblecollection.com\/fr\/demande-de-devis\/?product_id=75693\" target=\"_blank\" rel=\"noopener\">Contactez-nous pour toute demande de devis ou de renseignements<\/a><\/span><\/p>\n","protected":false},"featured_media":5863020,"template":"","meta":{"_acf_changed":false,"content-type":"","_themeisle_gutenberg_block_has_review":false},"product_brand":[],"product_cat":[12332,12503,12514],"product_tag":[8855,9030,9059,10401,31474],"product_designer":[8892,10662],"comfabric":[],"manufacturer":[16732],"reporting_designer":[37882],"samplecomfabric":[],"designer_clubroom":[],"class_list":{"0":"post-75693","1":"product","2":"type-product","3":"status-publish","4":"has-post-thumbnail","6":"product_cat-tables-dappoint","7":"product_cat-tables-fr","8":"product_cat-tables-de-chevet","9":"product_tag-table-fr-3","10":"product_tag-marbre-fr-2","11":"product_tag-gueridon-fr-2","12":"product_tag-mmairo","13":"product_tag-co-white-fr","14":"pa_material-marbre-noir-fr","15":"pa_material-marbre-rouge","16":"pa_material-travertin","17":"product_designer-mmairo-fr","18":"product_designer-ivan-colominas-fr","19":"manufacturer-mmairo-fr","20":"reporting_designer-ivan-colominas","22":"first","23":"instock","24":"taxable","25":"shipping-taxable","26":"purchasable","27":"product-type-variable"},"acf":[],"_links":{"self":[{"href":"https:\/\/theinvisiblecollection.com\/fr\/wp-json\/wp\/v2\/product\/75693","targetHints":{"allow":["GET"]}}],"collection":[{"href":"https:\/\/theinvisiblecollection.com\/fr\/wp-json\/wp\/v2\/product"}],"about":[{"href":"https:\/\/theinvisiblecollection.com\/fr\/wp-json\/wp\/v2\/types\/product"}],"wp:featuredmedia":[{"embeddable":true,"href":"https:\/\/theinvisiblecollection.com\/fr\/wp-json\/wp\/v2\/media\/5863020"}],"wp:attachment":[{"href":"https:\/\/theinvisiblecollection.com\/fr\/wp-json\/wp\/v2\/media?parent=75693"}],"wp:term":[{"taxonomy":"product_brand","embeddable":true,"href":"https:\/\/theinvisiblecollection.com\/fr\/wp-json\/wp\/v2\/product_brand?post=75693"},{"taxonomy":"product_cat","embeddable":true,"href":"https:\/\/theinvisiblecollection.com\/fr\/wp-json\/wp\/v2\/product_cat?post=75693"},{"taxonomy":"product_tag","embeddable":true,"href":"https:\/\/theinvisiblecollection.com\/fr\/wp-json\/wp\/v2\/product_tag?post=75693"},{"taxonomy":"product_designer","embeddable":true,"href":"https:\/\/theinvisiblecollection.com\/fr\/wp-json\/wp\/v2\/product_designer?post=75693"},{"taxonomy":"comfabric","embeddable":true,"href":"https:\/\/theinvisiblecollection.com\/fr\/wp-json\/wp\/v2\/comfabric?post=75693"},{"taxonomy":"manufacturer","embeddable":true,"href":"https:\/\/theinvisiblecollection.com\/fr\/wp-json\/wp\/v2\/manufacturer?post=75693"},{"taxonomy":"reporting_designer","embeddable":true,"href":"https:\/\/theinvisiblecollection.com\/fr\/wp-json\/wp\/v2\/reporting_designer?post=75693"},{"taxonomy":"samplecomfabric","embeddable":true,"href":"https:\/\/theinvisiblecollection.com\/fr\/wp-json\/wp\/v2\/samplecomfabric?post=75693"},{"taxonomy":"clubroom_product_designer","embeddable":true,"href":"https:\/\/theinvisiblecollection.com\/fr\/wp-json\/wp\/v2\/designer_clubroom?post=75693"}],"curies":[{"name":"wp","href":"https:\/\/api.w.org\/{rel}","templated":true}]}}