{"id":75847,"date":"2021-06-14T23:40:10","date_gmt":"2021-06-14T22:40:10","guid":{"rendered":"https:\/\/theinvisiblecollection.com\/?post_type=product&#038;p=75847"},"modified":"2026-05-01T07:39:19","modified_gmt":"2026-05-01T07:39:19","slug":"mmairo-lampe-grand-reef","status":"publish","type":"product","link":"https:\/\/theinvisiblecollection.com\/fr\/produit\/mmairo-lampe-grand-reef\/","title":{"rendered":"Lampe Grand Reef"},"content":{"rendered":"<p style=\"text-align: justify;\">Le sculpteur ne cherche pas \u00e0 traduire sa pens\u00e9e en marbre : il pense en marbre, directement, comme si tout \u00e9tait d\u00e9j\u00e0 en marbre&#8221;, \u00e9crivait Andr\u00e9 Gide. Ses mots r\u00e9sument parfaitement le travail et le style de Jacopo Simonetti. Le jeune designer a cr\u00e9\u00e9 une lampe l\u00e9g\u00e8re mais \u00e9ternelle, vibrante et lumineuse. Il a pens\u00e9 en marbre, comme quelqu&#8217;un qui conna\u00eet et travaille depuis longtemps ce mat\u00e9riau exquis, en s&#8217;inspirant des lignes douces et sinueuses des r\u00e9cifs coralliens. Le marbre et le corail, deux mat\u00e9riaux d\u00e9licats, \u00e9l\u00e9gants et naturels. Le r\u00e9sultat est une lampe dont la lumi\u00e8re s&#8217;associe \u00e0 l&#8217;unicit\u00e9 du marbre pour recr\u00e9er l&#8217;attrait du monde marin et cr\u00e9er une ambiance accueillante et exclusive.<\/p>\n","protected":false},"excerpt":{"rendered":"<p>Design par Jacopo Simonetti<br \/>\nMarbres Bianco Michelangelo et Fior di Pesco<br \/>\nAmpoules LED dimmables incluses, 45W<br \/>\n\u00c9lectrification adapt\u00e9e aux \u00c9tats-Unis, au Royaume-Uni, \u00e0 l&#8217;Europe et au monde entier avec un adaptateur<br \/>\nAdaptateur AC-DC fourni pour le pays de votre choix<br \/>\nDimensions et mat\u00e9riaux sur-mesure sur demande<\/p>\n<p>\u00d8 28 x H 143.5 cm<\/p>\n<p>Fabriqu\u00e9e \u00e0 la main en Italie<br \/>\nD\u00e9lais de production : 8 semaines<\/p>\n<p><span style=\"text-decoration: underline;\"><a href=\"https:\/\/www.theinvisiblecollection.com\/fr\/demande-de-devis\/?product_id=75847\" target=\"_blank\" rel=\"noopener\">Contactez-nous pour toute demande de devis ou de renseignements<\/a><\/span><\/p>\n","protected":false},"featured_media":75701,"template":"","meta":{"_acf_changed":false,"content-type":"","_themeisle_gutenberg_block_has_review":false},"product_brand":[],"product_cat":[8966,12507],"product_tag":[8855,9059,10401,31474],"product_designer":[8892],"comfabric":[],"manufacturer":[16732],"reporting_designer":[37664],"samplecomfabric":[],"designer_clubroom":[],"class_list":{"0":"post-75847","1":"product","2":"type-product","3":"status-publish","4":"has-post-thumbnail","6":"product_cat-lampes-sur-pied","7":"product_cat-luminaires","8":"product_tag-table-fr-3","9":"product_tag-gueridon-fr-2","10":"product_tag-mmairo","11":"product_tag-co-white-fr","12":"product_designer-mmairo-fr","13":"manufacturer-mmairo-fr","14":"reporting_designer-mmairo","16":"first","17":"instock","18":"taxable","19":"shipping-taxable","20":"purchasable","21":"product-type-variable"},"acf":[],"_links":{"self":[{"href":"https:\/\/theinvisiblecollection.com\/fr\/wp-json\/wp\/v2\/product\/75847","targetHints":{"allow":["GET"]}}],"collection":[{"href":"https:\/\/theinvisiblecollection.com\/fr\/wp-json\/wp\/v2\/product"}],"about":[{"href":"https:\/\/theinvisiblecollection.com\/fr\/wp-json\/wp\/v2\/types\/product"}],"wp:featuredmedia":[{"embeddable":true,"href":"https:\/\/theinvisiblecollection.com\/fr\/wp-json\/wp\/v2\/media\/75701"}],"wp:attachment":[{"href":"https:\/\/theinvisiblecollection.com\/fr\/wp-json\/wp\/v2\/media?parent=75847"}],"wp:term":[{"taxonomy":"product_brand","embeddable":true,"href":"https:\/\/theinvisiblecollection.com\/fr\/wp-json\/wp\/v2\/product_brand?post=75847"},{"taxonomy":"product_cat","embeddable":true,"href":"https:\/\/theinvisiblecollection.com\/fr\/wp-json\/wp\/v2\/product_cat?post=75847"},{"taxonomy":"product_tag","embeddable":true,"href":"https:\/\/theinvisiblecollection.com\/fr\/wp-json\/wp\/v2\/product_tag?post=75847"},{"taxonomy":"product_designer","embeddable":true,"href":"https:\/\/theinvisiblecollection.com\/fr\/wp-json\/wp\/v2\/product_designer?post=75847"},{"taxonomy":"comfabric","embeddable":true,"href":"https:\/\/theinvisiblecollection.com\/fr\/wp-json\/wp\/v2\/comfabric?post=75847"},{"taxonomy":"manufacturer","embeddable":true,"href":"https:\/\/theinvisiblecollection.com\/fr\/wp-json\/wp\/v2\/manufacturer?post=75847"},{"taxonomy":"reporting_designer","embeddable":true,"href":"https:\/\/theinvisiblecollection.com\/fr\/wp-json\/wp\/v2\/reporting_designer?post=75847"},{"taxonomy":"samplecomfabric","embeddable":true,"href":"https:\/\/theinvisiblecollection.com\/fr\/wp-json\/wp\/v2\/samplecomfabric?post=75847"},{"taxonomy":"clubroom_product_designer","embeddable":true,"href":"https:\/\/theinvisiblecollection.com\/fr\/wp-json\/wp\/v2\/designer_clubroom?post=75847"}],"curies":[{"name":"wp","href":"https:\/\/api.w.org\/{rel}","templated":true}]}}