{"id":75967,"date":"2020-03-15T12:58:40","date_gmt":"2020-03-15T11:58:40","guid":{"rendered":"https:\/\/theinvisiblecollection.com\/?post_type=product&#038;p=75967"},"modified":"2026-05-08T04:40:34","modified_gmt":"2026-05-08T04:40:34","slug":"mmairo-bol-aldo","status":"publish","type":"product","link":"https:\/\/theinvisiblecollection.com\/fr\/produit\/mmairo-bol-aldo\/","title":{"rendered":"Bol Aldo"},"content":{"rendered":"<p style=\"text-align: justify;\">Arbesser, un designer dans le monde de l&#8217;art, de l&#8217;architecture et de la mode, comprend le marbre, le d\u00e9compose et le r\u00e9assemble, entrevoyant sa force et sa couleur brillante. Il en conna\u00eet \u00e9galement la complexit\u00e9, ce qui l&#8217;a amen\u00e9 \u00e0 cr\u00e9er Aldo, une corbeille \u00e0 fruits \u00e0 la fois solide et l\u00e9g\u00e8re, polychrome et d\u00e9licieusement \u00e9quilibr\u00e9e. La pi\u00e8ce ma\u00eetresse parfaite, le compagnon id\u00e9al pour les endroits qui ne craignent pas la couleur.<\/p>\n","protected":false},"excerpt":{"rendered":"<p>Design par Arthur Arbesser<br \/>\nMarbres Nero Marquinia, Bianco Michelangelo, Rosso Levanto, Arabescato Vagli Filo Rosso, Verde Guatemala et Blu Sodalite<br \/>\nDimensions et mat\u00e9riaux sur-mesure sur demande<\/p>\n<p><strong>\u00a0<\/strong>\u00d8 36 x H 10 cm<\/p>\n<p>Fabriqu\u00e9 \u00e0 la main en Italie<br \/>\nD\u00e9lais de production : 6 semaines<\/p>\n<p><span style=\"text-decoration: underline;\"><a href=\"https:\/\/www.theinvisiblecollection.com\/fr\/demande-de-devis\/?product_id=75967\" target=\"_blank\" rel=\"noopener\">Contactez-nous pour toute demande de devis ou de renseignements<\/a><\/span><\/p>\n","protected":false},"featured_media":81746,"template":"","meta":{"_acf_changed":false,"content-type":"","_themeisle_gutenberg_block_has_review":false},"product_brand":[],"product_cat":[7517,12535],"product_tag":[8855,9136,10401,31474],"product_designer":[8892],"comfabric":[],"manufacturer":[16732],"reporting_designer":[37664],"samplecomfabric":[],"designer_clubroom":[],"class_list":{"0":"post-75967","1":"product","2":"type-product","3":"status-publish","4":"has-post-thumbnail","6":"product_cat-deco-fr","7":"product_cat-arts-de-la-table","8":"product_tag-table-fr-3","9":"product_tag-bol-fr","10":"product_tag-mmairo","11":"product_tag-co-white-fr","12":"product_designer-mmairo-fr","13":"manufacturer-mmairo-fr","14":"reporting_designer-mmairo","16":"first","17":"instock","18":"taxable","19":"shipping-taxable","20":"purchasable","21":"product-type-simple"},"acf":[],"_links":{"self":[{"href":"https:\/\/theinvisiblecollection.com\/fr\/wp-json\/wp\/v2\/product\/75967","targetHints":{"allow":["GET"]}}],"collection":[{"href":"https:\/\/theinvisiblecollection.com\/fr\/wp-json\/wp\/v2\/product"}],"about":[{"href":"https:\/\/theinvisiblecollection.com\/fr\/wp-json\/wp\/v2\/types\/product"}],"wp:featuredmedia":[{"embeddable":true,"href":"https:\/\/theinvisiblecollection.com\/fr\/wp-json\/wp\/v2\/media\/81746"}],"wp:attachment":[{"href":"https:\/\/theinvisiblecollection.com\/fr\/wp-json\/wp\/v2\/media?parent=75967"}],"wp:term":[{"taxonomy":"product_brand","embeddable":true,"href":"https:\/\/theinvisiblecollection.com\/fr\/wp-json\/wp\/v2\/product_brand?post=75967"},{"taxonomy":"product_cat","embeddable":true,"href":"https:\/\/theinvisiblecollection.com\/fr\/wp-json\/wp\/v2\/product_cat?post=75967"},{"taxonomy":"product_tag","embeddable":true,"href":"https:\/\/theinvisiblecollection.com\/fr\/wp-json\/wp\/v2\/product_tag?post=75967"},{"taxonomy":"product_designer","embeddable":true,"href":"https:\/\/theinvisiblecollection.com\/fr\/wp-json\/wp\/v2\/product_designer?post=75967"},{"taxonomy":"comfabric","embeddable":true,"href":"https:\/\/theinvisiblecollection.com\/fr\/wp-json\/wp\/v2\/comfabric?post=75967"},{"taxonomy":"manufacturer","embeddable":true,"href":"https:\/\/theinvisiblecollection.com\/fr\/wp-json\/wp\/v2\/manufacturer?post=75967"},{"taxonomy":"reporting_designer","embeddable":true,"href":"https:\/\/theinvisiblecollection.com\/fr\/wp-json\/wp\/v2\/reporting_designer?post=75967"},{"taxonomy":"samplecomfabric","embeddable":true,"href":"https:\/\/theinvisiblecollection.com\/fr\/wp-json\/wp\/v2\/samplecomfabric?post=75967"},{"taxonomy":"clubroom_product_designer","embeddable":true,"href":"https:\/\/theinvisiblecollection.com\/fr\/wp-json\/wp\/v2\/designer_clubroom?post=75967"}],"curies":[{"name":"wp","href":"https:\/\/api.w.org\/{rel}","templated":true}]}}