{"id":76573,"date":"2021-03-23T10:31:29","date_gmt":"2021-03-23T09:31:29","guid":{"rendered":"https:\/\/theinvisiblecollection.com\/?post_type=product&#038;p=76573"},"modified":"2026-05-01T07:39:19","modified_gmt":"2026-05-01T07:39:19","slug":"francesco-balzano-table-basse-louise","status":"publish","type":"product","link":"https:\/\/theinvisiblecollection.com\/fr\/produit\/francesco-balzano-table-basse-louise\/","title":{"rendered":"Table Basse Louise"},"content":{"rendered":"<p style=\"text-align: justify;\">La collection Louise est un hommage \u00e0 Constantin Brancusi dont le travail de sculpteur renvoit au formes pures, aux mati\u00e8res nobles et \u00e0 l\u2019artisanat. La collection est douce en melant tissu bouclette, ch\u00eane fonc\u00e9 et onyx blanc pur. Un parfum tel un clin d\u2019oeil \u00e0 l\u2019atmosph\u00e8re d\u2019atelier du Ma\u00eetre. Ligne et courbe en leitmotiv. La collection porte le nom d\u2019une collectionneuse de l\u2019artiste, sa plus fid\u00e8le.<\/p>\n","protected":false},"excerpt":{"rendered":"<p>Table basse avec plateau en marbre onyx blanc<br \/>\nPi\u00e8tement en ch\u00eane massif avec sabot en marbre onyx blanc<br \/>\nDimensions et finitions sur-mesure sur demande<\/p>\n<p>L 180 x l 80 x H 35.5 cm<\/p>\n<div style=\"text-align: justify;\">Fabriqu\u00e9e \u00e0 la main en France<\/div>\n<div style=\"text-align: justify;\">D\u00e9lais de fabrication : 12 semaines<\/div>\n<div>\n<p class=\"p1\"><span style=\"text-decoration: underline;\"><span class=\"s1\"><a href=\"https:\/\/www.theinvisiblecollection.com\/fr\/demande-de-devis\/?product_id=76226\" target=\"_blank\" rel=\"noopener\">Contactez-nous pour toute demande de devis ou de renseignements<\/a><\/span><\/span><\/p>\n<\/div>\n","protected":false},"featured_media":125879,"template":"","meta":{"_acf_changed":false,"content-type":"","_themeisle_gutenberg_block_has_review":false},"product_brand":[],"product_cat":[7509,12503],"product_tag":[8855,9066,9959,10255,10270,31474,31477],"product_designer":[9965],"comfabric":[],"manufacturer":[16884],"reporting_designer":[37822],"samplecomfabric":[],"designer_clubroom":[],"class_list":{"0":"post-76573","1":"product","2":"type-product","3":"status-publish","4":"has-post-thumbnail","6":"product_cat-tables-basses-dappoint","7":"product_cat-tables-fr","8":"product_tag-table-fr-3","9":"product_tag-table-basse","10":"product_tag-francesco-balzano-fr","11":"product_tag-salon-fr-4","12":"product_tag-louise","13":"product_tag-co-white-fr","14":"product_tag-st-curvy-fr","15":"product_designer-francesco-balzano-fr","16":"manufacturer-les-ateliers-de-brimbois-ebenisterie-dart","17":"reporting_designer-francesco-balzano","19":"first","20":"instock","21":"taxable","22":"shipping-taxable","23":"purchasable","24":"product-type-simple"},"acf":[],"_links":{"self":[{"href":"https:\/\/theinvisiblecollection.com\/fr\/wp-json\/wp\/v2\/product\/76573","targetHints":{"allow":["GET"]}}],"collection":[{"href":"https:\/\/theinvisiblecollection.com\/fr\/wp-json\/wp\/v2\/product"}],"about":[{"href":"https:\/\/theinvisiblecollection.com\/fr\/wp-json\/wp\/v2\/types\/product"}],"wp:featuredmedia":[{"embeddable":true,"href":"https:\/\/theinvisiblecollection.com\/fr\/wp-json\/wp\/v2\/media\/125879"}],"wp:attachment":[{"href":"https:\/\/theinvisiblecollection.com\/fr\/wp-json\/wp\/v2\/media?parent=76573"}],"wp:term":[{"taxonomy":"product_brand","embeddable":true,"href":"https:\/\/theinvisiblecollection.com\/fr\/wp-json\/wp\/v2\/product_brand?post=76573"},{"taxonomy":"product_cat","embeddable":true,"href":"https:\/\/theinvisiblecollection.com\/fr\/wp-json\/wp\/v2\/product_cat?post=76573"},{"taxonomy":"product_tag","embeddable":true,"href":"https:\/\/theinvisiblecollection.com\/fr\/wp-json\/wp\/v2\/product_tag?post=76573"},{"taxonomy":"product_designer","embeddable":true,"href":"https:\/\/theinvisiblecollection.com\/fr\/wp-json\/wp\/v2\/product_designer?post=76573"},{"taxonomy":"comfabric","embeddable":true,"href":"https:\/\/theinvisiblecollection.com\/fr\/wp-json\/wp\/v2\/comfabric?post=76573"},{"taxonomy":"manufacturer","embeddable":true,"href":"https:\/\/theinvisiblecollection.com\/fr\/wp-json\/wp\/v2\/manufacturer?post=76573"},{"taxonomy":"reporting_designer","embeddable":true,"href":"https:\/\/theinvisiblecollection.com\/fr\/wp-json\/wp\/v2\/reporting_designer?post=76573"},{"taxonomy":"samplecomfabric","embeddable":true,"href":"https:\/\/theinvisiblecollection.com\/fr\/wp-json\/wp\/v2\/samplecomfabric?post=76573"},{"taxonomy":"clubroom_product_designer","embeddable":true,"href":"https:\/\/theinvisiblecollection.com\/fr\/wp-json\/wp\/v2\/designer_clubroom?post=76573"}],"curies":[{"name":"wp","href":"https:\/\/api.w.org\/{rel}","templated":true}]}}