{"id":76575,"date":"2021-03-18T11:16:53","date_gmt":"2021-03-18T10:16:53","guid":{"rendered":"https:\/\/theinvisiblecollection.com\/?post_type=product&#038;p=76575"},"modified":"2026-05-08T04:40:34","modified_gmt":"2026-05-08T04:40:34","slug":"francesco-balzano-canape-louise","status":"publish","type":"product","link":"https:\/\/theinvisiblecollection.com\/fr\/produit\/francesco-balzano-canape-louise\/","title":{"rendered":"Canap\u00e9 Louise"},"content":{"rendered":"<p>La collection Louise est un hommage \u00e0 Constantin Brancusi dont le travail de sculpteur renvoit aux formes pures, aux mati\u00e8res nobles et \u00e0 l\u2019artisanat. La collection est douce en melant tissu bouclette, ch\u00eane fonc\u00e9 et onyx blanc pur. Un parfum tel un clin d\u2019oeil \u00e0 l\u2019atmosph\u00e8re d\u2019atelier du Ma\u00eetre. Ligne et courbe en leitmotiv. La collection porte le nom d\u2019une collectionneuse de l\u2019artiste, sa plus fid\u00e8le.<\/p>\n","protected":false},"excerpt":{"rendered":"<p>Canap\u00e9 tapiss\u00e9 de tissu Holland &amp; Sherry Pichola cr\u00e8me<br \/>\nTables d&#8217;appoint en marbre onyx blanc<br \/>\nStructure en bois<br \/>\n21 pieds ronds en ch\u00eane<br \/>\nDimensions et finitions sur-mesure sur demande<\/p>\n<p>L 440.2 x l 100 x H 75 cm<\/p>\n<div style=\"text-align: justify;\">Fabriqu\u00e9 \u00e0 la main en France<\/div>\n<div style=\"text-align: justify;\">D\u00e9lais de fabrication : 12 semaines<\/div>\n<div>\n<p class=\"p1\"><span style=\"text-decoration: underline;\"><span class=\"s1\"><a href=\"https:\/\/www.theinvisiblecollection.com\/fr\/demande-de-devis\/?product_id=76575\" target=\"_blank\" rel=\"noopener\">Contactez-nous pour toute demande de devis ou de renseignements<\/a><\/span><\/span><\/p>\n<\/div>\n","protected":false},"featured_media":1244195,"template":"","meta":{"_acf_changed":false,"content-type":"","_themeisle_gutenberg_block_has_review":false},"product_brand":[],"product_cat":[8976,12499],"product_tag":[8944,8993,9959,10270],"product_designer":[9965],"comfabric":[],"manufacturer":[16884],"reporting_designer":[37822],"samplecomfabric":[],"designer_clubroom":[],"class_list":{"0":"post-76575","1":"product","2":"type-product","3":"status-publish","4":"has-post-thumbnail","6":"product_cat-canapes","7":"product_cat-assises","8":"product_tag-canape","9":"product_tag-salon","10":"product_tag-francesco-balzano-fr","11":"product_tag-louise","12":"product_designer-francesco-balzano-fr","13":"manufacturer-les-ateliers-de-brimbois-ebenisterie-dart","14":"reporting_designer-francesco-balzano","16":"first","17":"instock","18":"taxable","19":"shipping-taxable","20":"purchasable","21":"product-type-variable"},"acf":[],"_links":{"self":[{"href":"https:\/\/theinvisiblecollection.com\/fr\/wp-json\/wp\/v2\/product\/76575","targetHints":{"allow":["GET"]}}],"collection":[{"href":"https:\/\/theinvisiblecollection.com\/fr\/wp-json\/wp\/v2\/product"}],"about":[{"href":"https:\/\/theinvisiblecollection.com\/fr\/wp-json\/wp\/v2\/types\/product"}],"wp:featuredmedia":[{"embeddable":true,"href":"https:\/\/theinvisiblecollection.com\/fr\/wp-json\/wp\/v2\/media\/1244195"}],"wp:attachment":[{"href":"https:\/\/theinvisiblecollection.com\/fr\/wp-json\/wp\/v2\/media?parent=76575"}],"wp:term":[{"taxonomy":"product_brand","embeddable":true,"href":"https:\/\/theinvisiblecollection.com\/fr\/wp-json\/wp\/v2\/product_brand?post=76575"},{"taxonomy":"product_cat","embeddable":true,"href":"https:\/\/theinvisiblecollection.com\/fr\/wp-json\/wp\/v2\/product_cat?post=76575"},{"taxonomy":"product_tag","embeddable":true,"href":"https:\/\/theinvisiblecollection.com\/fr\/wp-json\/wp\/v2\/product_tag?post=76575"},{"taxonomy":"product_designer","embeddable":true,"href":"https:\/\/theinvisiblecollection.com\/fr\/wp-json\/wp\/v2\/product_designer?post=76575"},{"taxonomy":"comfabric","embeddable":true,"href":"https:\/\/theinvisiblecollection.com\/fr\/wp-json\/wp\/v2\/comfabric?post=76575"},{"taxonomy":"manufacturer","embeddable":true,"href":"https:\/\/theinvisiblecollection.com\/fr\/wp-json\/wp\/v2\/manufacturer?post=76575"},{"taxonomy":"reporting_designer","embeddable":true,"href":"https:\/\/theinvisiblecollection.com\/fr\/wp-json\/wp\/v2\/reporting_designer?post=76575"},{"taxonomy":"samplecomfabric","embeddable":true,"href":"https:\/\/theinvisiblecollection.com\/fr\/wp-json\/wp\/v2\/samplecomfabric?post=76575"},{"taxonomy":"clubroom_product_designer","embeddable":true,"href":"https:\/\/theinvisiblecollection.com\/fr\/wp-json\/wp\/v2\/designer_clubroom?post=76575"}],"curies":[{"name":"wp","href":"https:\/\/api.w.org\/{rel}","templated":true}]}}