{"id":792836,"date":"2022-10-05T17:44:33","date_gmt":"2022-10-05T16:44:33","guid":{"rendered":"https:\/\/theinvisiblecollection.com\/?post_type=product&#038;p=792836"},"modified":"2026-05-01T07:38:36","modified_gmt":"2026-05-01T07:38:36","slug":"dimoremilano-pouf-club-modular","status":"publish","type":"product","link":"https:\/\/theinvisiblecollection.com\/fr\/produit\/dimoremilano-pouf-club-modular\/","title":{"rendered":"Ottoman Club Modular"},"content":{"rendered":"","protected":false},"excerpt":{"rendered":"<p>Ottoman en bois laqu\u00e9 brillant, couleur licheno<br \/>\n<a href=\"https:\/\/theinvisiblecollection.com\/wp-content\/uploads\/2022\/10\/TheInvisibleCollection_Dimoremilano_Club_Modular_Wood_Selection_Lacquered_Wood.pdf\" target=\"_blank\" rel=\"noopener\"><span style=\"text-decoration: underline;\">D\u00e9couvrez la s\u00e9lection de bois laqu\u00e9 ici<\/span><\/a><br \/>\nD\u00e9tails en laiton oxyd\u00e9 poli<br \/>\nCoussin en plume d&#8217;oie recouvert de tissu Iris Field Cloqu\u00e9 Black<br \/>\n<a href=\"https:\/\/theinvisiblecollection.com\/wp-content\/uploads\/2022\/10\/TheInvisibleCollection_Dimoremilano_Club_Modular_Sofa_Fabric_Selection.pdf\" target=\"_blank\" rel=\"noopener\"><span style=\"text-decoration: underline;\">D\u00e9couvrez la s\u00e9lection de tissus ici<\/span><\/a><br \/>\n<a href=\"https:\/\/theinvisiblecollection.com\/wp-content\/uploads\/2022\/10\/TheInvisibleCollection_Dimoremilano_Club_Modular_Sofa_Leather_Selection.pdf\" target=\"_blank\" rel=\"noopener\"><span style=\"text-decoration: underline;\">D\u00e9couvrez la s\u00e9lection de cuir ici<\/span><\/a><br \/>\nCompl\u00e9tez la composition modulaire avec le <a href=\"https:\/\/theinvisiblecollection.com\/fr\/produit\/dimoremilano-canape-club-modular\/\" target=\"_blank\" rel=\"noopener\"><span style=\"text-decoration: underline;\">canap\u00e9<\/span><\/a> et la <a href=\"https:\/\/theinvisiblecollection.com\/fr\/produit\/dimoremilano-table-basse-club-modular\/\" target=\"_blank\" rel=\"noopener\"><span style=\"text-decoration: underline;\">table basse<\/span><\/a><br \/>\n\u00c9galement disponible en blanc sans tissu<\/p>\n<p>L 95 x l 95 x H 41 cm<br \/>\nTissus requis : 3 m<\/p>\n<p>Fabriqu\u00e9 \u00e0 la main en Italy<br \/>\nD\u00e9lais de fabrication : 16 &#8211; 20 semaines<\/p>\n<p><span style=\"text-decoration: underline;\"><a href=\"https:\/\/www.theinvisiblecollection.com\/fr\/demande-de-devis\/?product_id=792836\" target=\"_blank\" rel=\"noopener\">Contactez-nous pour toute demande de devis ou de renseignements<\/a><\/span><\/p>\n","protected":false},"featured_media":806500,"template":"","meta":{"_acf_changed":false,"content-type":"","_themeisle_gutenberg_block_has_review":false},"product_brand":[],"product_cat":[8969,12499],"product_tag":[7435,22790,35206],"product_designer":[19001],"comfabric":[],"manufacturer":[19889],"reporting_designer":[37198],"samplecomfabric":[],"designer_clubroom":[],"class_list":{"0":"post-792836","1":"product","2":"type-product","3":"status-publish","4":"has-post-thumbnail","6":"product_cat-ottomans-tabourets","7":"product_cat-assises","8":"product_tag-new-in-fr","9":"product_tag-disponible-immediatement","10":"product_tag-exclusive-fr","11":"product_designer-dimoremilano-fr","12":"manufacturer-timone-srl-fr","13":"reporting_designer-dimoremilano","14":"exhibitions-londres-fr","16":"first","17":"instock","18":"taxable","19":"shipping-taxable","20":"purchasable","21":"product-type-simple"},"acf":[],"_links":{"self":[{"href":"https:\/\/theinvisiblecollection.com\/fr\/wp-json\/wp\/v2\/product\/792836","targetHints":{"allow":["GET"]}}],"collection":[{"href":"https:\/\/theinvisiblecollection.com\/fr\/wp-json\/wp\/v2\/product"}],"about":[{"href":"https:\/\/theinvisiblecollection.com\/fr\/wp-json\/wp\/v2\/types\/product"}],"wp:featuredmedia":[{"embeddable":true,"href":"https:\/\/theinvisiblecollection.com\/fr\/wp-json\/wp\/v2\/media\/806500"}],"wp:attachment":[{"href":"https:\/\/theinvisiblecollection.com\/fr\/wp-json\/wp\/v2\/media?parent=792836"}],"wp:term":[{"taxonomy":"product_brand","embeddable":true,"href":"https:\/\/theinvisiblecollection.com\/fr\/wp-json\/wp\/v2\/product_brand?post=792836"},{"taxonomy":"product_cat","embeddable":true,"href":"https:\/\/theinvisiblecollection.com\/fr\/wp-json\/wp\/v2\/product_cat?post=792836"},{"taxonomy":"product_tag","embeddable":true,"href":"https:\/\/theinvisiblecollection.com\/fr\/wp-json\/wp\/v2\/product_tag?post=792836"},{"taxonomy":"product_designer","embeddable":true,"href":"https:\/\/theinvisiblecollection.com\/fr\/wp-json\/wp\/v2\/product_designer?post=792836"},{"taxonomy":"comfabric","embeddable":true,"href":"https:\/\/theinvisiblecollection.com\/fr\/wp-json\/wp\/v2\/comfabric?post=792836"},{"taxonomy":"manufacturer","embeddable":true,"href":"https:\/\/theinvisiblecollection.com\/fr\/wp-json\/wp\/v2\/manufacturer?post=792836"},{"taxonomy":"reporting_designer","embeddable":true,"href":"https:\/\/theinvisiblecollection.com\/fr\/wp-json\/wp\/v2\/reporting_designer?post=792836"},{"taxonomy":"samplecomfabric","embeddable":true,"href":"https:\/\/theinvisiblecollection.com\/fr\/wp-json\/wp\/v2\/samplecomfabric?post=792836"},{"taxonomy":"clubroom_product_designer","embeddable":true,"href":"https:\/\/theinvisiblecollection.com\/fr\/wp-json\/wp\/v2\/designer_clubroom?post=792836"}],"curies":[{"name":"wp","href":"https:\/\/api.w.org\/{rel}","templated":true}]}}