{"id":79461,"date":"2021-03-20T19:24:17","date_gmt":"2021-03-20T18:24:17","guid":{"rendered":"https:\/\/theinvisiblecollection.com\/?post_type=product&#038;p=79461"},"modified":"2026-05-01T07:39:19","modified_gmt":"2026-05-01T07:39:19","slug":"francois-halard-a-visual-diary-fr","status":"publish","type":"product","link":"https:\/\/theinvisiblecollection.com\/fr\/produit\/francois-halard-a-visual-diary-fr\/","title":{"rendered":"Francois Halard: A Visual Diary (Anglais)"},"content":{"rendered":"<p style=\"text-align: justify;\"><span class=\"TextRun SCXW62532875 BCX0\" lang=\"EN-GB\" xml:lang=\"EN-GB\" data-contrast=\"none\"><span class=\"NormalTextRun SCXW62532875 BCX0\">La premi\u00e8re mission de Fran\u00e7ois Halard, photographier le l\u00e9gendaire appartement parisien d&#8217;Yves Saint Laurent \u00e0 l&#8217;\u00e2ge de 23 ans, a ciment\u00e9 sa r\u00e9putation \u00ab\u00a0<\/span><\/span><span class=\"TextRun SCXW62532875 BCX0\" lang=\"EN-GB\" xml:lang=\"EN-GB\" data-contrast=\"none\"><span class=\"NormalTextRun SCXW62532875 BCX0\">d\u2019oeil photographique les plus original de notre \u00e9poque<\/span><\/span><span class=\"TextRun SCXW62532875 BCX0\" lang=\"EN-GB\" xml:lang=\"EN-GB\" data-contrast=\"none\"><span class=\"NormalTextRun SCXW62532875 BCX0\">\u00a0\u00bb. Trente ans plus tard, Halard continue de captiver notre imagination avec ses photographies \u00e0 couper le souffle. Avec son style unique il nous invite chez les grands cr\u00e9ateurs, artistes et designers du 20e si\u00e8cle, notamment Rick Owens (Paris), Dries van Noten (Belgique), Manolo Blanik (Angleterre). Les maison<\/span><\/span><span class=\"TextRun SCXW62532875 BCX0\" lang=\"EN-GB\" xml:lang=\"EN-GB\" data-contrast=\"auto\"><span class=\"NormalTextRun SCXW62532875 BCX0\">s de<\/span><\/span><span class=\"TextRun SCXW62532875 BCX0\" lang=\"EN-GB\" xml:lang=\"EN-GB\" data-contrast=\"none\"><span class=\"NormalTextRun SCXW62532875 BCX0\">\u00a0Giorgio Morandi (Italie), de Maya Hoffman (Arles), de Miquel Barcelo (Espagne) et la maison De Menil (Houston), l&#8217;appartement de Saul Leiter (New York), l&#8217;\u00e9cole d&#8217;art de Glasgow par Mackintosh, les fresques de Rapha\u00ebl au Vatican, l\u2019empreinte de Donald Judd au Marfa, le chez-soi de John Richardson \u00e0 New York\u2026 Nombre de ces images ont \u00e9t\u00e9 publi\u00e9es pour la premi\u00e8re fois dans Vogue et House and Garden, mais beaucoup d&#8217;autres sont pr\u00e9sent\u00e9es ici pour la toute premi\u00e8re fois. Comme pour son premier livre,\u00a0<\/span><\/span><span class=\"TextRun SCXW62532875 BCX0\" lang=\"EN-GB\" xml:lang=\"EN-GB\" data-contrast=\"none\"><span class=\"NormalTextRun SCXW62532875 BCX0\">Francois Halard : A Visual Education<\/span><\/span><span class=\"TextRun SCXW62532875 BCX0\" lang=\"EN-GB\" xml:lang=\"EN-GB\" data-contrast=\"none\"><span class=\"NormalTextRun SCXW62532875 BCX0\">, ce nouveau volume est une ressource visuelle indispensable pour tous les amoureux d\u2019art et design.<\/span><\/span><span class=\"EOP SCXW62532875 BCX0\" data-ccp-props=\"{&quot;201341983&quot;:0,&quot;335559739&quot;:160,&quot;335559740&quot;:259}\">\u00a0<\/span><\/p>\n","protected":false},"excerpt":{"rendered":"<p>Publi\u00e9 par Rizzoli International<br \/>\nR\u00e9dig\u00e9 par Fran\u00e7ois Halard<br \/>\n15 Oct. 2019<br \/>\nLangue : Anglais<br \/>\nCouverture rigide<br \/>\n388 pages<\/p>\n<p><strong>\u00a0<\/strong>L 25 x l 4.5 x H 33 cm<\/p>\n","protected":false},"featured_media":1203627,"template":"","meta":{"_acf_changed":false,"content-type":"","_themeisle_gutenberg_block_has_review":false},"product_brand":[],"product_cat":[12509,12531,12532,7517],"product_tag":[],"product_designer":[14544],"comfabric":[],"manufacturer":[16819],"reporting_designer":[37174],"samplecomfabric":[],"designer_clubroom":[],"class_list":{"0":"post-79461","1":"product","2":"type-product","3":"status-publish","4":"has-post-thumbnail","6":"product_cat-livres","7":"product_cat-objets-de-decoration","8":"product_cat-accessoires-de-bureau","9":"product_cat-deco-fr","10":"product_designer-francois-halard-fr","11":"manufacturer-amazon-uk-fr","12":"reporting_designer-francois-halard","14":"first","15":"instock","16":"taxable","17":"shipping-taxable","18":"purchasable","19":"product-type-simple"},"acf":[],"_links":{"self":[{"href":"https:\/\/theinvisiblecollection.com\/fr\/wp-json\/wp\/v2\/product\/79461","targetHints":{"allow":["GET"]}}],"collection":[{"href":"https:\/\/theinvisiblecollection.com\/fr\/wp-json\/wp\/v2\/product"}],"about":[{"href":"https:\/\/theinvisiblecollection.com\/fr\/wp-json\/wp\/v2\/types\/product"}],"wp:featuredmedia":[{"embeddable":true,"href":"https:\/\/theinvisiblecollection.com\/fr\/wp-json\/wp\/v2\/media\/1203627"}],"wp:attachment":[{"href":"https:\/\/theinvisiblecollection.com\/fr\/wp-json\/wp\/v2\/media?parent=79461"}],"wp:term":[{"taxonomy":"product_brand","embeddable":true,"href":"https:\/\/theinvisiblecollection.com\/fr\/wp-json\/wp\/v2\/product_brand?post=79461"},{"taxonomy":"product_cat","embeddable":true,"href":"https:\/\/theinvisiblecollection.com\/fr\/wp-json\/wp\/v2\/product_cat?post=79461"},{"taxonomy":"product_tag","embeddable":true,"href":"https:\/\/theinvisiblecollection.com\/fr\/wp-json\/wp\/v2\/product_tag?post=79461"},{"taxonomy":"product_designer","embeddable":true,"href":"https:\/\/theinvisiblecollection.com\/fr\/wp-json\/wp\/v2\/product_designer?post=79461"},{"taxonomy":"comfabric","embeddable":true,"href":"https:\/\/theinvisiblecollection.com\/fr\/wp-json\/wp\/v2\/comfabric?post=79461"},{"taxonomy":"manufacturer","embeddable":true,"href":"https:\/\/theinvisiblecollection.com\/fr\/wp-json\/wp\/v2\/manufacturer?post=79461"},{"taxonomy":"reporting_designer","embeddable":true,"href":"https:\/\/theinvisiblecollection.com\/fr\/wp-json\/wp\/v2\/reporting_designer?post=79461"},{"taxonomy":"samplecomfabric","embeddable":true,"href":"https:\/\/theinvisiblecollection.com\/fr\/wp-json\/wp\/v2\/samplecomfabric?post=79461"},{"taxonomy":"clubroom_product_designer","embeddable":true,"href":"https:\/\/theinvisiblecollection.com\/fr\/wp-json\/wp\/v2\/designer_clubroom?post=79461"}],"curies":[{"name":"wp","href":"https:\/\/api.w.org\/{rel}","templated":true}]}}