{"id":80163,"date":"2021-03-27T11:17:00","date_gmt":"2021-03-27T10:17:00","guid":{"rendered":"https:\/\/theinvisiblecollection.com\/?post_type=product&#038;p=80163"},"modified":"2026-05-08T04:40:32","modified_gmt":"2026-05-08T04:40:32","slug":"galerie-mcde-applique-mouche","status":"publish","type":"product","link":"https:\/\/theinvisiblecollection.com\/fr\/produit\/galerie-mcde-applique-mouche\/","title":{"rendered":"Applique Mouche"},"content":{"rendered":"<p>Cr\u00e9\u00e9e vers 1924, cette belle lampe dessin\u00e9e par Pierre Chareau s&#8217;appelle \u00ab Mouche \u00bb, le mot fran\u00e7ais pour \u00ab fly \u00bb. \u00c0 l\u2019image de l\u2019insecte, elle devient encore plus s\u00e9duisante et ludique lorsqu\u2019elle est multipli\u00e9e et pars\u00e8me le mur.<\/p>\n","protected":false},"excerpt":{"rendered":"<p>Con\u00e7ue par Pierre Chareau, re-\u00e9dit\u00e9e par Galerie MCDE<br \/>\nApplique compos\u00e9e de trois plaques d&#8217;alb\u00e2tre<br \/>\nStructure en m\u00e9tal peint noir<br \/>\nDisponible sur un fond m\u00e9tal noir<br \/>\nAlb\u00e2tre blanc vein\u00e9 blanc ou alb\u00e2tre blanc vein\u00e9 marron<br \/>\nPossible de l&#8217;\u00e9lectrifier pour l&#8217;Europe (230 V) et les \u00c9tats-Unis (110 V)<br \/>\n1x ampoule incandescente E 14 40W ou ampoule fluocompacte E 14 10W requise, non incluse<\/p>\n<p>Trois dimensions disponibles :<br \/>\nFly 110A : L 26 x l 13 x H 21 cm<br \/>\nFly 110B : L 28 x l 14 x H 25 cm (sur fond m\u00e9tal)<br \/>\nFly 110C : L 32 x l 13 x H 24 cm<\/p>\n<p>Fabriqu\u00e9e \u00e0 la main en France<br \/>\nD\u00e9lais de production : 4 semaines<\/p>\n<p class=\"p1\"><span style=\"text-decoration: underline;\"><span class=\"s1\"><a href=\"https:\/\/www.theinvisiblecollection.com\/fr\/demande-de-devis\/?product_id=80163\" target=\"_blank\" rel=\"noopener\">Contactez-nous pour toute demande de devis ou de renseignements<\/a><\/span><\/span><\/p>\n","protected":false},"featured_media":5375686,"template":"","meta":{"_acf_changed":false,"content-type":"","_themeisle_gutenberg_block_has_review":false},"product_brand":[],"product_cat":[8975,12507],"product_tag":[11235,11360,22680,22681,22682,22683,22790,31474,9048,9200,10400],"product_designer":[10239,13455],"comfabric":[],"manufacturer":[20718],"reporting_designer":[37285,37390],"samplecomfabric":[],"designer_clubroom":[],"class_list":{"0":"post-80163","1":"product","2":"type-product","3":"status-publish","4":"has-post-thumbnail","6":"product_cat-appliques-murales","7":"product_cat-luminaires","8":"product_tag-reedition-fr-fr","9":"product_tag-en-stock","10":"product_tag-applique-murale-fr","11":"product_tag-applique-fr-2","12":"product_tag-galerie-mcde-fr","13":"product_tag-mouche-fr","14":"product_tag-disponible-immediatement","15":"product_tag-co-white-fr","16":"product_tag-lampe","17":"product_tag-luminaire-fr-2","18":"product_tag-pierre-chareau-fr","19":"pa_size-grand-fly-110c","20":"pa_size-petit-fly-110a","21":"product_designer-pierre-chareau-fr","22":"product_designer-galerie-mcde-fr","23":"manufacturer-manufacture-zanzibar-fr","24":"reporting_designer-galerie-mcde","25":"reporting_designer-pierre-chareau","26":"exhibitions-paris-fr","28":"first","29":"instock","30":"taxable","31":"shipping-taxable","32":"purchasable","33":"product-type-variable"},"acf":[],"_links":{"self":[{"href":"https:\/\/theinvisiblecollection.com\/fr\/wp-json\/wp\/v2\/product\/80163","targetHints":{"allow":["GET"]}}],"collection":[{"href":"https:\/\/theinvisiblecollection.com\/fr\/wp-json\/wp\/v2\/product"}],"about":[{"href":"https:\/\/theinvisiblecollection.com\/fr\/wp-json\/wp\/v2\/types\/product"}],"wp:featuredmedia":[{"embeddable":true,"href":"https:\/\/theinvisiblecollection.com\/fr\/wp-json\/wp\/v2\/media\/5375686"}],"wp:attachment":[{"href":"https:\/\/theinvisiblecollection.com\/fr\/wp-json\/wp\/v2\/media?parent=80163"}],"wp:term":[{"taxonomy":"product_brand","embeddable":true,"href":"https:\/\/theinvisiblecollection.com\/fr\/wp-json\/wp\/v2\/product_brand?post=80163"},{"taxonomy":"product_cat","embeddable":true,"href":"https:\/\/theinvisiblecollection.com\/fr\/wp-json\/wp\/v2\/product_cat?post=80163"},{"taxonomy":"product_tag","embeddable":true,"href":"https:\/\/theinvisiblecollection.com\/fr\/wp-json\/wp\/v2\/product_tag?post=80163"},{"taxonomy":"product_designer","embeddable":true,"href":"https:\/\/theinvisiblecollection.com\/fr\/wp-json\/wp\/v2\/product_designer?post=80163"},{"taxonomy":"comfabric","embeddable":true,"href":"https:\/\/theinvisiblecollection.com\/fr\/wp-json\/wp\/v2\/comfabric?post=80163"},{"taxonomy":"manufacturer","embeddable":true,"href":"https:\/\/theinvisiblecollection.com\/fr\/wp-json\/wp\/v2\/manufacturer?post=80163"},{"taxonomy":"reporting_designer","embeddable":true,"href":"https:\/\/theinvisiblecollection.com\/fr\/wp-json\/wp\/v2\/reporting_designer?post=80163"},{"taxonomy":"samplecomfabric","embeddable":true,"href":"https:\/\/theinvisiblecollection.com\/fr\/wp-json\/wp\/v2\/samplecomfabric?post=80163"},{"taxonomy":"clubroom_product_designer","embeddable":true,"href":"https:\/\/theinvisiblecollection.com\/fr\/wp-json\/wp\/v2\/designer_clubroom?post=80163"}],"curies":[{"name":"wp","href":"https:\/\/api.w.org\/{rel}","templated":true}]}}