{"id":80397,"date":"2021-03-29T13:35:50","date_gmt":"2021-03-29T12:35:50","guid":{"rendered":"https:\/\/theinvisiblecollection.com\/?post_type=product&#038;p=80397"},"modified":"2026-05-01T07:39:19","modified_gmt":"2026-05-01T07:39:19","slug":"galerie-mcde-pierre-chareau-applique-double-face","status":"publish","type":"product","link":"https:\/\/theinvisiblecollection.com\/fr\/produit\/galerie-mcde-pierre-chareau-applique-double-face\/","title":{"rendered":"Applique Double Face"},"content":{"rendered":"<p style=\"text-align: justify;\">Cr\u00e9\u00e9e en 1923, l&#8217;Applique Double Face pr\u00e9sente \u00e0 la fois une g\u00e9om\u00e9trie rigoureuse et un volume simple permettant de r\u00e9v\u00e9ler la nature min\u00e9rale de l\u2019alb\u00e2tre et le choix minimaliste de Pierre Chareau renforc\u00e9 par l\u2019opposition m\u00e9tal (noir) et alb\u00e2tre (blanc).<\/p>\n","protected":false},"excerpt":{"rendered":"<p>Con\u00e7ue par Pierre Chareau, re-\u00e9dit\u00e9e par Galerie MCDE<br \/>\nApplique compos\u00e9e de deux blocs en alb\u00e2tre mont\u00e9s dos \u00e0 dos s\u00e9par\u00e9s par une lame de m\u00e9tal<br \/>\nAlb\u00e2tre blanc vein\u00e9 blanc ou alb\u00e2tre blanc vein\u00e9 marron<br \/>\nPossibilit\u00e9 d&#8217;avoir des finitions d&#8217;alb\u00e2tre diff\u00e9rentes pour chaque blocs<br \/>\nPossible de l&#8217;\u00e9lectrifier pour l&#8217;Europe (230 V) et les \u00c9tats-Unis (110 V)<br \/>\nDMA 120A : 1x ampoule incandescente E 14 40W ou ampoule fluocompacte E 14 10W requise, non incluse<br \/>\nDMA 120B : 1x ampoule incandescente E 14 25W ou ampoule fluocompacte E 14 7W requise, non incluse<\/p>\n<p>Deux dimensions disponibles :<br \/>\nDMA 120A : Petit : L 20 x l 17 x H 18 cm<br \/>\nDMA 120 B : Grand : L 26 x l 22 x H 23 cm<\/p>\n<p>Fabriqu\u00e9e \u00e0 la main en France<br \/>\nD\u00e9lais de production : 5 semaines<\/p>\n<p class=\"p1\"><span class=\"s1\"><a href=\"https:\/\/www.theinvisiblecollection.com\/fr\/demande-de-devis\/?product_id=80397\" target=\"_blank\" rel=\"noopener\">Contactez-nous pour toute demande de devis ou de renseignements<\/a><\/span><\/p>\n","protected":false},"featured_media":5375650,"template":"","meta":{"_acf_changed":false,"content-type":"","_themeisle_gutenberg_block_has_review":false},"product_brand":[],"product_cat":[8975,12507],"product_tag":[9048,9200,10400,11235,22680,22681,22682,22683,31474],"product_designer":[10239,13455],"comfabric":[],"manufacturer":[20718],"reporting_designer":[37390],"samplecomfabric":[],"designer_clubroom":[],"class_list":{"0":"post-80397","1":"product","2":"type-product","3":"status-publish","4":"has-post-thumbnail","6":"product_cat-appliques-murales","7":"product_cat-luminaires","8":"product_tag-lampe","9":"product_tag-luminaire-fr-2","10":"product_tag-pierre-chareau-fr","11":"product_tag-reedition-fr-fr","12":"product_tag-applique-murale-fr","13":"product_tag-applique-fr-2","14":"product_tag-galerie-mcde-fr","15":"product_tag-mouche-fr","16":"product_tag-co-white-fr","17":"pa_size-grand-dma-120b","18":"pa_size-petit-dma-120a","19":"product_designer-pierre-chareau-fr","20":"product_designer-galerie-mcde-fr","21":"manufacturer-manufacture-zanzibar-fr","22":"reporting_designer-pierre-chareau","24":"first","25":"instock","26":"taxable","27":"shipping-taxable","28":"purchasable","29":"product-type-variable"},"acf":[],"_links":{"self":[{"href":"https:\/\/theinvisiblecollection.com\/fr\/wp-json\/wp\/v2\/product\/80397","targetHints":{"allow":["GET"]}}],"collection":[{"href":"https:\/\/theinvisiblecollection.com\/fr\/wp-json\/wp\/v2\/product"}],"about":[{"href":"https:\/\/theinvisiblecollection.com\/fr\/wp-json\/wp\/v2\/types\/product"}],"wp:featuredmedia":[{"embeddable":true,"href":"https:\/\/theinvisiblecollection.com\/fr\/wp-json\/wp\/v2\/media\/5375650"}],"wp:attachment":[{"href":"https:\/\/theinvisiblecollection.com\/fr\/wp-json\/wp\/v2\/media?parent=80397"}],"wp:term":[{"taxonomy":"product_brand","embeddable":true,"href":"https:\/\/theinvisiblecollection.com\/fr\/wp-json\/wp\/v2\/product_brand?post=80397"},{"taxonomy":"product_cat","embeddable":true,"href":"https:\/\/theinvisiblecollection.com\/fr\/wp-json\/wp\/v2\/product_cat?post=80397"},{"taxonomy":"product_tag","embeddable":true,"href":"https:\/\/theinvisiblecollection.com\/fr\/wp-json\/wp\/v2\/product_tag?post=80397"},{"taxonomy":"product_designer","embeddable":true,"href":"https:\/\/theinvisiblecollection.com\/fr\/wp-json\/wp\/v2\/product_designer?post=80397"},{"taxonomy":"comfabric","embeddable":true,"href":"https:\/\/theinvisiblecollection.com\/fr\/wp-json\/wp\/v2\/comfabric?post=80397"},{"taxonomy":"manufacturer","embeddable":true,"href":"https:\/\/theinvisiblecollection.com\/fr\/wp-json\/wp\/v2\/manufacturer?post=80397"},{"taxonomy":"reporting_designer","embeddable":true,"href":"https:\/\/theinvisiblecollection.com\/fr\/wp-json\/wp\/v2\/reporting_designer?post=80397"},{"taxonomy":"samplecomfabric","embeddable":true,"href":"https:\/\/theinvisiblecollection.com\/fr\/wp-json\/wp\/v2\/samplecomfabric?post=80397"},{"taxonomy":"clubroom_product_designer","embeddable":true,"href":"https:\/\/theinvisiblecollection.com\/fr\/wp-json\/wp\/v2\/designer_clubroom?post=80397"}],"curies":[{"name":"wp","href":"https:\/\/api.w.org\/{rel}","templated":true}]}}