{"id":80409,"date":"2021-03-29T14:06:37","date_gmt":"2021-03-29T13:06:37","guid":{"rendered":"https:\/\/theinvisiblecollection.com\/?post_type=product&#038;p=80409"},"modified":"2026-05-01T07:39:19","modified_gmt":"2026-05-01T07:39:19","slug":"galerie-mcde-pierre-chareau-rampe-lumineuse","status":"publish","type":"product","link":"https:\/\/theinvisiblecollection.com\/fr\/produit\/galerie-mcde-pierre-chareau-rampe-lumineuse\/","title":{"rendered":"Rampe Lumineuse"},"content":{"rendered":"<p>La Rampe Lumineuse, con\u00e7ue par Pierre Chareau, est compos\u00e9e de plaques d&#8217;alb\u00e2tre rectangulaires mont\u00e9es c\u00f4te \u00e0 c\u00f4te sur une structure m\u00e9tal peint en noir ou inox. Existe en 3 longueurs ou fabrication sur mesure.<\/p>\n","protected":false},"excerpt":{"rendered":"<p>Con\u00e7ue par Pierre Chareau, re-\u00e9dit\u00e9e par Galerie MCDE<br \/>\nApplique compose\u0301e de plaques d\u2019alba\u0302tre rectangulaires<br \/>\nStructure en me\u0301tal peint en noir<br \/>\nAlb\u00e2tre blanc vein\u00e9 blanc ou alb\u00e2tre blanc vein\u00e9 marron<br \/>\nPossible de l&#8217;\u00e9lectrifier pour l&#8217;Europe (230 V) et les \u00c9tats-Unis (110 V)<br \/>\nRMP 118A : 1x ampoule fluocompacte 21W requise, non incluse<br \/>\nRMP 118B : 1x ampoule fluocompacte 21W requise, non incluse<br \/>\nRMP 118C : 1x ampoule fluocompacte 21W requise, non incluse<\/p>\n<p>Trois dimensions disponibles :<br \/>\nRMP 118A : Petit : L 68 x l 19 x H 20 cm<br \/>\nRMP 118B : Moyen : L 98 x l 19 x H 20 cm<br \/>\nRMP 118C : Grand : L 128 x l 19 x H 20 cm<\/p>\n<p>Fabriqu\u00e9e \u00e0 la main en France<br \/>\nD\u00e9lais de production : 6 semaines<\/p>\n<p class=\"p1\"><span style=\"text-decoration: underline;\"><span class=\"s1\"><a href=\"https:\/\/www.theinvisiblecollection.com\/fr\/demande-de-devis\/?product_id=80409\" target=\"_blank\" rel=\"noopener\">Contactez-nous pour toute demande de devis ou de renseignements<\/a><\/span><\/span><\/p>\n","protected":false},"featured_media":80420,"template":"","meta":{"_acf_changed":false,"content-type":"","_themeisle_gutenberg_block_has_review":false},"product_brand":[],"product_cat":[8975,12507],"product_tag":[22683,31474,10400,11235,11674,22680,22681,22682],"product_designer":[10239,13455],"comfabric":[],"manufacturer":[20718],"reporting_designer":[37390],"samplecomfabric":[],"designer_clubroom":[],"class_list":{"0":"post-80409","1":"product","2":"type-product","3":"status-publish","4":"has-post-thumbnail","6":"product_cat-appliques-murales","7":"product_cat-luminaires","8":"product_tag-mouche-fr","9":"product_tag-co-white-fr","10":"product_tag-pierre-chareau-fr","11":"product_tag-reedition-fr-fr","12":"product_tag-luminaire-fr-3","13":"product_tag-applique-murale-fr","14":"product_tag-applique-fr-2","15":"product_tag-galerie-mcde-fr","16":"pa_size-grand-rmp-118c","17":"pa_size-moyen-rmp-118b","18":"pa_size-petit-118a","19":"product_designer-pierre-chareau-fr","20":"product_designer-galerie-mcde-fr","21":"manufacturer-manufacture-zanzibar-fr","22":"reporting_designer-pierre-chareau","24":"first","25":"instock","26":"taxable","27":"shipping-taxable","28":"purchasable","29":"product-type-variable"},"acf":[],"_links":{"self":[{"href":"https:\/\/theinvisiblecollection.com\/fr\/wp-json\/wp\/v2\/product\/80409","targetHints":{"allow":["GET"]}}],"collection":[{"href":"https:\/\/theinvisiblecollection.com\/fr\/wp-json\/wp\/v2\/product"}],"about":[{"href":"https:\/\/theinvisiblecollection.com\/fr\/wp-json\/wp\/v2\/types\/product"}],"wp:featuredmedia":[{"embeddable":true,"href":"https:\/\/theinvisiblecollection.com\/fr\/wp-json\/wp\/v2\/media\/80420"}],"wp:attachment":[{"href":"https:\/\/theinvisiblecollection.com\/fr\/wp-json\/wp\/v2\/media?parent=80409"}],"wp:term":[{"taxonomy":"product_brand","embeddable":true,"href":"https:\/\/theinvisiblecollection.com\/fr\/wp-json\/wp\/v2\/product_brand?post=80409"},{"taxonomy":"product_cat","embeddable":true,"href":"https:\/\/theinvisiblecollection.com\/fr\/wp-json\/wp\/v2\/product_cat?post=80409"},{"taxonomy":"product_tag","embeddable":true,"href":"https:\/\/theinvisiblecollection.com\/fr\/wp-json\/wp\/v2\/product_tag?post=80409"},{"taxonomy":"product_designer","embeddable":true,"href":"https:\/\/theinvisiblecollection.com\/fr\/wp-json\/wp\/v2\/product_designer?post=80409"},{"taxonomy":"comfabric","embeddable":true,"href":"https:\/\/theinvisiblecollection.com\/fr\/wp-json\/wp\/v2\/comfabric?post=80409"},{"taxonomy":"manufacturer","embeddable":true,"href":"https:\/\/theinvisiblecollection.com\/fr\/wp-json\/wp\/v2\/manufacturer?post=80409"},{"taxonomy":"reporting_designer","embeddable":true,"href":"https:\/\/theinvisiblecollection.com\/fr\/wp-json\/wp\/v2\/reporting_designer?post=80409"},{"taxonomy":"samplecomfabric","embeddable":true,"href":"https:\/\/theinvisiblecollection.com\/fr\/wp-json\/wp\/v2\/samplecomfabric?post=80409"},{"taxonomy":"clubroom_product_designer","embeddable":true,"href":"https:\/\/theinvisiblecollection.com\/fr\/wp-json\/wp\/v2\/designer_clubroom?post=80409"}],"curies":[{"name":"wp","href":"https:\/\/api.w.org\/{rel}","templated":true}]}}