{"id":80413,"date":"2021-03-29T14:06:47","date_gmt":"2021-03-29T13:06:47","guid":{"rendered":"https:\/\/theinvisiblecollection.com\/?post_type=product&#038;p=80413"},"modified":"2026-05-01T07:39:19","modified_gmt":"2026-05-01T07:39:19","slug":"galerie-mcde-pierre-chareau-lampe-quart-de-rond","status":"publish","type":"product","link":"https:\/\/theinvisiblecollection.com\/fr\/produit\/galerie-mcde-pierre-chareau-lampe-quart-de-rond\/","title":{"rendered":"Lampe Quart de Rond"},"content":{"rendered":"<p>Cr\u00e9\u00e9e en 1922, la Lampe Quart de Rond est symbolique de l\u2019inspiration cubiste de Pierre Chareau. Pivotante, elle ressemble \u00e0 une statue qui vous fixe de ses deux alb\u00e2tres formant le visage et le m\u00e9tal formant le corps.<\/p>\n","protected":false},"excerpt":{"rendered":"<p>Con\u00e7ue par Pierre Chareau, re-\u00e9dit\u00e9e par Galerie MCDE<br \/>\nLampe de table compos\u00e9e de deux plaques d&#8217;alb\u00e2tre en quart de rond<br \/>\nAlb\u00e2tre blanc vein\u00e9 blanc ou alb\u00e2tre blanc vein\u00e9 marron<br \/>\nPossible de l&#8217;\u00e9lectrifier pour l&#8217;Europe (230 V) et les \u00c9tats-Unis (110 V)<br \/>\n1x ampoule incandescente E 14 40W ou ampoule fluocompacte E 14 10W requise, non incluse<\/p>\n<p>L 25 x l 22 x H 30 cm<\/p>\n<p>Fabriqu\u00e9e \u00e0 la main en France<br \/>\nD\u00e9lais de production : 5 semaines<\/p>\n<p class=\"p1\"><span style=\"text-decoration: underline;\"><span class=\"s1\"><a href=\"https:\/\/www.theinvisiblecollection.com\/fr\/demande-de-devis\/?product_id=80413\" target=\"_blank\" rel=\"noopener\">Contactez-nous pour toute demande de devis ou de renseignements<\/a><\/span><\/span><\/p>\n","protected":false},"featured_media":5375646,"template":"","meta":{"_acf_changed":false,"content-type":"","_themeisle_gutenberg_block_has_review":false},"product_brand":[],"product_cat":[8974,12507],"product_tag":[9048,9200,10400,11235,14926,22680,22681,22682,22683,31474],"product_designer":[10239,13455],"comfabric":[],"manufacturer":[20718],"reporting_designer":[37285,37390],"samplecomfabric":[],"designer_clubroom":[],"class_list":{"0":"post-80413","1":"product","2":"type-product","3":"status-publish","4":"has-post-thumbnail","6":"product_cat-lampes-de-table","7":"product_cat-luminaires","8":"product_tag-lampe","9":"product_tag-luminaire-fr-2","10":"product_tag-pierre-chareau-fr","11":"product_tag-reedition-fr-fr","12":"product_tag-hplstfav-fr","13":"product_tag-applique-murale-fr","14":"product_tag-applique-fr-2","15":"product_tag-galerie-mcde-fr","16":"product_tag-mouche-fr","17":"product_tag-co-white-fr","18":"product_designer-pierre-chareau-fr","19":"product_designer-galerie-mcde-fr","20":"manufacturer-manufacture-zanzibar-fr","21":"reporting_designer-galerie-mcde","22":"reporting_designer-pierre-chareau","24":"first","25":"instock","26":"taxable","27":"shipping-taxable","28":"purchasable","29":"product-type-variable"},"acf":[],"_links":{"self":[{"href":"https:\/\/theinvisiblecollection.com\/fr\/wp-json\/wp\/v2\/product\/80413","targetHints":{"allow":["GET"]}}],"collection":[{"href":"https:\/\/theinvisiblecollection.com\/fr\/wp-json\/wp\/v2\/product"}],"about":[{"href":"https:\/\/theinvisiblecollection.com\/fr\/wp-json\/wp\/v2\/types\/product"}],"wp:featuredmedia":[{"embeddable":true,"href":"https:\/\/theinvisiblecollection.com\/fr\/wp-json\/wp\/v2\/media\/5375646"}],"wp:attachment":[{"href":"https:\/\/theinvisiblecollection.com\/fr\/wp-json\/wp\/v2\/media?parent=80413"}],"wp:term":[{"taxonomy":"product_brand","embeddable":true,"href":"https:\/\/theinvisiblecollection.com\/fr\/wp-json\/wp\/v2\/product_brand?post=80413"},{"taxonomy":"product_cat","embeddable":true,"href":"https:\/\/theinvisiblecollection.com\/fr\/wp-json\/wp\/v2\/product_cat?post=80413"},{"taxonomy":"product_tag","embeddable":true,"href":"https:\/\/theinvisiblecollection.com\/fr\/wp-json\/wp\/v2\/product_tag?post=80413"},{"taxonomy":"product_designer","embeddable":true,"href":"https:\/\/theinvisiblecollection.com\/fr\/wp-json\/wp\/v2\/product_designer?post=80413"},{"taxonomy":"comfabric","embeddable":true,"href":"https:\/\/theinvisiblecollection.com\/fr\/wp-json\/wp\/v2\/comfabric?post=80413"},{"taxonomy":"manufacturer","embeddable":true,"href":"https:\/\/theinvisiblecollection.com\/fr\/wp-json\/wp\/v2\/manufacturer?post=80413"},{"taxonomy":"reporting_designer","embeddable":true,"href":"https:\/\/theinvisiblecollection.com\/fr\/wp-json\/wp\/v2\/reporting_designer?post=80413"},{"taxonomy":"samplecomfabric","embeddable":true,"href":"https:\/\/theinvisiblecollection.com\/fr\/wp-json\/wp\/v2\/samplecomfabric?post=80413"},{"taxonomy":"clubroom_product_designer","embeddable":true,"href":"https:\/\/theinvisiblecollection.com\/fr\/wp-json\/wp\/v2\/designer_clubroom?post=80413"}],"curies":[{"name":"wp","href":"https:\/\/api.w.org\/{rel}","templated":true}]}}