{"id":80458,"date":"2023-03-01T11:53:23","date_gmt":"2023-03-01T10:53:23","guid":{"rendered":"https:\/\/theinvisiblecollection.com\/?post_type=product&#038;p=80458"},"modified":"2026-05-08T04:40:32","modified_gmt":"2026-05-08T04:40:32","slug":"emmanuelle-simon-lampe-cone-x","status":"publish","type":"product","link":"https:\/\/theinvisiblecollection.com\/fr\/produit\/emmanuelle-simon-lampe-cone-x\/","title":{"rendered":"Lampe Cone X"},"content":{"rendered":"<p style=\"text-align: justify;\"><span class=\"NormalTextRun SCXW221976979 BCX0\">La collection <\/span><span class=\"NormalTextRun SpellingErrorV2Themed SCXW221976979 BCX0\">C<\/span><span class=\"NormalTextRun SpellingErrorV2Themed SCXW221976979 BCX0\">one<\/span> <span class=\"NormalTextRun SCXW221976979 BCX0\">X d\u2019Emmanuelle Simon<\/span><span class=\"NormalTextRun SCXW221976979 BCX0\"> allie habilement le <\/span><span class=\"NormalTextRun SCXW221976979 BCX0\">pl\u00e2tre<\/span><span class=\"NormalTextRun SCXW221976979 BCX0\"> chamotte\u0301 au verre givre\u0301. <\/span><span class=\"NormalTextRun SCXW221976979 BCX0\">\u00c9volutifs<\/span><span class=\"NormalTextRun SCXW221976979 BCX0\">, ces luminaires peuvent s\u2019envisager en lampes a\u0300 poser ou s\u2019empiler en totem pour un effet sc<\/span><span class=\"NormalTextRun SCXW221976979 BCX0\">ulptu<\/span><span class=\"NormalTextRun SCXW221976979 BCX0\">ral. Le <\/span><span class=\"NormalTextRun SpellingErrorV2Themed SCXW221976979 BCX0\">do\u0302me<\/span><span class=\"NormalTextRun SCXW221976979 BCX0\"> lumineux est souffle\u0301 artisanalement, l\u2019effet texture\u0301 diffuse ainsi une <\/span><span class=\"NormalTextRun SCXW221976979 BCX0\">lumi\u00e8re<\/span><span class=\"NormalTextRun SCXW221976979 BCX0\"> douce et variable.<\/span><\/p>\n","protected":false},"excerpt":{"rendered":"<p>Lampe photographi\u00e9e ici en pl\u00e2tre chamotte blanc et rose fonc\u00e9<br \/>\n\u00c9galement disponible en rose<br \/>\nD\u00f4me en verre d\u00e9poli<br \/>\n<span style=\"text-decoration: underline;\"><a href=\"https:\/\/theinvisiblecollection.com\/wp-content\/uploads\/2022\/03\/TheInvisibleCollection_EmmanuelleSimon_PlasterSelection.pdf\" target=\"_blank\" rel=\"noopener\">D\u00e9couvrez la s\u00e9lection de pl\u00e2tre ici<\/a><br \/>\n<\/span>LED \u00e9quivalent 18 W, 2700k<\/p>\n<p>Disponible en cinq versions :<br \/>\nX0 : \u00d8 32 x H 26 cm<br \/>\nX1 : \u00d8 32 x H 59 cm<br \/>\nX2 : \u00d8 32 x H 95 cm<br \/>\nX3 : \u00d8 32 x H 131 cm<br \/>\nX4 : \u00d8 32 x H 167 cm<\/p>\n<p>Fabriqu\u00e9e \u00e0 la main en Europe<br \/>\nD\u00e9lais de production : 18 &#8211; 20 semaines<\/p>\n<p><span style=\"text-decoration: underline;\"><a href=\"https:\/\/www.theinvisiblecollection.com\/fr\/demande-de-devis\/?product_id=81346\" target=\"_blank\" rel=\"noopener\">Contactez-nous pour toute demande de devis ou de renseignements<\/a><\/span><\/p>\n","protected":false},"featured_media":84040,"template":"","meta":{"_acf_changed":false,"content-type":"","_themeisle_gutenberg_block_has_review":false},"product_brand":[],"product_cat":[8966,12507,13076],"product_tag":[7435,14925,31474],"product_designer":[8897],"comfabric":[],"manufacturer":[20119],"reporting_designer":[37272],"samplecomfabric":[],"designer_clubroom":[],"class_list":{"0":"post-80458","1":"product","2":"type-product","3":"status-publish","4":"has-post-thumbnail","6":"product_cat-lampes-sur-pied","7":"product_cat-luminaires","8":"product_cat-bureau-a-la-maison","9":"product_tag-new-in-fr","10":"product_tag-hpfav-fr","11":"product_tag-co-white-fr","12":"pa_size-extra-large-fr","13":"pa_size-large-fr-2","14":"pa_size-mini","15":"pa_size-moyenne-l-70-x-l-82-x-h-41-cm","16":"pa_size-petit","17":"product_designer-emmanuelle-simon-fr","18":"manufacturer-emmanuelle-simon-gesso-fr","19":"reporting_designer-emmanuelle-simon","21":"first","22":"instock","23":"featured","24":"taxable","25":"shipping-taxable","26":"purchasable","27":"product-type-variable"},"acf":[],"_links":{"self":[{"href":"https:\/\/theinvisiblecollection.com\/fr\/wp-json\/wp\/v2\/product\/80458","targetHints":{"allow":["GET"]}}],"collection":[{"href":"https:\/\/theinvisiblecollection.com\/fr\/wp-json\/wp\/v2\/product"}],"about":[{"href":"https:\/\/theinvisiblecollection.com\/fr\/wp-json\/wp\/v2\/types\/product"}],"wp:featuredmedia":[{"embeddable":true,"href":"https:\/\/theinvisiblecollection.com\/fr\/wp-json\/wp\/v2\/media\/84040"}],"wp:attachment":[{"href":"https:\/\/theinvisiblecollection.com\/fr\/wp-json\/wp\/v2\/media?parent=80458"}],"wp:term":[{"taxonomy":"product_brand","embeddable":true,"href":"https:\/\/theinvisiblecollection.com\/fr\/wp-json\/wp\/v2\/product_brand?post=80458"},{"taxonomy":"product_cat","embeddable":true,"href":"https:\/\/theinvisiblecollection.com\/fr\/wp-json\/wp\/v2\/product_cat?post=80458"},{"taxonomy":"product_tag","embeddable":true,"href":"https:\/\/theinvisiblecollection.com\/fr\/wp-json\/wp\/v2\/product_tag?post=80458"},{"taxonomy":"product_designer","embeddable":true,"href":"https:\/\/theinvisiblecollection.com\/fr\/wp-json\/wp\/v2\/product_designer?post=80458"},{"taxonomy":"comfabric","embeddable":true,"href":"https:\/\/theinvisiblecollection.com\/fr\/wp-json\/wp\/v2\/comfabric?post=80458"},{"taxonomy":"manufacturer","embeddable":true,"href":"https:\/\/theinvisiblecollection.com\/fr\/wp-json\/wp\/v2\/manufacturer?post=80458"},{"taxonomy":"reporting_designer","embeddable":true,"href":"https:\/\/theinvisiblecollection.com\/fr\/wp-json\/wp\/v2\/reporting_designer?post=80458"},{"taxonomy":"samplecomfabric","embeddable":true,"href":"https:\/\/theinvisiblecollection.com\/fr\/wp-json\/wp\/v2\/samplecomfabric?post=80458"},{"taxonomy":"clubroom_product_designer","embeddable":true,"href":"https:\/\/theinvisiblecollection.com\/fr\/wp-json\/wp\/v2\/designer_clubroom?post=80458"}],"curies":[{"name":"wp","href":"https:\/\/api.w.org\/{rel}","templated":true}]}}