{"id":80528,"date":"2021-12-09T10:08:59","date_gmt":"2021-12-09T09:08:59","guid":{"rendered":"https:\/\/theinvisiblecollection.com\/?post_type=product&#038;p=80528"},"modified":"2026-05-01T07:39:19","modified_gmt":"2026-05-01T07:39:19","slug":"canape-eileen","status":"publish","type":"product","link":"https:\/\/theinvisiblecollection.com\/fr\/produit\/canape-eileen\/","title":{"rendered":"Canap\u00e9 Eileen"},"content":{"rendered":"<p style=\"text-align: justify;\">Cette collection de mobilier a \u00e9t\u00e9 dessin\u00e9e par Charlotte Biltgen pour un appartement haussmannien parisien. C\u2019est une ligne classique et \u00e9l\u00e9gante avec un souci du d\u00e9tail comme fil rouge : \u201cJ\u2019ai imagin\u00e9 des pi\u00e8ces intemporelles que l\u2019on aurait envie de garder longtemps, des objets rassurants qui nous accompagnent. En r\u00e9sonance avec le travail d\u2019Eileen Gray et le mouvement moderniste des ann\u00e9es 30, l\u2019\u00e9l\u00e9gance se traduit par un jeu de courbes qui exprime douceur et f\u00e9minit\u00e9, et un ensemble de mati\u00e8res qui permet au travail de la simple forme de donner sophistication, texture et contraste aux diff\u00e9rentes pi\u00e8ces de mobilier.\u201d<\/p>\n","protected":false},"excerpt":{"rendered":"<p>Canap\u00e9 recouvert de tissu Bisson Bruneel, Bergamo<br \/>\n<span style=\"text-decoration: underline;\"><a tabindex=\"-1\" title=\"https:\/\/www.theinvisiblecollection.com\/wp-content\/uploads\/2019\/12\/bissonbruneel_bergamo-1.pdf\" href=\"https:\/\/theinvisiblecollection.com\/wp-content\/uploads\/2021\/12\/TheInvisibleCollection_CharlotteBiltgen_EileenSofa.pdf.pdf\" target=\"_blank\" rel=\"noreferrer noopener\">D\u00e9couvrez la s\u00e9lection de tissus ici<\/a><\/span><br \/>\nPieds en h\u00eatre teint\u00e9 noir<br \/>\nTissus sur-mesure et set de coussins d\u00e9coratifs recouverts de tissu Papunya de Pierre Frey disponible sur demande<br \/>\nVous pouvez choisir la densit\u00e9 de la mousse<br \/>\n<a href=\"https:\/\/theinvisiblecollection.com\/fr\/produit\/charlotte-biltgen-canape-eileen-avec-coussins-dos\/\" target=\"_blank\" rel=\"noopener\"><span style=\"text-decoration: underline;\">\u00c9galement disponible avec coussins dos<\/span><\/a><\/p>\n<p>L 250 x P 95 x H 65 cm<br \/>\n\u00c9galement disponible en L 215 cm \u2013 L 280 cm \u2013 L 305 cm<br \/>\nHauteur d&#8217;assise : 40 cm<br \/>\nProfondeur d&#8217;assise: 63 cm<br \/>\nTissu requis pour L 215 et L 250 : 14 m<br \/>\nTissu requis pour L 280 et L 305 : 16 m<\/p>\n<div>\n<p>Fabriqu\u00e9 \u00e0 la main en Italie<br \/>\nD\u00e9lais de production : 12 semaines<\/p>\n<p><span style=\"text-decoration: underline;\"><a tabindex=\"-1\" title=\"https:\/\/www.theinvisiblecollection.com\/fr\/demande-de-devis\/?product_id=48547\" href=\"https:\/\/www.theinvisiblecollection.com\/fr\/demande-de-devis\/?product_id=80528\" target=\"_blank\" rel=\"noreferrer noopener\">Contactez-nous pour toute demande de devis ou de renseignements<\/a><\/span><\/p>\n<\/div>\n","protected":false},"featured_media":1982992,"template":"","meta":{"_acf_changed":false,"content-type":"","_themeisle_gutenberg_block_has_review":false},"product_brand":[],"product_cat":[8976,12499],"product_tag":[31474,31477,35206],"product_designer":[8923],"comfabric":[29263],"manufacturer":[16873],"reporting_designer":[37452],"samplecomfabric":[30114],"designer_clubroom":[],"class_list":{"0":"post-80528","1":"product","2":"type-product","3":"status-publish","4":"has-post-thumbnail","6":"product_cat-canapes","7":"product_cat-assises","8":"product_tag-co-white-fr","9":"product_tag-st-curvy-fr","10":"product_tag-exclusive-fr","11":"pa_size-extra-large-fr","12":"pa_size-l-280-x-l-100-x-h-80-fr","13":"pa_size-moyenne-l-70-x-l-82-x-h-41-cm","14":"pa_size-petit","15":"product_designer-charlotte-biltgen-fr","16":"comfabric-valtorta-fr","17":"manufacturer-valtorta-fr","18":"reporting_designer-charlotte-biltgen","19":"samplecomfabric-charlotte-biltgen-fr","20":"exhibitions-new-york-fr","22":"first","23":"instock","24":"taxable","25":"shipping-taxable","26":"purchasable","27":"product-type-variable"},"acf":[],"_links":{"self":[{"href":"https:\/\/theinvisiblecollection.com\/fr\/wp-json\/wp\/v2\/product\/80528","targetHints":{"allow":["GET"]}}],"collection":[{"href":"https:\/\/theinvisiblecollection.com\/fr\/wp-json\/wp\/v2\/product"}],"about":[{"href":"https:\/\/theinvisiblecollection.com\/fr\/wp-json\/wp\/v2\/types\/product"}],"wp:featuredmedia":[{"embeddable":true,"href":"https:\/\/theinvisiblecollection.com\/fr\/wp-json\/wp\/v2\/media\/1982992"}],"wp:attachment":[{"href":"https:\/\/theinvisiblecollection.com\/fr\/wp-json\/wp\/v2\/media?parent=80528"}],"wp:term":[{"taxonomy":"product_brand","embeddable":true,"href":"https:\/\/theinvisiblecollection.com\/fr\/wp-json\/wp\/v2\/product_brand?post=80528"},{"taxonomy":"product_cat","embeddable":true,"href":"https:\/\/theinvisiblecollection.com\/fr\/wp-json\/wp\/v2\/product_cat?post=80528"},{"taxonomy":"product_tag","embeddable":true,"href":"https:\/\/theinvisiblecollection.com\/fr\/wp-json\/wp\/v2\/product_tag?post=80528"},{"taxonomy":"product_designer","embeddable":true,"href":"https:\/\/theinvisiblecollection.com\/fr\/wp-json\/wp\/v2\/product_designer?post=80528"},{"taxonomy":"comfabric","embeddable":true,"href":"https:\/\/theinvisiblecollection.com\/fr\/wp-json\/wp\/v2\/comfabric?post=80528"},{"taxonomy":"manufacturer","embeddable":true,"href":"https:\/\/theinvisiblecollection.com\/fr\/wp-json\/wp\/v2\/manufacturer?post=80528"},{"taxonomy":"reporting_designer","embeddable":true,"href":"https:\/\/theinvisiblecollection.com\/fr\/wp-json\/wp\/v2\/reporting_designer?post=80528"},{"taxonomy":"samplecomfabric","embeddable":true,"href":"https:\/\/theinvisiblecollection.com\/fr\/wp-json\/wp\/v2\/samplecomfabric?post=80528"},{"taxonomy":"clubroom_product_designer","embeddable":true,"href":"https:\/\/theinvisiblecollection.com\/fr\/wp-json\/wp\/v2\/designer_clubroom?post=80528"}],"curies":[{"name":"wp","href":"https:\/\/api.w.org\/{rel}","templated":true}]}}