{"id":81245,"date":"2021-04-30T00:00:00","date_gmt":"2021-04-29T23:00:00","guid":{"rendered":"https:\/\/theinvisiblecollection.com\/?post_type=product&#038;p=81245"},"modified":"2026-05-01T07:39:17","modified_gmt":"2026-05-01T07:39:17","slug":"emanuel-levet-console-dress-up-platre","status":"publish","type":"product","link":"https:\/\/theinvisiblecollection.com\/fr\/produit\/emanuel-levet-console-dress-up-platre\/","title":{"rendered":"Console Dress Up Pl\u00e2tre"},"content":{"rendered":"<p style=\"text-align: justify;\"><span class=\"TextRun SCXW14095175 BCX8\" lang=\"FR-FR\" xml:lang=\"FR-FR\" data-contrast=\"auto\"><span class=\"NormalTextRun SCXW14095175 BCX8\">La console DRESS UP fait partie de la collection DRESS UP. Cette collection a \u00e9t\u00e9 pens\u00e9e pour mettre en lumi\u00e8re la vocation sculpturale du pl\u00e2tre et du bronze. A travers des formes simples et rigoureuses, la console <\/span><span class=\"NormalTextRun SpellingErrorV2Themed SCXW14095175 BCX8\">Dress<\/span><span class=\"NormalTextRun SCXW14095175 BCX8\"> Up \u00e9voque la sobri\u00e9t\u00e9 de l\u2019art Roman et l\u2019\u00e9l\u00e9gance ornementale de l\u2019Art Nouveau.<\/span><\/span><span class=\"EOP SCXW14095175 BCX8\" data-ccp-props=\"{}\">\u00a0<\/span><\/p>\n","protected":false},"excerpt":{"rendered":"<p>Base en pl\u00e2tre<br \/>\nPlateau en marbre Bianco Neve, Travertin Navona ou Nero Marquina<br \/>\nDimensions sur-mesure sur demande<\/p>\n<p class=\"p1\"><span class=\"s1\">L 150 x l 45 x H 80 cm<span class=\"Apple-converted-space\">\u00a0<\/span><\/span><\/p>\n<p>Fabriqu\u00e9e \u00e0 la main en France<br \/>\nD\u00e9lais de fabrication : 12 semaines<\/p>\n<p class=\"p1\"><span style=\"text-decoration: underline;\"><span class=\"s1\"><a href=\"https:\/\/www.theinvisiblecollection.com\/fr\/demande-de-devis\/?product_id=81245\">Contactez-nous pour toute demande de devis ou de renseignements<\/a><\/span><\/span><\/p>\n","protected":false},"featured_media":5652575,"template":"","meta":{"_acf_changed":false,"content-type":"","_themeisle_gutenberg_block_has_review":false},"product_brand":[],"product_cat":[7675,12503],"product_tag":[9785,31474,31477,35206],"product_designer":[13211],"comfabric":[],"manufacturer":[27900],"reporting_designer":[37696],"samplecomfabric":[],"designer_clubroom":[],"class_list":{"0":"post-81245","1":"product","2":"type-product","3":"status-publish","4":"has-post-thumbnail","6":"product_cat-consoles-fr","7":"product_cat-tables-fr","8":"product_tag-platre","9":"product_tag-co-white-fr","10":"product_tag-st-curvy-fr","11":"product_tag-exclusive-fr","12":"product_designer-emmanuel-levet-stenne-fr","13":"manufacturer-emmanuel-levet-stenne-atelier-bourron-marlotte-fr","14":"reporting_designer-emmanuel-levet-stenne","15":"exhibitions-new-york-fr","17":"first","18":"instock","19":"taxable","20":"shipping-taxable","21":"purchasable","22":"product-type-variable"},"acf":[],"_links":{"self":[{"href":"https:\/\/theinvisiblecollection.com\/fr\/wp-json\/wp\/v2\/product\/81245","targetHints":{"allow":["GET"]}}],"collection":[{"href":"https:\/\/theinvisiblecollection.com\/fr\/wp-json\/wp\/v2\/product"}],"about":[{"href":"https:\/\/theinvisiblecollection.com\/fr\/wp-json\/wp\/v2\/types\/product"}],"wp:featuredmedia":[{"embeddable":true,"href":"https:\/\/theinvisiblecollection.com\/fr\/wp-json\/wp\/v2\/media\/5652575"}],"wp:attachment":[{"href":"https:\/\/theinvisiblecollection.com\/fr\/wp-json\/wp\/v2\/media?parent=81245"}],"wp:term":[{"taxonomy":"product_brand","embeddable":true,"href":"https:\/\/theinvisiblecollection.com\/fr\/wp-json\/wp\/v2\/product_brand?post=81245"},{"taxonomy":"product_cat","embeddable":true,"href":"https:\/\/theinvisiblecollection.com\/fr\/wp-json\/wp\/v2\/product_cat?post=81245"},{"taxonomy":"product_tag","embeddable":true,"href":"https:\/\/theinvisiblecollection.com\/fr\/wp-json\/wp\/v2\/product_tag?post=81245"},{"taxonomy":"product_designer","embeddable":true,"href":"https:\/\/theinvisiblecollection.com\/fr\/wp-json\/wp\/v2\/product_designer?post=81245"},{"taxonomy":"comfabric","embeddable":true,"href":"https:\/\/theinvisiblecollection.com\/fr\/wp-json\/wp\/v2\/comfabric?post=81245"},{"taxonomy":"manufacturer","embeddable":true,"href":"https:\/\/theinvisiblecollection.com\/fr\/wp-json\/wp\/v2\/manufacturer?post=81245"},{"taxonomy":"reporting_designer","embeddable":true,"href":"https:\/\/theinvisiblecollection.com\/fr\/wp-json\/wp\/v2\/reporting_designer?post=81245"},{"taxonomy":"samplecomfabric","embeddable":true,"href":"https:\/\/theinvisiblecollection.com\/fr\/wp-json\/wp\/v2\/samplecomfabric?post=81245"},{"taxonomy":"clubroom_product_designer","embeddable":true,"href":"https:\/\/theinvisiblecollection.com\/fr\/wp-json\/wp\/v2\/designer_clubroom?post=81245"}],"curies":[{"name":"wp","href":"https:\/\/api.w.org\/{rel}","templated":true}]}}