{"id":81251,"date":"2021-04-30T00:00:00","date_gmt":"2021-04-29T23:00:00","guid":{"rendered":"https:\/\/theinvisiblecollection.com\/?post_type=product&#038;p=81251"},"modified":"2026-05-01T07:39:17","modified_gmt":"2026-05-01T07:39:17","slug":"emmanuelle-levet-stenne-gueridon-dress-up-bronze","status":"publish","type":"product","link":"https:\/\/theinvisiblecollection.com\/fr\/produit\/emmanuelle-levet-stenne-gueridon-dress-up-bronze\/","title":{"rendered":"Gu\u00e9ridon Dress Up Bronze"},"content":{"rendered":"<p style=\"text-align: justify;\"><span class=\"TextRun SCXW22979658 BCX8\" lang=\"FR-FR\" xml:lang=\"FR-FR\" data-contrast=\"auto\"><span class=\"NormalTextRun SCXW22979658 BCX8\">La table DRESS UP fait partie de la collection DRESS UP. Cette collection se d\u00e9cline en pl\u00e2tre et en bronze et met en lumi\u00e8re la vocation sculpturale de ces deux mat\u00e9riaux dans un registre formel \u00e0 la fois sobre et ornemental entre la simplicit\u00e9 de l\u2019art Roman et la g\u00e9n\u00e9rosit\u00e9 de l\u2019Art Nouveau.<\/span><\/span><span class=\"EOP SCXW22979658 BCX8\" data-ccp-props=\"{}\">\u00a0<\/span><\/p>\n","protected":false},"excerpt":{"rendered":"<p>\u00c9dition limit\u00e9e et num\u00e9rot\u00e9e de 50 pi\u00e8ces<br \/>\nBase en bronze patin\u00e9 noir ou brun<br \/>\nPlateau en laiton poli, laiton patin\u00e9 noir ou laiton patin\u00e9 brun<br \/>\nDimensions sur-mesure sur demande<\/p>\n<p>\u00d8 50 x H 52 cm<\/p>\n<p>Fabriqu\u00e9 \u00e0 la main en France<br \/>\nD\u00e9lais de fabrication : 12 semaines<\/p>\n<p class=\"p1\"><span class=\"s1\"><a href=\"https:\/\/www.theinvisiblecollection.com\/fr\/demande-de-devis\/?product_id=36195\">Contactez-nous pour toute demande de devis ou de renseignements<\/a><\/span><\/p>\n","protected":false},"featured_media":323789,"template":"","meta":{"_acf_changed":false,"content-type":"","_themeisle_gutenberg_block_has_review":false},"product_brand":[],"product_cat":[12514,12332],"product_tag":[35206,9785],"product_designer":[13211],"comfabric":[],"manufacturer":[27900],"reporting_designer":[37696],"samplecomfabric":[],"designer_clubroom":[],"class_list":{"0":"post-81251","1":"product","2":"type-product","3":"status-publish","4":"has-post-thumbnail","6":"product_cat-tables-de-chevet","7":"product_cat-tables-dappoint","8":"product_tag-exclusive-fr","9":"product_tag-platre","10":"pa_tabletop-laiton-patine-marron","11":"pa_tabletop-laiton-patine-noir","12":"pa_tabletop-laiton-poli","13":"product_designer-emmanuel-levet-stenne-fr","14":"manufacturer-emmanuel-levet-stenne-atelier-bourron-marlotte-fr","15":"reporting_designer-emmanuel-levet-stenne","17":"first","18":"instock","19":"taxable","20":"shipping-taxable","21":"purchasable","22":"product-type-variable"},"acf":[],"_links":{"self":[{"href":"https:\/\/theinvisiblecollection.com\/fr\/wp-json\/wp\/v2\/product\/81251","targetHints":{"allow":["GET"]}}],"collection":[{"href":"https:\/\/theinvisiblecollection.com\/fr\/wp-json\/wp\/v2\/product"}],"about":[{"href":"https:\/\/theinvisiblecollection.com\/fr\/wp-json\/wp\/v2\/types\/product"}],"wp:featuredmedia":[{"embeddable":true,"href":"https:\/\/theinvisiblecollection.com\/fr\/wp-json\/wp\/v2\/media\/323789"}],"wp:attachment":[{"href":"https:\/\/theinvisiblecollection.com\/fr\/wp-json\/wp\/v2\/media?parent=81251"}],"wp:term":[{"taxonomy":"product_brand","embeddable":true,"href":"https:\/\/theinvisiblecollection.com\/fr\/wp-json\/wp\/v2\/product_brand?post=81251"},{"taxonomy":"product_cat","embeddable":true,"href":"https:\/\/theinvisiblecollection.com\/fr\/wp-json\/wp\/v2\/product_cat?post=81251"},{"taxonomy":"product_tag","embeddable":true,"href":"https:\/\/theinvisiblecollection.com\/fr\/wp-json\/wp\/v2\/product_tag?post=81251"},{"taxonomy":"product_designer","embeddable":true,"href":"https:\/\/theinvisiblecollection.com\/fr\/wp-json\/wp\/v2\/product_designer?post=81251"},{"taxonomy":"comfabric","embeddable":true,"href":"https:\/\/theinvisiblecollection.com\/fr\/wp-json\/wp\/v2\/comfabric?post=81251"},{"taxonomy":"manufacturer","embeddable":true,"href":"https:\/\/theinvisiblecollection.com\/fr\/wp-json\/wp\/v2\/manufacturer?post=81251"},{"taxonomy":"reporting_designer","embeddable":true,"href":"https:\/\/theinvisiblecollection.com\/fr\/wp-json\/wp\/v2\/reporting_designer?post=81251"},{"taxonomy":"samplecomfabric","embeddable":true,"href":"https:\/\/theinvisiblecollection.com\/fr\/wp-json\/wp\/v2\/samplecomfabric?post=81251"},{"taxonomy":"clubroom_product_designer","embeddable":true,"href":"https:\/\/theinvisiblecollection.com\/fr\/wp-json\/wp\/v2\/designer_clubroom?post=81251"}],"curies":[{"name":"wp","href":"https:\/\/api.w.org\/{rel}","templated":true}]}}